{"id":129,"date":"2026-05-12T18:00:14","date_gmt":"2026-05-12T18:00:14","guid":{"rendered":"https:\/\/www.tisaneaddict.com\/?post_type=product&#038;p=129"},"modified":"2026-05-12T18:49:14","modified_gmt":"2026-05-12T18:49:14","slug":"infusao-de-silhueta-de-sultao","status":"publish","type":"product","link":"https:\/\/www.tisaneaddict.com\/pt\/produit\/infusion-silhouette-sultan\/","title":{"rendered":"Infusion Silhouette Sultan - Ch\u00e1 de ervas com hibisco, anis e caule de cereja - 20 saquetas de ch\u00e1"},"content":{"rendered":"<div style=\"max-width: 1000px; margin: 0 auto; color: #273130; font-family: Inter,Arial,sans-serif;\">\n<div style=\"margin: 0 0 22px; background: #ffffff; border: 1px solid rgba(76,93,78,0.14); border-radius: 24px; box-shadow: 0 14px 34px rgba(39,49,48,0.08); overflow: hidden;\">\n<div style=\"position: relative; padding: 56px 28px 42px; background: radial-gradient(circle at 14% 18%, rgba(255,255,255,0.14), transparent 24%),      radial-gradient(circle at 82% 24%, rgba(200,164,106,0.16), transparent 26%),      radial-gradient(circle at 50% 100%, rgba(39,49,48,0.10), transparent 28%),      linear-gradient(135deg, #2D3A2F 0%, #4C5D4E 46%, #7A8F79 100%); border-bottom: 1px solid rgba(255,255,255,0.12);\">\n<div style=\"position: absolute; inset: 0; background-image: linear-gradient(rgba(255,255,255,0.04) 1px, transparent 1px),        linear-gradient(90deg, rgba(255,255,255,0.04) 1px, transparent 1px); background-size: 42px 42px; opacity: .25; pointer-events: none;\">&nbsp;<\/div>\n<div style=\"position: relative; z-index: 1;\"><span style=\"display: inline-block; margin: 0 0 16px; padding: 8px 16px; border-radius: 999px; background: rgba(39,49,48,0.45); border: 1px solid rgba(200,164,106,0.50); color: #f5e9d1; font-size: 12px; font-weight: 800; letter-spacing: .14em; text-transform: uppercase;\">Tisana Addict - Silhueta de infus\u00e3o - Marque Sultan<\/span><\/p>\n<h2 style=\"margin: 0 0 12px; color: #f9f5ec; font-size: 42px; line-height: 1.12; font-weight: 800; letter-spacing: -0.03em;\">Sultan Silhouette Infusion<\/h2>\n<p style=\"margin: 0 0 22px; max-width: 820px; color: #eef3ec; font-size: 16px; line-height: 1.9;\">Silhouette Sultan Infusion \u00e9 uma ch\u00e1vena leve, fresca e agrad\u00e1vel para desfrutar todos os dias. A mistura apresenta hibisco, caule de cereja e anis num estilo claro e refrescante que \u00e9 f\u00e1cil de incorporar numa rotina de infus\u00e3o simples, natural e elegante.<\/p>\n<div style=\"display: flex; flex-wrap: wrap; gap: 10px;\"><span style=\"display: inline-flex; align-items: center; min-height: 40px; padding: 0 14px; border-radius: 999px; background: rgba(255,255,255,0.10); border: 1px solid rgba(245,233,209,0.35); color: #fff8ec; font-size: 14px; font-weight: bold;\">Infus\u00e3o de silhuetas<\/span> <span style=\"display: inline-flex; align-items: center; min-height: 40px; padding: 0 14px; border-radius: 999px; background: rgba(255,255,255,0.10); border: 1px solid rgba(245,233,209,0.35); color: #fff8ec; font-size: 14px; font-weight: bold;\">Hibisco<\/span> <span style=\"display: inline-flex; align-items: center; min-height: 40px; padding: 0 14px; border-radius: 999px; background: rgba(255,255,255,0.10); border: 1px solid rgba(245,233,209,0.35); color: #fff8ec; font-size: 14px; font-weight: bold;\">Cauda de cereja<\/span> <span style=\"display: inline-flex; align-items: center; min-height: 40px; padding: 0 14px; border-radius: 999px; background: rgba(255,255,255,0.10); border: 1px solid rgba(245,233,209,0.35); color: #fff8ec; font-size: 14px; font-weight: bold;\">Anis<\/span> <span style=\"display: inline-flex; align-items: center; min-height: 40px; padding: 0 14px; border-radius: 999px; background: rgba(255,255,255,0.10); border: 1px solid rgba(245,233,209,0.35); color: #fff8ec; font-size: 14px; font-weight: bold;\">20 saquetas<\/span> <span style=\"display: inline-flex; align-items: center; min-height: 40px; padding: 0 14px; border-radius: 999px; background: rgba(255,255,255,0.10); border: 1px solid rgba(245,233,209,0.35); color: #fff8ec; font-size: 14px; font-weight: bold;\">Mistura ligeira<\/span> <span style=\"display: inline-flex; align-items: center; min-height: 40px; padding: 0 14px; border-radius: 999px; background: rgba(255,255,255,0.10); border: 1px solid rgba(245,233,209,0.35); color: #fff8ec; font-size: 14px; font-weight: bold;\">Sult\u00e3o<\/span><\/div>\n<\/div>\n<\/div>\n<div style=\"padding: 34px 28px 30px; background: linear-gradient(180deg,#FFFFFF 0%, #FCFAF6 100%);\">\n<h2 style=\"margin: 0 0 14px; color: #273130; font-size: 30px; line-height: 1.18; font-weight: 800; letter-spacing: -0.02em;\">Uma infus\u00e3o de silhueta que \u00e9 fresca, clara e f\u00e1cil de desfrutar<\/h2>\n<p style=\"margin: 0; color: #5d6964; font-size: 16px; line-height: 1.92;\">L\u2019<strong>Sultan Silhouette Infusion<\/strong> seduz pelo seu universo arom\u00e1tico claro e agrad\u00e1vel. O hibisco acrescenta uma express\u00e3o floral e ligeiramente viva, o caule da cereja contribui para a personalidade herb\u00e1cea do conjunto, enquanto o anis completa o sabor com um toque subtilmente perfumado. O resultado \u00e9 uma infus\u00e3o harmoniosa, leve e muito acess\u00edvel.<\/p>\n<p style=\"margin: 14px 0 0; color: #5d6964; font-size: 16px; line-height: 1.92;\">Se procura uma infus\u00e3o com um perfil simples, elegante e f\u00e1cil de incorporar no seu dia a dia, este Sultan \u00e9 uma escolha natural para uma sele\u00e7\u00e3o Tisane Addict concebida para f\u00e3s de receitas f\u00e1ceis de ler, bem apresentadas e agrad\u00e1veis de beber em diferentes momentos do dia.<\/p>\n<div style=\"display: flex; flex-wrap: wrap; gap: 18px; margin-top: 26px;\">\n<div style=\"flex: 1 1 320px; background: linear-gradient(180deg,#FFFFFF 0%, #F8F5EF 100%); border: 1px solid rgba(76,93,78,0.14); border-radius: 18px; padding: 24px 20px; box-shadow: 0 8px 22px rgba(39,49,48,0.05);\"><span style=\"display: inline-flex; align-items: center; justify-content: center; width: 34px; height: 34px; margin-bottom: 12px; border-radius: 999px; background: rgba(76,93,78,0.10); color: #4c5d4e; font-size: 14px; font-weight: 800;\">01<\/span><\/p>\n<h3 style=\"margin: 0 0 10px; color: #273130; font-size: 18px; line-height: 1.35; font-weight: 800;\">Um conjunto imediatamente leg\u00edvel<\/h3>\n<p style=\"margin: 0; color: #5d6964; font-size: 15px; line-height: 1.82;\">Esta receita utiliza ingredientes claramente identific\u00e1veis para uma infus\u00e3o de silhuetas com um estilo claro, natural e tranquilizador.<\/p>\n<\/div>\n<div style=\"flex: 1 1 320px; background: linear-gradient(180deg,#FFFFFF 0%, #F8F5EF 100%); border: 1px solid rgba(76,93,78,0.14); border-radius: 18px; padding: 24px 20px; box-shadow: 0 8px 22px rgba(39,49,48,0.05);\"><span style=\"display: inline-flex; align-items: center; justify-content: center; width: 34px; height: 34px; margin-bottom: 12px; border-radius: 999px; background: rgba(76,93,78,0.10); color: #4c5d4e; font-size: 14px; font-weight: 800;\">02<\/span><\/p>\n<h3 style=\"margin: 0 0 10px; color: #273130; font-size: 18px; line-height: 1.35; font-weight: 800;\">Uma experi\u00eancia de degusta\u00e7\u00e3o fresca e leve<\/h3>\n<p style=\"margin: 0; color: #5d6964; font-size: 15px; line-height: 1.82;\">Hibisco, caule de cereja e anis comp\u00f5em uma ch\u00e1vena suave, agrad\u00e1vel e refrescante, concebida para beber facilmente ao longo do dia.<\/p>\n<\/div>\n<div style=\"flex: 1 1 320px; background: linear-gradient(180deg,#FFFFFF 0%, #F8F5EF 100%); border: 1px solid rgba(76,93,78,0.14); border-radius: 18px; padding: 24px 20px; box-shadow: 0 8px 22px rgba(39,49,48,0.05);\"><span style=\"display: inline-flex; align-items: center; justify-content: center; width: 34px; height: 34px; margin-bottom: 12px; border-radius: 999px; background: rgba(76,93,78,0.10); color: #4c5d4e; font-size: 14px; font-weight: 800;\">03<\/span><\/p>\n<h3 style=\"margin: 0 0 10px; color: #273130; font-size: 18px; line-height: 1.35; font-weight: 800;\">Um formato pr\u00e1tico para uso quotidiano<\/h3>\n<p style=\"margin: 0; color: #5d6964; font-size: 15px; line-height: 1.82;\">Embalagem em <strong>20 saquetas<\/strong> simplifica a prepara\u00e7\u00e3o, para que possa desfrutar rapidamente de uma infus\u00e3o agrad\u00e1vel e sem complica\u00e7\u00f5es.<\/p>\n<\/div>\n<div style=\"flex: 1 1 320px; background: linear-gradient(180deg,#FFFFFF 0%, #F8F5EF 100%); border: 1px solid rgba(76,93,78,0.14); border-radius: 18px; padding: 24px 20px; box-shadow: 0 8px 22px rgba(39,49,48,0.05);\"><span style=\"display: inline-flex; align-items: center; justify-content: center; width: 34px; height: 34px; margin-bottom: 12px; border-radius: 999px; background: rgba(76,93,78,0.10); color: #4c5d4e; font-size: 14px; font-weight: 800;\">04<\/span><\/p>\n<h3 style=\"margin: 0 0 10px; color: #273130; font-size: 18px; line-height: 1.35; font-weight: 800;\">Uma refer\u00eancia coerente com o universo Sultan<\/h3>\n<p style=\"margin: 0; color: #5d6964; font-size: 15px; line-height: 1.82;\">Esta infus\u00e3o de silhuetas inscreve-se numa l\u00f3gica de produto clara, com uma identidade acess\u00edvel e uma promessa de degusta\u00e7\u00e3o simples e regular.<\/p>\n<\/div>\n<\/div>\n<\/div>\n<\/div>\n<div style=\"margin: 0 0 22px; background: #ffffff; border: 1px solid rgba(76,93,78,0.14); border-radius: 24px; box-shadow: 0 14px 34px rgba(39,49,48,0.08); overflow: hidden;\">\n<div style=\"padding: 34px 28px 30px; background: linear-gradient(180deg,#FFFFFF 0%, #FCFAF6 100%);\">\n<h2 style=\"margin: 0 0 14px; color: #273130; font-size: 30px; line-height: 1.18; font-weight: 800; letter-spacing: -0.02em;\">Porque \u00e9 que a Tisane Addict selecionou Infusion Silhouette Sultan<\/h2>\n<p style=\"margin: 0; color: #5d6964; font-size: 16px; line-height: 1.92;\">Na Tisane Addict, concentramo-nos em produtos que sejam f\u00e1ceis de ler, agrad\u00e1veis de provar e visualmente consistentes. <strong>Sultan Silhouette Infusion<\/strong> responde a esta l\u00f3gica com uma receita f\u00e1cil de compreender, uma identidade arom\u00e1tica fresca e um formato pr\u00e1tico que responde \u00e0s expectativas dos clientes que procuram infus\u00f5es f\u00e1ceis de adotar.<\/p>\n<p style=\"margin: 14px 0 0; color: #5d6964; font-size: 16px; line-height: 1.92;\">O seu perfil leve e refrescante torna-o uma adi\u00e7\u00e3o interessante a uma gama variada de infus\u00f5es, mantendo-se acess\u00edvel, natural e elegante.<\/p>\n<div style=\"display: flex; flex-wrap: wrap; gap: 18px; margin-top: 22px;\">\n<div style=\"flex: 1 1 320px; background: #F3EEE5; border: 1px solid rgba(200,164,106,0.18); border-radius: 18px; padding: 24px 20px; text-align: center;\"><span style=\"display: block; margin: 0 0 8px; color: #273130; font-size: 18px; font-weight: 800;\">Aspeto<\/span><\/p>\n<p style=\"margin: 0; color: #6a746e; font-size: 15px; line-height: 1.8;\">Uma infus\u00e3o com um posicionamento claro, concebida para uma leitura imediata e tranquilizadora do produto.<\/p>\n<\/div>\n<div style=\"flex: 1 1 320px; background: #F3EEE5; border: 1px solid rgba(200,164,106,0.18); border-radius: 18px; padding: 24px 20px; text-align: center;\"><span style=\"display: block; margin: 0 0 8px; color: #273130; font-size: 18px; font-weight: 800;\">Gosto<\/span><\/p>\n<p style=\"margin: 0; color: #6a746e; font-size: 15px; line-height: 1.8;\">Um perfil floral, fresco e ligeiramente anisado, agrad\u00e1vel para um consumo quotidiano ligeiro.<\/p>\n<\/div>\n<div style=\"flex: 1 1 320px; background: #F3EEE5; border: 1px solid rgba(200,164,106,0.18); border-radius: 18px; padding: 24px 20px; text-align: center;\"><span style=\"display: block; margin: 0 0 8px; color: #273130; font-size: 18px; font-weight: 800;\">Estilo<\/span><\/p>\n<p style=\"margin: 0; color: #6a746e; font-size: 15px; line-height: 1.8;\">Uma infus\u00e3o f\u00e1cil de adotar, adequada aos adeptos de bebidas quentes naturais e bem apresentadas.<\/p>\n<\/div>\n<div style=\"flex: 1 1 320px; background: #F3EEE5; border: 1px solid rgba(200,164,106,0.18); border-radius: 18px; padding: 24px 20px; text-align: center;\"><span style=\"display: block; margin: 0 0 8px; color: #273130; font-size: 18px; font-weight: 800;\">Composi\u00e7\u00e3o<\/span><\/p>\n<p style=\"margin: 0; color: #6a746e; font-size: 15px; line-height: 1.8;\">Uma receita \u00e0 base de hibisco (<em>Hibisco sabdariffa<\/em>), caule de cereja e anis, num equil\u00edbrio agrad\u00e1vel e suave.<\/p>\n<\/div>\n<\/div>\n<\/div>\n<\/div>\n<div style=\"margin: 0 0 22px; background: #ffffff; border: 1px solid rgba(76,93,78,0.14); border-radius: 24px; box-shadow: 0 14px 34px rgba(39,49,48,0.08); overflow: hidden;\">\n<div style=\"padding: 34px 28px 30px; background: linear-gradient(180deg,#FFFFFF 0%, #FCFAF6 100%);\">\n<h2 style=\"margin: 0 0 14px; color: #273130; font-size: 30px; line-height: 1.18; font-weight: 800; letter-spacing: -0.02em;\">Como desfrutar diariamente desta infus\u00e3o de silhueta<\/h2>\n<p style=\"margin: 0; color: #5d6964; font-size: 16px; line-height: 1.92;\">O atrativo do Infusion Silhouette Sultan reside tamb\u00e9m na sua versatilidade. O seu perfil fresco e leve facilita a sua utiliza\u00e7\u00e3o em diferentes alturas do dia, tornando-o simples de preparar e sempre agrad\u00e1vel de beber.<\/p>\n<div style=\"display: flex; flex-wrap: wrap; gap: 16px; margin-top: 24px;\">\n<div style=\"flex: 1 1 220px; background: #FFFFFF; border: 1px solid rgba(76,93,78,0.14); border-radius: 16px; padding: 20px 18px; text-align: center; box-shadow: 0 6px 18px rgba(39,49,48,0.04);\">\n<h3 style=\"margin: 0 0 8px; color: #273130; font-size: 16px; line-height: 1.35; font-weight: 800;\">Numa ch\u00e1vena quente<\/h3>\n<p style=\"margin: 0; color: #5d6964; font-size: 14px; line-height: 1.75;\">Para redescobrir plenamente o sabor floral e ligeiramente anisado da receita.<\/p>\n<\/div>\n<div style=\"flex: 1 1 220px; background: #FFFFFF; border: 1px solid rgba(76,93,78,0.14); border-radius: 16px; padding: 20px 18px; text-align: center; box-shadow: 0 6px 18px rgba(39,49,48,0.04);\">\n<h3 style=\"margin: 0 0 8px; color: #273130; font-size: 16px; line-height: 1.35; font-weight: 800;\">Pausa de um dia<\/h3>\n<p style=\"margin: 0; color: #5d6964; font-size: 14px; line-height: 1.75;\">Uma op\u00e7\u00e3o agrad\u00e1vel para acompanhar um momento tranquilo ou um interl\u00fadio mais suave.<\/p>\n<\/div>\n<div style=\"flex: 1 1 220px; background: #FFFFFF; border: 1px solid rgba(76,93,78,0.14); border-radius: 16px; padding: 20px 18px; text-align: center; box-shadow: 0 6px 18px rgba(39,49,48,0.04);\">\n<h3 style=\"margin: 0 0 8px; color: #273130; font-size: 16px; line-height: 1.35; font-weight: 800;\">Vers\u00e3o quente<\/h3>\n<p style=\"margin: 0; color: #5d6964; font-size: 14px; line-height: 1.75;\">Uma forma simples de apreciar o seu perfil refrescante numa degusta\u00e7\u00e3o mais leve.<\/p>\n<\/div>\n<div style=\"flex: 1 1 220px; background: #FFFFFF; border: 1px solid rgba(76,93,78,0.14); border-radius: 16px; padding: 20px 18px; text-align: center; box-shadow: 0 6px 18px rgba(39,49,48,0.04);\">\n<h3 style=\"margin: 0 0 8px; color: #273130; font-size: 16px; line-height: 1.35; font-weight: 800;\">Uma rotina de prazer<\/h3>\n<p style=\"margin: 0; color: #5d6964; font-size: 14px; line-height: 1.75;\">Uma infus\u00e3o simples, natural e regular que \u00e9 f\u00e1cil de incorporar na sua rotina di\u00e1ria.<\/p>\n<\/div>\n<\/div>\n<\/div>\n<\/div>\n<div style=\"margin: 0 0 22px; background: #ffffff; border: 1px solid rgba(76,93,78,0.14); border-radius: 24px; box-shadow: 0 14px 34px rgba(39,49,48,0.08); overflow: hidden;\">\n<div style=\"padding: 34px 28px 30px; background: linear-gradient(180deg,#FFFFFF 0%, #FCFAF6 100%);\">\n<h2 style=\"margin: 0 0 14px; color: #273130; font-size: 30px; line-height: 1.18; font-weight: 800; letter-spacing: -0.02em;\">Refer\u00eancias de produtos<\/h2>\n<div style=\"margin-top: 22px; display: flex; flex-direction: column; gap: 12px;\">\n<div style=\"background: #FFFFFF; border: 1px solid rgba(76,93,78,0.14); border-radius: 16px; overflow: hidden; box-shadow: 0 8px 22px rgba(39,49,48,0.05);\">\n<div style=\"padding: 12px 16px; background: #F8F5EF; color: #273130; font-weight: 800; font-size: 14px; letter-spacing: .03em; text-transform: uppercase;\">Nome do produto<\/div>\n<div style=\"padding: 12px 16px; color: #5d6964; font-size: 15px; line-height: 1.7;\">Infus\u00e3o de silhuetas<\/div>\n<\/div>\n<div style=\"background: #FFFFFF; border: 1px solid rgba(76,93,78,0.14); border-radius: 16px; overflow: hidden; box-shadow: 0 8px 22px rgba(39,49,48,0.05);\">\n<div style=\"padding: 12px 16px; background: #F8F5EF; color: #273130; font-weight: 800; font-size: 14px; letter-spacing: .03em; text-transform: uppercase;\">Marca<\/div>\n<div style=\"padding: 12px 16px; color: #5d6964; font-size: 15px; line-height: 1.7;\">Sult\u00e3o<\/div>\n<\/div>\n<div style=\"background: #FFFFFF; border: 1px solid rgba(76,93,78,0.14); border-radius: 16px; overflow: hidden; box-shadow: 0 8px 22px rgba(39,49,48,0.05);\">\n<div style=\"padding: 12px 16px; background: #F8F5EF; color: #273130; font-weight: 800; font-size: 14px; letter-spacing: .03em; text-transform: uppercase;\">Tipo<\/div>\n<div style=\"padding: 12px 16px; color: #5d6964; font-size: 15px; line-height: 1.7;\">Infus\u00e3o de Silhouette \/ Ch\u00e1 de ervas arom\u00e1ticas<\/div>\n<\/div>\n<div style=\"background: #FFFFFF; border: 1px solid rgba(76,93,78,0.14); border-radius: 16px; overflow: hidden; box-shadow: 0 8px 22px rgba(39,49,48,0.05);\">\n<div style=\"padding: 12px 16px; background: #F8F5EF; color: #273130; font-weight: 800; font-size: 14px; letter-spacing: .03em; text-transform: uppercase;\">Perfil arom\u00e1tico<\/div>\n<div style=\"padding: 12px 16px; color: #5d6964; font-size: 15px; line-height: 1.7;\">Floral, fresco, ligeiramente anisado, com um agrad\u00e1vel fundo herb\u00e1ceo<\/div>\n<\/div>\n<div style=\"background: #FFFFFF; border: 1px solid rgba(76,93,78,0.14); border-radius: 16px; overflow: hidden; box-shadow: 0 8px 22px rgba(39,49,48,0.05);\">\n<div style=\"padding: 12px 16px; background: #F8F5EF; color: #273130; font-weight: 800; font-size: 14px; letter-spacing: .03em; text-transform: uppercase;\">Composi\u00e7\u00e3o<\/div>\n<div style=\"padding: 12px 16px; color: #5d6964; font-size: 15px; line-height: 1.7;\">Hibisco (<em>Hibisco sabdariffa<\/em>), caule de cereja, anis<\/div>\n<\/div>\n<div style=\"background: #FFFFFF; border: 1px solid rgba(76,93,78,0.14); border-radius: 16px; overflow: hidden; box-shadow: 0 8px 22px rgba(39,49,48,0.05);\">\n<div style=\"padding: 12px 16px; background: #F8F5EF; color: #273130; font-weight: 800; font-size: 14px; letter-spacing: .03em; text-transform: uppercase;\">Formato<\/div>\n<div style=\"padding: 12px 16px; color: #5d6964; font-size: 15px; line-height: 1.7;\">20 saquetas<\/div>\n<\/div>\n<div style=\"background: #FFFFFF; border: 1px solid rgba(76,93,78,0.14); border-radius: 16px; overflow: hidden; box-shadow: 0 8px 22px rgba(39,49,48,0.05);\">\n<div style=\"padding: 12px 16px; background: #F8F5EF; color: #273130; font-weight: 800; font-size: 14px; letter-spacing: .03em; text-transform: uppercase;\">Tamb\u00e9m vale a pena descobrir<\/div>\n<div style=\"padding: 12px 16px; color: #5d6964; font-size: 15px; line-height: 1.7;\"><a style=\"color: #4c5d4e; font-weight: bold; text-decoration: underline;\" href=\"https:\/\/www.tisaneaddict.com\/pt\/produto\/infusao-de-verbena-do-sultao\/\">Verbena pura Sultan<\/a><\/div>\n<\/div>\n<\/div>\n<\/div>\n<\/div>\n<div style=\"margin: 0 0 22px; background: linear-gradient(180deg,#FFFFFF 0%, #FCFAF6 100%); border: 1px solid rgba(76,93,78,0.14); border-radius: 24px; box-shadow: 0 14px 34px rgba(39,49,48,0.08); padding: 30px 24px;\" itemscope=\"\" itemtype=\"https:\/\/schema.org\/FAQPage\">\n<h2 style=\"margin: 0 0 14px; color: #273130; font-size: 30px; line-height: 1.18; font-weight: 800; letter-spacing: -0.02em;\">Perguntas frequentes - Sultan Silhouette Infusion<\/h2>\n<div style=\"background: #fff; border: 1px solid rgba(76,93,78,0.14); border-left: 4px solid #4C5D4E; border-radius: 16px; padding: 20px;\" itemprop=\"mainEntity\" itemscope=\"\" itemtype=\"https:\/\/schema.org\/Question\">\n<h3 style=\"margin: 0 0 8px; color: #273130; font-size: 18px; line-height: 1.45; font-weight: 800;\" itemprop=\"name\">O que \u00e9 o Sultan Silhouette Infusion?<\/h3>\n<div itemprop=\"acceptedAnswer\" itemscope=\"\" itemtype=\"https:\/\/schema.org\/Answer\">\n<p style=\"margin: 0; color: #5d6964; font-size: 16px; line-height: 1.92;\" itemprop=\"text\">Infusion Silhouette Sultan \u00e9 uma infus\u00e3o em saquetas com um perfil leve e refrescante. Apresenta uma mistura de hibisco, caule de cereja e anis, num produto simples, claro e agrad\u00e1vel para uso quotidiano.<\/p>\n<\/div>\n<\/div>\n<div style=\"height: 14px;\">&nbsp;<\/div>\n<div style=\"background: #fff; border: 1px solid rgba(76,93,78,0.14); border-left: 4px solid #4C5D4E; border-radius: 16px; padding: 20px;\" itemprop=\"mainEntity\" itemscope=\"\" itemtype=\"https:\/\/schema.org\/Question\">\n<h3 style=\"margin: 0 0 8px; color: #273130; font-size: 18px; line-height: 1.45; font-weight: 800;\" itemprop=\"name\">Quais s\u00e3o os ingredientes desta infus\u00e3o adelga\u00e7ante?<\/h3>\n<div itemprop=\"acceptedAnswer\" itemscope=\"\" itemtype=\"https:\/\/schema.org\/Answer\">\n<p style=\"margin: 0; color: #5d6964; font-size: 16px; line-height: 1.92;\" itemprop=\"text\">A composi\u00e7\u00e3o apresentada nesta refer\u00eancia inclui hibisco, caule de cereja e anis. Em conjunto, criam uma ch\u00e1vena fresca, herb\u00e1cea e ligeiramente perfumada.<\/p>\n<\/div>\n<\/div>\n<div style=\"height: 14px;\">&nbsp;<\/div>\n<div style=\"background: #fff; border: 1px solid rgba(76,93,78,0.14); border-left: 4px solid #4C5D4E; border-radius: 16px; padding: 20px;\" itemprop=\"mainEntity\" itemscope=\"\" itemtype=\"https:\/\/schema.org\/Question\">\n<h3 style=\"margin: 0 0 8px; color: #273130; font-size: 18px; line-height: 1.45; font-weight: 800;\" itemprop=\"name\">Qual \u00e9 o sabor do Sultan Silhouette Infusion?<\/h3>\n<div itemprop=\"acceptedAnswer\" itemscope=\"\" itemtype=\"https:\/\/schema.org\/Answer\">\n<p style=\"margin: 0; color: #5d6964; font-size: 16px; line-height: 1.92;\" itemprop=\"text\">Esta infus\u00e3o tem um perfil floral, fresco e ligeiramente anisado. \u00c9 suave, leve e agrad\u00e1vel de beber, o que a torna f\u00e1cil de desfrutar ao longo do dia.<\/p>\n<\/div>\n<\/div>\n<div style=\"height: 14px;\">&nbsp;<\/div>\n<div style=\"background: #fff; border: 1px solid rgba(76,93,78,0.14); border-left: 4px solid #4C5D4E; border-radius: 16px; padding: 20px;\" itemprop=\"mainEntity\" itemscope=\"\" itemtype=\"https:\/\/schema.org\/Question\">\n<h3 style=\"margin: 0 0 8px; color: #273130; font-size: 18px; line-height: 1.45; font-weight: 800;\" itemprop=\"name\">Quando utilizar esta tisana adelga\u00e7ante?<\/h3>\n<div itemprop=\"acceptedAnswer\" itemscope=\"\" itemtype=\"https:\/\/schema.org\/Answer\">\n<p style=\"margin: 0; color: #5d6964; font-size: 16px; line-height: 1.92;\" itemprop=\"text\">O seu estilo leve facilita a sua utiliza\u00e7\u00e3o em diferentes momentos do dia, como ch\u00e1vena quente, como pausa no dia, como vers\u00e3o quente ou como parte de uma rotina de infus\u00e3o simples e regular.<\/p>\n<\/div>\n<\/div>\n<div style=\"height: 14px;\">&nbsp;<\/div>\n<div style=\"background: #fff; border: 1px solid rgba(76,93,78,0.14); border-left: 4px solid #4C5D4E; border-radius: 16px; padding: 20px;\" itemprop=\"mainEntity\" itemscope=\"\" itemtype=\"https:\/\/schema.org\/Question\">\n<h3 style=\"margin: 0 0 8px; color: #273130; font-size: 18px; line-height: 1.45; font-weight: 800;\" itemprop=\"name\">O formato de 20 sacos \u00e9 pr\u00e1tico para a utiliza\u00e7\u00e3o quotidiana?<\/h3>\n<div itemprop=\"acceptedAnswer\" itemscope=\"\" itemtype=\"https:\/\/schema.org\/Answer\">\n<p style=\"margin: 0; color: #5d6964; font-size: 16px; line-height: 1.92;\" itemprop=\"text\">Sim, o formato de 20 sacos facilita a prepara\u00e7\u00e3o e permite uma utiliza\u00e7\u00e3o simples, r\u00e1pida e regular. Trata-se de um formato de f\u00e1cil leitura, adequado ao consumo quotidiano e sem constrangimentos.<\/p>\n<\/div>\n<\/div>\n<div style=\"height: 14px;\">&nbsp;<\/div>\n<div style=\"background: #fff; border: 1px solid rgba(76,93,78,0.14); border-left: 4px solid #4C5D4E; border-radius: 16px; padding: 20px;\" itemprop=\"mainEntity\" itemscope=\"\" itemtype=\"https:\/\/schema.org\/Question\">\n<h3 style=\"margin: 0 0 8px; color: #273130; font-size: 18px; line-height: 1.45; font-weight: 800;\" itemprop=\"name\">Porqu\u00ea descobrir Pure Verveine Sultan?<\/h3>\n<div itemprop=\"acceptedAnswer\" itemscope=\"\" itemtype=\"https:\/\/schema.org\/Answer\">\n<p style=\"margin: 0; color: #5d6964; font-size: 16px; line-height: 1.92;\" itemprop=\"text\">Pure Verveine Sultan pode interessar aos f\u00e3s do universo Sultan que procuram uma outra express\u00e3o arom\u00e1tica, numa gama igualmente clara, natural e f\u00e1cil de adotar no dia a dia.<\/p>\n<\/div>\n<\/div>\n<\/div>\n<\/div>","protected":false},"excerpt":{"rendered":"<p><strong>Sultan Silhouette Infusion<\/strong> \u00e9 uma infus\u00e3o leve e refrescante que combina <strong>hibisco<\/strong>, <strong>caule de cerejeira<\/strong> e <strong>anis<\/strong>. Uma receita agrad\u00e1vel para saborear todos os dias, com um sabor floral, fresco e ligeiramente anisado. <strong>Formato: 20 saquetas<\/strong>.<\/p>","protected":false},"featured_media":130,"template":"","meta":[],"product_brand":[],"product_cat":[15],"product_tag":[],"class_list":{"0":"post-129","1":"product","2":"type-product","3":"status-publish","4":"has-post-thumbnail","6":"product_cat-the-tisane-sultan","8":"first","9":"outofstock","10":"shipping-taxable","11":"purchasable","12":"product-type-simple"},"_links":{"self":[{"href":"https:\/\/www.tisaneaddict.com\/pt\/wp-json\/wp\/v2\/product\/129","targetHints":{"allow":["GET"]}}],"collection":[{"href":"https:\/\/www.tisaneaddict.com\/pt\/wp-json\/wp\/v2\/product"}],"about":[{"href":"https:\/\/www.tisaneaddict.com\/pt\/wp-json\/wp\/v2\/types\/product"}],"wp:featuredmedia":[{"embeddable":true,"href":"https:\/\/www.tisaneaddict.com\/pt\/wp-json\/wp\/v2\/media\/130"}],"wp:attachment":[{"href":"https:\/\/www.tisaneaddict.com\/pt\/wp-json\/wp\/v2\/media?parent=129"}],"wp:term":[{"taxonomy":"product_brand","embeddable":true,"href":"https:\/\/www.tisaneaddict.com\/pt\/wp-json\/wp\/v2\/product_brand?post=129"},{"taxonomy":"product_cat","embeddable":true,"href":"https:\/\/www.tisaneaddict.com\/pt\/wp-json\/wp\/v2\/product_cat?post=129"},{"taxonomy":"product_tag","embeddable":true,"href":"https:\/\/www.tisaneaddict.com\/pt\/wp-json\/wp\/v2\/product_tag?post=129"}],"curies":[{"name":"wp","href":"https:\/\/api.w.org\/{rel}","templated":true}]}}