{"id":54,"date":"2026-04-15T19:09:40","date_gmt":"2026-04-15T19:09:40","guid":{"rendered":"https:\/\/www.tisaneaddict.com\/?page_id=54"},"modified":"2026-04-15T19:09:42","modified_gmt":"2026-04-15T19:09:42","slug":"mapa-do-sitio","status":"publish","type":"page","link":"https:\/\/www.tisaneaddict.com\/pt\/plan-du-site\/","title":{"rendered":"Mapa do s\u00edtio"},"content":{"rendered":"<h1 class=\"wp-block-heading\">Mapa do s\u00edtio<\/h1>\n\n\n\n<div class=\"wsp-container\"><h2 class=\"wsp-pages-title\">Pages<\/h2>\n<ul class=\"wsp-pages-list\">\n<li class=\"page_item page-item-86\"><a href=\"https:\/\/www.tisaneaddict.com\/pt\/a-propos-qui-sommes-nous\/\">Sobre n\u00f3s - Quem somos?<\/a><\/li>\n<li class=\"page_item page-item-21\"><a href=\"https:\/\/www.tisaneaddict.com\/pt\/boutique\/\">Loja<\/a><\/li>\n<li class=\"page_item page-item-25\"><a href=\"https:\/\/www.tisaneaddict.com\/pt\/cgv\/\">Condi\u00e7\u00f5es gerais de venda<\/a><\/li>\n<li class=\"page_item page-item-75\"><a href=\"https:\/\/www.tisaneaddict.com\/pt\/contactez-nous\/\">Contactar-nos<\/a><\/li>\n<li class=\"page_item page-item-45\"><a href=\"https:\/\/www.tisaneaddict.com\/pt\/marques-de-thes-et-tisanes\/\">Marcas de ch\u00e1s e tisanas: A melhor sele\u00e7\u00e3o por Tisane Addict<\/a><\/li>\n<li class=\"page_item page-item-100\"><a href=\"https:\/\/www.tisaneaddict.com\/pt\/mentions-legales\/\">Informa\u00e7\u00e3o jur\u00eddica<\/a><\/li>\n<li class=\"page_item page-item-24\"><a href=\"https:\/\/www.tisaneaddict.com\/pt\/mon-compte\/\">A minha conta<\/a><\/li>\n<li class=\"page_item page-item-47\"><a href=\"https:\/\/www.tisaneaddict.com\/pt\/origines-des-tisanes\/\">As origens dos ch\u00e1s de ervas: tradi\u00e7\u00f5es, culturas e inspira\u00e7\u00f5es de todo o mundo<\/a><\/li>\n<li class=\"page_item page-item-22\"><a href=\"https:\/\/www.tisaneaddict.com\/pt\/panier\/\">Cesto<\/a><\/li>\n<li class=\"page_item page-item-54\"><a href=\"https:\/\/www.tisaneaddict.com\/pt\/plan-du-site\/\">Mapa do s\u00edtio<\/a><\/li>\n<li class=\"page_item page-item-2\"><a href=\"https:\/\/www.tisaneaddict.com\/pt\/\">Tisane Addict: A loja online especializada em ch\u00e1s de ervas e ch\u00e1s<\/a><\/li>\n<li class=\"page_item page-item-3\"><a href=\"https:\/\/www.tisaneaddict.com\/pt\/politique-de-confidentialite\/\">UTILIZA\u00c7\u00c3O DOS DADOS PESSOAIS RECOLHIDOS<\/a><\/li>\n<li class=\"page_item page-item-23\"><a href=\"https:\/\/www.tisaneaddict.com\/pt\/commander\/\">Valida\u00e7\u00e3o da ordem<\/a><\/li>\n<\/ul>\n<h2 class=\"wsp-products-title\">Produtos<\/h2>\n<ul class=\"wsp-products-list\">\n<li><a href=\"https:\/\/www.tisaneaddict.com\/pt\/produit\/infusion-silhouette-sultan\/\">Infusion Silhouette Sultan - Ch\u00e1 de ervas de hibisco, anis e caule de cereja - 20 saquetas de ch\u00e1<\/a><\/li>\n<li><a href=\"https:\/\/www.tisaneaddict.com\/pt\/produit\/infusion-verveine-sultan\/\">Pure Verveine Sultan - Ch\u00e1 de Ervas de Verbena Natural 100% - 20 saquetas de ch\u00e1<\/a><\/li>\n<\/ul>\n<h2 class=\"wsp-product_cats-title\">Categorias de produtos<\/h2>\n<ul class=\"wsp-product_cats-list\">\n<li><a href=\"https:\/\/www.tisaneaddict.com\/pt\/categorie-produit\/the-tisane-sultan\/\">Ch\u00e1 do Sult\u00e3o e ch\u00e1 de ervas<\/a><\/li>\n<\/ul>\n<\/div>","protected":false},"excerpt":{"rendered":"<p>Mapa do s\u00edtio<\/p>","protected":false},"author":1,"featured_media":0,"parent":0,"menu_order":0,"comment_status":"closed","ping_status":"closed","template":"","meta":{"footnotes":""},"class_list":["post-54","page","type-page","status-publish","hentry"],"_links":{"self":[{"href":"https:\/\/www.tisaneaddict.com\/pt\/wp-json\/wp\/v2\/pages\/54","targetHints":{"allow":["GET"]}}],"collection":[{"href":"https:\/\/www.tisaneaddict.com\/pt\/wp-json\/wp\/v2\/pages"}],"about":[{"href":"https:\/\/www.tisaneaddict.com\/pt\/wp-json\/wp\/v2\/types\/page"}],"author":[{"embeddable":true,"href":"https:\/\/www.tisaneaddict.com\/pt\/wp-json\/wp\/v2\/users\/1"}],"replies":[{"embeddable":true,"href":"https:\/\/www.tisaneaddict.com\/pt\/wp-json\/wp\/v2\/comments?post=54"}],"version-history":[{"count":1,"href":"https:\/\/www.tisaneaddict.com\/pt\/wp-json\/wp\/v2\/pages\/54\/revisions"}],"predecessor-version":[{"id":55,"href":"https:\/\/www.tisaneaddict.com\/pt\/wp-json\/wp\/v2\/pages\/54\/revisions\/55"}],"wp:attachment":[{"href":"https:\/\/www.tisaneaddict.com\/pt\/wp-json\/wp\/v2\/media?parent=54"}],"curies":[{"name":"wp","href":"https:\/\/api.w.org\/{rel}","templated":true}]}}