{"id":100,"date":"2026-04-21T16:01:52","date_gmt":"2026-04-21T16:01:52","guid":{"rendered":"https:\/\/www.tisaneaddict.com\/?page_id=100"},"modified":"2026-04-21T16:01:53","modified_gmt":"2026-04-21T16:01:53","slug":"informacao-juridica","status":"publish","type":"page","link":"https:\/\/www.tisaneaddict.com\/pt\/mentions-legales\/","title":{"rendered":"Informa\u00e7\u00e3o jur\u00eddica"},"content":{"rendered":"<h1 class=\"wp-block-heading\">Informa\u00e7\u00e3o jur\u00eddica<\/h1>\n\n\n\n<h2 class=\"wp-block-heading\" id=\"h-informations-legales\">Informa\u00e7\u00e3o jur\u00eddica<\/h2>\n\n\n\n<h3 class=\"wp-block-heading\" id=\"h-1-presentation-du-site\">1. Apresenta\u00e7\u00e3o do s\u00edtio.<\/h3>\n\n\n\n<p>Em conformidade com o artigo 6 da lei francesa n.\u00ba 2004-575 de 21 de junho de 2004 relativa \u00e0 confian\u00e7a na economia digital, os utilizadores do site https:\/\/www.tisaneaddict.com\/ s\u00e3o informados da identidade dos diferentes intervenientes na sua cria\u00e7\u00e3o e acompanhamento:<\/p>\n\n\n\n<p><strong>Propriet\u00e1rio<\/strong>\u00a0Fahim El Bouhamdi. Negociante \u00fanico. Siret: 791618408.<br><strong>Criador<\/strong>\u00a0: https:\/\/www.tisaneaddict.com\/<br><strong>Respons\u00e1vel pela publica\u00e7\u00e3o<\/strong>\u00a0: https:\/\/www.tisaneaddict.com\/<br>A pessoa respons\u00e1vel pela publica\u00e7\u00e3o \u00e9 uma pessoa singular ou uma entidade jur\u00eddica.<br><strong>Webmaster<\/strong>\u00a0https:\/\/www.tisaneaddict.com\/ - contact@tisaneaddict.com<br><strong>Anfitri\u00e3o<\/strong>\u00a0o2switch.<\/p>\n\n\n\n<p>Para mais informa\u00e7\u00f5es, consultar\u00ab\u00a0<a href=\"https:\/\/www.tisaneaddict.com\/pt\/sobre-nos-quem-somos\/\" data-type=\"link\" data-id=\"https:\/\/www.tisaneaddict.com\/a-propos-qui-sommes-nous\/\">Para<\/a>s\u00ab .<\/p>\n\n\n\n<h3 class=\"wp-block-heading\" id=\"h-2-conditions-generales-d-utilisation-du-site-et-des-services-proposes\">2. Condi\u00e7\u00f5es gerais de utiliza\u00e7\u00e3o do s\u00edtio e dos servi\u00e7os propostos.<\/h3>\n\n\n\n<p>A utiliza\u00e7\u00e3o do s\u00edtio Web https:\/\/www.tisaneaddict.com\/ implica a plena aceita\u00e7\u00e3o das condi\u00e7\u00f5es gerais de utiliza\u00e7\u00e3o abaixo indicadas. Estas condi\u00e7\u00f5es de utiliza\u00e7\u00e3o podem ser alteradas ou complementadas a qualquer momento, pelo que se aconselha os utilizadores do s\u00edtio Web https:\/\/www.tisaneaddict.com\/ a consult\u00e1-las regularmente.<\/p>\n\n\n\n<p>Este s\u00edtio est\u00e1 normalmente acess\u00edvel aos utilizadores em qualquer momento. No entanto, o https:\/\/www.tisaneaddict.com\/ pode decidir interromper o s\u00edtio para fins de manuten\u00e7\u00e3o t\u00e9cnica, caso em que se esfor\u00e7ar\u00e1 por informar antecipadamente os utilizadores das datas e horas da interven\u00e7\u00e3o.<\/p>\n\n\n\n<p>O s\u00edtio https:\/\/www.tisaneaddict.com\/ \u00e9 atualizado regularmente por https:\/\/www.tisaneaddict.com\/. Do mesmo modo, os avisos legais podem ser modificados a qualquer momento: s\u00e3o, no entanto, vinculativos para o utilizador, que \u00e9 convidado a consult\u00e1-los com a maior frequ\u00eancia poss\u00edvel para os ler.<\/p>\n\n\n\n<h3 class=\"wp-block-heading\" id=\"h-3-nbsp-enregistrement-et-validation-de-commande\">3 - REGISTO E VALIDA\u00c7\u00c3O DA ENCOMENDA<\/h3>\n\n\n\n<h4 class=\"wp-block-heading\" id=\"h-3-1-navigation-a-l-interieur-du-site\">3.1 Navega\u00e7\u00e3o no s\u00edtio<\/h4>\n\n\n\n<p>O Utilizador pode informar-se sobre os v\u00e1rios Produtos propostos para venda por https:\/\/www.tisaneaddict.com\/ no seu S\u00edtio.<br>O Utilizador pode navegar livremente pelas diferentes p\u00e1ginas do S\u00edtio sem estar vinculado a qualquer ordem.<\/p>\n\n\n\n<h4 class=\"wp-block-heading\" id=\"h-3-2-enregistrement-nbsp-d-une-commande\">3.2 Registo de uma encomenda<\/h4>\n\n\n\n<p>Se o Utilizador desejar efetuar uma encomenda, selecionar\u00e1 os diferentes Produtos em que est\u00e1 interessado e manifestar\u00e1 esse interesse clicando no \u00edcone \u00abcesto de compras\u00bb.<br>O Utilizador pode, em qualquer altura:<\/p>\n\n\n\n<ul class=\"wp-block-list\">\n<li>obter um resumo dos produtos que selecionou, clicando no cesto.<\/li>\n\n\n\n<li>continuar ou modificar a sua sele\u00e7\u00e3o de produtos clicando em \u201cContinuar a comprar\u201d.<\/li>\n\n\n\n<li>completar a sua sele\u00e7\u00e3o de produtos e encomendar esses produtos clicando em \u201cProceder ao pagamento\u201d.<\/li>\n<\/ul>\n\n\n\n<p>Para encomendar os Produtos que escolheu, depois de clicar em \u201cProceder ao pagamento\u201d, o Utilizador deve identificar-se introduzindo o seu endere\u00e7o de correio eletr\u00f3nico e a palavra-passe que escolheu ao criar a sua conta ou, se se tratar da sua primeira encomenda, clicando em \u00abCriar uma conta\u00bb. Neste \u00faltimo caso, o Utilizador deve preencher corretamente o formul\u00e1rio fornecido, no qual deve incluir as informa\u00e7\u00f5es necess\u00e1rias \u00e0 sua identifica\u00e7\u00e3o, nomeadamente o seu apelido, nome pr\u00f3prio e endere\u00e7o postal. Al\u00e9m disso, o Utilizador deve indicar o seu endere\u00e7o de correio eletr\u00f3nico e uma palavra-passe \u00e0 sua escolha, que ser\u00e1 pessoal e confidencial e de que necessitar\u00e1 para se identificar posteriormente no S\u00edtio.<br>O Utilizador \u00e9 informado e aceita que a introdu\u00e7\u00e3o destes dois identificadores constitui prova da sua identidade e exprime o seu consentimento.<br>Uma vez identificado o Utilizador, este deve validar o endere\u00e7o de entrega e um formul\u00e1rio de encomenda aparecer\u00e1 no ecr\u00e3, resumindo: a natureza, a quantidade e o pre\u00e7o dos Produtos selecionados pelo Utilizador, bem como o montante total da encomenda, os custos de entrega, o prazo de entrega, os dados de contacto do Utilizador e o endere\u00e7o de entrega dos Produtos.<\/p>\n\n\n\n<h5 class=\"wp-block-heading\" id=\"h-offres-commerciales\">Ofertas comerciaisPara beneficiar de uma oferta comercial que lhe tenha sido enviada, o Utilizador deve introduzir e validar o seu \u201dc\u00f3digo promocional\u201c no campo previsto na p\u00e1gina de pagamento.<\/h5>\n\n\n\n<h4 class=\"wp-block-heading\" id=\"h-3-3-validation-definitive-de-la-commande-et-paiement\">3.3 Confirma\u00e7\u00e3o final da encomenda e pagamento<\/h4>\n\n\n\n<p>Depois de verificar o estado da encomenda, e uma vez que todas as informa\u00e7\u00f5es solicitadas tenham sido preenchidas pelo Utilizador, aparecer\u00e1 um resumo destas informa\u00e7\u00f5es e da encomenda e o Utilizador dever\u00e1 escolher o m\u00e9todo de pagamento com o qual deseja efetuar o pagamento para confirmar definitivamente a sua encomenda.<br>As encomendas devem ser pagas em :<\/p>\n\n\n\n<ul class=\"wp-block-list\">\n<li>euros por cart\u00e3o banc\u00e1rio franc\u00eas ou internacional\u00a0<\/li>\n<\/ul>\n\n\n\n<p>Especifica-se que, quando o pagamento imediato \u00e9 efectuado por cart\u00e3o de cr\u00e9dito, este \u00e9 assegurado por encripta\u00e7\u00e3o S.S.L. (Secure Socket Layer), a fim de proteger todos os dados relativos aos meios de pagamento, e que em nenhum momento os dados banc\u00e1rios do Utilizador passar\u00e3o pelo sistema inform\u00e1tico de https:\/\/www.tisaneaddict.com\/.<br>A partir do momento em que o Utilizador confirma o pagamento, a encomenda \u00e9 registada. O Utilizador torna-se um Cliente. A nota de encomenda ser\u00e1 registada nos registos inform\u00e1ticos de https:\/\/www.tisaneaddict.com\/ e ser\u00e1 considerada como prova da rela\u00e7\u00e3o contratual entre as Partes.<br>O Cliente disp\u00f5e de um direito de retrata\u00e7\u00e3o e de reembolso no prazo de catorze (14) dias \u00fateis a contar da data de rece\u00e7\u00e3o dos Produtos pelo Cliente.<\/p>\n\n\n\n<h4 class=\"wp-block-heading\" id=\"h-3-4-confirmation-de-la-commande\">3.4 Confirma\u00e7\u00e3o da encomenda<\/h4>\n\n\n\n<p>Um resumo da encomenda ser\u00e1 apresentado quando a encomenda for validada.<br>Esta confirma\u00e7\u00e3o incluir\u00e1 todos os elementos constitutivos do contrato celebrado entre as Partes.<br>Este resumo da encomenda ser\u00e1 igualmente enviado por correio eletr\u00f3nico ao Cliente nos minutos seguintes \u00e0 compra.<br>O Cliente ter\u00e1 ent\u00e3o acesso ao \u201cacompanhamento da encomenda\u201d clicando em \u201cIniciar sess\u00e3o\u201d e iniciando sess\u00e3o com o seu endere\u00e7o de correio eletr\u00f3nico e a sua palavra-passe.<\/p>\n\n\n\n<h4 class=\"wp-block-heading\" id=\"h-3-5-modification-d-une-commande\">3.5 Modifica\u00e7\u00e3o de uma ordem<\/h4>\n\n\n\n<p>As encomendas efectuadas podem ser controladas a partir do menu \u00abIniciar sess\u00e3o\u00bb.<br>Para modificar uma encomenda, \u00e9 necess\u00e1rio anular a encomenda, voltar a coloc\u00e1-la no cesto e, em seguida, corrigi-la conforme necess\u00e1rio antes de a validar.<br>Uma encomenda s\u00f3 pode ser alterada ou anulada se o seu estado for \u00abRegistado\u00bb.<br>Uma encomenda colocada no estado \u00abem prepara\u00e7\u00e3o\u00bb ou \u00abexpedida\u00bb j\u00e1 n\u00e3o pode ser modificada.<\/p>\n\n\n\n<h3 class=\"wp-block-heading\" id=\"h-4-paiement\">4 - Pagamento<\/h3>\n\n\n\n<p>O facto de validar a sua encomenda implica para si a obriga\u00e7\u00e3o de pagar o pre\u00e7o indicado. O pagamento das suas compras \u00e9 efectuado por cart\u00e3o de cr\u00e9dito atrav\u00e9s de um sistema seguro. O cart\u00e3o s\u00f3 \u00e9 debitado aquando da expedi\u00e7\u00e3o da encomenda. No caso de entregas fraccionadas, apenas ser\u00e3o debitados os produtos expedidos.<\/p>\n\n\n\n<h3 class=\"wp-block-heading\" id=\"h-5-retour-remboursement-et-droit-de-retractation\">5 - DEVOLU\u00c7\u00d5ES - REEMBOLSOS E DIREITO DE RETRACTA\u00c7\u00c3O<\/h3>\n\n\n\n<h5 class=\"wp-block-heading\" id=\"h-conditions-de-nbsp-retractation\">Condi\u00e7\u00f5es de retracta\u00e7\u00e3oO Cliente disp\u00f5e de um direito de retrata\u00e7\u00e3o de catorze (14) dias a contar da rece\u00e7\u00e3o da totalidade da sua encomenda para se retratar sem necessariamente apresentar um motivo.<br>Para exercer o direito de retrata\u00e7\u00e3o, o cliente deve notificar a sua decis\u00e3o de retrata\u00e7\u00e3o da encomenda atrav\u00e9s de uma declara\u00e7\u00e3o inequ\u00edvoca, especificando o seu nome completo, endere\u00e7o eletr\u00f3nico, morada, n\u00famero de encomenda e data: por correio eletr\u00f3nico: contact@tisaneaddict.com<\/h5>\n\n\n\n<h5 class=\"wp-block-heading\" id=\"h-remboursement\">ReembolsoEm caso de desist\u00eancia do Cliente, a https:\/\/www.tisaneaddict.com\/ reembolsar\u00e1 os pagamentos recebidos do Cliente e, em qualquer caso, o mais tardar catorze (14) dias a partir do dia em que a https:\/\/www.tisaneaddict.com\/ for informada da decis\u00e3o de desist\u00eancia do Cliente.<br>Se o Cliente desistir da totalidade da encomenda, https:\/\/www.tisaneaddict.com\/ reembolsar\u00e1 todos os pagamentos recebidos do Cliente para esta encomenda.<br>No caso de o Cliente desistir de parte dos Produtos da encomenda, https:\/\/www.tisaneaddict.com\/ reembolsar\u00e1 o montante dos Produtos devolvidos.<br>O reembolso ser\u00e1 efectuado pelo mesmo meio de pagamento que o Cliente utilizou para a sua encomenda ou por transfer\u00eancia banc\u00e1ria.<br>O s\u00edtio https:\/\/www.tisaneaddict.com\/ pode adiar o reembolso at\u00e9 ter recebido e verificado os produtos.<\/h5>\n\n\n\n<h5 class=\"wp-block-heading\" id=\"h-retour-des-produits\">Devolu\u00e7\u00e3o dos produtosO Cliente deve devolver os produtos o mais tardar catorze (14) dias ap\u00f3s ter comunicado a sua decis\u00e3o de rescis\u00e3o.<br>Os produtos devolvidos devem estar fechados, completos e sem danos.<br>As encomendas devem ser enviadas para o seguinte endere\u00e7o Avenue cardinal Maurin 13600 la ciotat<br><br>O Cliente suporta os custos de devolu\u00e7\u00e3o da totalidade da encomenda ou dos Produtos.<\/h5>\n\n\n\n<h3 class=\"wp-block-heading\" id=\"h-6-livraison\"><strong>6 - Entrega<\/strong><\/h3>\n\n\n\n<p>Os produtos s\u00e3o entregues no endere\u00e7o de entrega indicado durante o processo de encomenda, no prazo indicado na p\u00e1gina de confirma\u00e7\u00e3o da encomenda. Em caso de atraso na expedi\u00e7\u00e3o, ser-lhe-\u00e1 enviada uma mensagem de correio eletr\u00f3nico para o informar das eventuais consequ\u00eancias do prazo de entrega indicado. Em conformidade com as disposi\u00e7\u00f5es legais, em caso de atraso na entrega, o utilizador pode anular a encomenda de acordo com as condi\u00e7\u00f5es previstas no artigo L 138-2 do C\u00f3digo do Consumidor franc\u00eas. Se, entretanto, receber o produto, reembols\u00e1-lo-emos, bem como as despesas de entrega, em conformidade com o artigo L 138-3 do C\u00f3digo do Consumidor. No caso de entregas efectuadas por um transportador, a empresa&nbsp;<strong>Diretor Geral<\/strong>&nbsp;n\u00e3o pode ser responsabilizada por atrasos na entrega devidos exclusivamente \u00e0 indisponibilidade do cliente ap\u00f3s v\u00e1rias marca\u00e7\u00f5es propostas.<\/p>\n\n\n\n<h3 class=\"wp-block-heading\" id=\"h-7-garantie\">7 - Garantia<\/h3>\n\n\n\n<p>Todos os nossos produtos est\u00e3o cobertos pela garantia legal de conformidade e pela garantia contra os v\u00edcios ocultos, tal como previsto nos artigos 1641\u00ba e seguintes do C\u00f3digo Civil franc\u00eas. Em caso de n\u00e3o conformidade de um produto vendido, este pode ser devolvido, trocado ou reembolsado. Todas as reclama\u00e7\u00f5es, pedidos de troca ou de reembolso devem ser efectuados no prazo de 30 dias ap\u00f3s a entrega. Os produtos devem ser-nos devolvidos no estado em que os recebeu, com todos os componentes (acess\u00f3rios, embalagens, instru\u00e7\u00f5es, etc.). Os custos de envio ser\u00e3o reembolsados com base na tarifa facturada e os custos de devolu\u00e7\u00e3o ser\u00e3o reembolsados mediante apresenta\u00e7\u00e3o de prova. As disposi\u00e7\u00f5es do presente artigo n\u00e3o impedem o utilizador de beneficiar do direito de retrata\u00e7\u00e3o previsto no artigo 6.<\/p>\n\n\n\n<h3 class=\"wp-block-heading\" id=\"h-8-description-des-services-fournis\">8. Descri\u00e7\u00e3o dos servi\u00e7os prestados.<\/h3>\n\n\n\n<p>O objetivo do s\u00edtio Web https:\/\/www.tisaneaddict.com\/ \u00e9 fornecer informa\u00e7\u00f5es sobre todas as actividades da empresa.<\/p>\n\n\n\n<p>O https:\/\/www.tisaneaddict.com\/ esfor\u00e7a-se por fornecer informa\u00e7\u00f5es no s\u00edtio Web https:\/\/www.tisaneaddict.com\/ que sejam t\u00e3o exactas quanto poss\u00edvel. No entanto, n\u00e3o pode ser responsabilizado por quaisquer omiss\u00f5es, imprecis\u00f5es ou falhas na atualiza\u00e7\u00e3o das informa\u00e7\u00f5es, quer estas sejam da sua responsabilidade ou da responsabilidade de parceiros terceiros que fornecem as informa\u00e7\u00f5es.<\/p>\n\n\n\n<p>Todas as informa\u00e7\u00f5es no s\u00edtio Web https:\/\/www.tisaneaddict.com\/ s\u00e3o fornecidas apenas para fins informativos e est\u00e3o sujeitas a altera\u00e7\u00f5es. Al\u00e9m disso, as informa\u00e7\u00f5es contidas no s\u00edtio Web https:\/\/www.tisaneaddict.com\/ n\u00e3o s\u00e3o exaustivas. Est\u00e3o sujeitas a altera\u00e7\u00f5es efectuadas desde a sua coloca\u00e7\u00e3o em linha.<\/p>\n\n\n\n<h3 class=\"wp-block-heading\" id=\"h-9-limitations-contractuelles-sur-les-donnees-techniques\">9. Limita\u00e7\u00f5es contratuais relativas aos dados t\u00e9cnicos.<\/h3>\n\n\n\n<p>O s\u00edtio utiliza a tecnologia JavaScript.<\/p>\n\n\n\n<p>O s\u00edtio n\u00e3o pode ser responsabilizado por quaisquer danos materiais resultantes da utiliza\u00e7\u00e3o do s\u00edtio. Al\u00e9m disso, os utilizadores do s\u00edtio comprometem-se a aceder ao s\u00edtio utilizando um equipamento recente, isento de v\u00edrus e com um programa de navega\u00e7\u00e3o atualizado e de \u00faltima gera\u00e7\u00e3o.<\/p>\n\n\n\n<h3 class=\"wp-block-heading\" id=\"h-10-propriete-intellectuelle-et-contrefacons\">10. Propriedade intelectual e contrafa\u00e7\u00e3o.<\/h3>\n\n\n\n<p>\u00e9 o titular dos direitos de propriedade intelectual ou det\u00e9m os direitos de utiliza\u00e7\u00e3o de todos os elementos acess\u00edveis no s\u00edtio, nomeadamente os textos, imagens, gr\u00e1ficos, log\u00f3tipos, \u00edcones, sons e software.<\/p>\n\n\n\n<p>\u00c9 proibida qualquer reprodu\u00e7\u00e3o, representa\u00e7\u00e3o, modifica\u00e7\u00e3o, publica\u00e7\u00e3o, adapta\u00e7\u00e3o da totalidade ou de parte dos elementos do s\u00edtio, seja qual for o meio ou processo utilizado, exceto com a autoriza\u00e7\u00e3o pr\u00e9via por escrito de: https:\/\/www.tisaneaddict.com\/.<\/p>\n\n\n\n<p>Qualquer utiliza\u00e7\u00e3o n\u00e3o autorizada do s\u00edtio ou de qualquer dos elementos que cont\u00e9m ser\u00e1 considerada como constituindo uma infra\u00e7\u00e3o e ser\u00e1 processada em conformidade com as disposi\u00e7\u00f5es dos artigos L.335-2 e seguintes do C\u00f3digo da Propriedade Intelectual franc\u00eas.<\/p>\n\n\n\n<h3 class=\"wp-block-heading\" id=\"h-11-limitations-de-responsabilite\">11. Limita\u00e7\u00e3o da responsabilidade.<\/h3>\n\n\n\n<p>O https:\/\/www.tisaneaddict.com\/ n\u00e3o poder\u00e1 ser responsabilizado por quaisquer danos diretos ou indirectos causados ao equipamento do utilizador no acesso ao site https:\/\/www.tisaneaddict.com\/, resultantes quer da utiliza\u00e7\u00e3o de equipamento que n\u00e3o cumpra as especifica\u00e7\u00f5es indicadas no ponto 4, quer do aparecimento de um bug ou incompatibilidade.<\/p>\n\n\n\n<p>O s\u00edtio https:\/\/www.tisaneaddict.com\/ n\u00e3o pode ser responsabilizado por quaisquer danos indirectos (tais como perda de neg\u00f3cios ou perda de oportunidades) resultantes da utiliza\u00e7\u00e3o do s\u00edtio https:\/\/www.tisaneaddict.com\/.<\/p>\n\n\n\n<p>As \u00e1reas interactivas (possibilidade de colocar quest\u00f5es na \u00e1rea de contacto) est\u00e3o \u00e0 disposi\u00e7\u00e3o dos utilizadores. https:\/\/www.tisaneaddict.com\/ reserva-se o direito de eliminar, sem aviso pr\u00e9vio, qualquer conte\u00fado publicado nesta \u00e1rea que viole a legisla\u00e7\u00e3o aplic\u00e1vel em Fran\u00e7a, em particular as disposi\u00e7\u00f5es relativas \u00e0 prote\u00e7\u00e3o de dados. Se for caso disso, o https:\/\/www.tisaneaddict.com\/ reserva-se igualmente o direito de responsabilizar civil e\/ou criminalmente o utilizador, nomeadamente no caso de mensagens de car\u00e1cter racista, injurioso, difamat\u00f3rio ou pornogr\u00e1fico, independentemente do suporte utilizado (texto, fotografias, etc.).<\/p>\n\n\n\n<h3 class=\"wp-block-heading\" id=\"h-12-gestion-des-donnees-personnelles\">12. Gest\u00e3o de dados pessoais.<\/h3>\n\n\n\n<p>Em Fran\u00e7a, os dados pessoais s\u00e3o protegidos pela Lei n.\u00ba 78-87 de 6 de janeiro de 1978, pela Lei n.\u00ba 2004-801 de 6 de agosto de 2004, pelo artigo L. 226-13 do C\u00f3digo Penal e pela Diretiva Europeia de 24 de outubro de 1995.<\/p>\n\n\n\n<p>Ao utilizar o s\u00edtio Web https:\/\/www.tisaneaddict.com\/, podem ser recolhidas as seguintes informa\u00e7\u00f5es: o URL das liga\u00e7\u00f5es atrav\u00e9s das quais o utilizador acedeu ao s\u00edtio Web https:\/\/www.tisaneaddict.com\/, o fornecedor de acesso do utilizador, o endere\u00e7o IP (Internet Protocol) do utilizador.<\/p>\n\n\n\n<p>Em qualquer caso, o s\u00edtio https:\/\/www.tisaneaddict.com\/ apenas recolhe informa\u00e7\u00f5es pessoais relativas ao utilizador para efeitos de determinados servi\u00e7os oferecidos pelo s\u00edtio https:\/\/www.tisaneaddict.com\/. Os utilizadores fornecem estas informa\u00e7\u00f5es com pleno conhecimento de causa, nomeadamente quando s\u00e3o eles pr\u00f3prios a introduzi-las. Os utilizadores do s\u00edtio Web https:\/\/www.tisaneaddict.com\/ s\u00e3o ent\u00e3o informados se s\u00e3o ou n\u00e3o obrigados a fornecer essas informa\u00e7\u00f5es.<\/p>\n\n\n\n<p>Em conformidade com as disposi\u00e7\u00f5es dos artigos 38\u00ba e seguintes da Lei 78-17 de 6 de janeiro de 1978 relativa ao tratamento de dados, ficheiros e liberdades individuais, todos os utilizadores t\u00eam o direito de aceder, retificar e opor-se a quaisquer dados pessoais que lhes digam respeito, enviando um pedido escrito e assinado, acompanhado de uma c\u00f3pia do documento de identidade com a assinatura do portador do documento, especificando o endere\u00e7o para o qual a resposta deve ser enviada.<\/p>\n\n\n\n<p>Nenhuma informa\u00e7\u00e3o pessoal do utilizador do s\u00edtio https:\/\/www.tisaneaddict.com\/ \u00e9 publicada sem o conhecimento do utilizador, trocada, transferida, cedida ou vendida a terceiros, seja qual for o meio utilizado. Apenas a hip\u00f3tese de recompra de https:\/\/www.tisaneaddict.com\/ e dos seus direitos permitiria a transmiss\u00e3o das informa\u00e7\u00f5es acima mencionadas ao poss\u00edvel comprador que, por sua vez, teria a mesma obriga\u00e7\u00e3o de conserva\u00e7\u00e3o e modifica\u00e7\u00e3o dos dados relativamente ao utilizador do s\u00edtio https:\/\/www.tisaneaddict.com\/.<\/p>\n\n\n\n<p>O s\u00edtio n\u00e3o foi declarado \u00e0 CNIL, uma vez que n\u00e3o recolhe informa\u00e7\u00f5es pessoais. 2662965.<\/p>\n\n\n\n<p>As bases de dados s\u00e3o protegidas pelas disposi\u00e7\u00f5es da lei de 1 de julho de 1998 que transp\u00f5e a Diretiva 96\/9 de 11 de mar\u00e7o de 1996 relativa \u00e0 prote\u00e7\u00e3o jur\u00eddica das bases de dados.<\/p>\n\n\n\n<h3 class=\"wp-block-heading\" id=\"h-13-liens-hypertextes-et-cookies\">13. Liga\u00e7\u00f5es de hipertexto e cookies.<\/h3>\n\n\n\n<p>O s\u00edtio https:\/\/www.tisaneaddict.com\/ cont\u00e9m uma s\u00e9rie de liga\u00e7\u00f5es de hipertexto para outros s\u00edtios, criadas com a autoriza\u00e7\u00e3o de https:\/\/www.tisaneaddict.com\/. No entanto, o https:\/\/www.tisaneaddict.com\/ n\u00e3o est\u00e1 em condi\u00e7\u00f5es de verificar o conte\u00fado dos s\u00edtios visitados desta forma e, consequentemente, n\u00e3o assume qualquer responsabilidade a este respeito.<\/p>\n\n\n\n<p>A navega\u00e7\u00e3o no s\u00edtio Web https:\/\/www.tisaneaddict.com\/ pode provocar a instala\u00e7\u00e3o de cookies no computador do utilizador. Um cookie \u00e9 um pequeno ficheiro que n\u00e3o permite identificar o utilizador, mas que regista informa\u00e7\u00f5es relativas \u00e0 navega\u00e7\u00e3o de um computador num site. Os dados obtidos desta forma destinam-se a facilitar a navega\u00e7\u00e3o posterior no s\u00edtio e s\u00e3o igualmente utilizados para medir o n\u00famero de visitantes.<\/p>\n\n\n\n<p>A recusa de instala\u00e7\u00e3o de um cookie pode impossibilitar o acesso a determinados servi\u00e7os. No entanto, o utilizador pode configurar o seu computador da seguinte forma para recusar a instala\u00e7\u00e3o de cookies:<\/p>\n\n\n\n<p>No Internet Explorer: separador Ferramentas (\u00edcone em forma de roda no canto superior direito) \/ Op\u00e7\u00f5es da Internet. Clique em Confidencialidade e selecione Bloquear todos os cookies. Confirmar com Ok.<\/p>\n\n\n\n<p>Firefox: na parte superior da janela do browser, clique no bot\u00e3o Firefox e, em seguida, aceda ao separador Op\u00e7\u00f5es. Clique no separador Privacidade. Defina as Regras de reten\u00e7\u00e3o para: utilizar defini\u00e7\u00f5es personalizadas para o hist\u00f3rico. Por fim, desmarque a op\u00e7\u00e3o para desativar os cookies.<\/p>\n\n\n\n<p>No Safari: Clique no \u00edcone do menu (simbolizado por uma engrenagem) no canto superior direito do navegador. Selecione Defini\u00e7\u00f5es. Clique em Mostrar defini\u00e7\u00f5es avan\u00e7adas. Na sec\u00e7\u00e3o \u201cConfidencialidade\u201d, clique em Defini\u00e7\u00f5es de conte\u00fado. Na sec\u00e7\u00e3o \u201cCookies\u201d, pode bloquear os cookies.<\/p>\n\n\n\n<p>No Chrome: Clique no \u00edcone do menu (simbolizado por tr\u00eas linhas horizontais) no canto superior direito do navegador. Selecione Defini\u00e7\u00f5es. Clique em Mostrar defini\u00e7\u00f5es avan\u00e7adas. Na sec\u00e7\u00e3o \u201cConfidencialidade\u201d, clique em prefer\u00eancias. No separador \u201cConfidencialidade\u201d, pode bloquear os cookies.<\/p>\n\n\n\n<h3 class=\"wp-block-heading\" id=\"h-14-droit-applicable-et-attribution-de-juridiction\">14. Legisla\u00e7\u00e3o aplic\u00e1vel e jurisdi\u00e7\u00e3o.<\/h3>\n\n\n\n<p>Qualquer lit\u00edgio relacionado com a utiliza\u00e7\u00e3o do s\u00edtio Web https:\/\/www.tisaneaddict.com\/ est\u00e1 sujeito \u00e0 lei francesa. Os tribunais competentes de Paris t\u00eam jurisdi\u00e7\u00e3o exclusiva.<\/p>\n\n\n\n<h3 class=\"wp-block-heading\" id=\"h-15-les-principales-lois-concernees\">15. As principais leis em causa.<\/h3>\n\n\n\n<p>Lei n.\u00ba 78-17, de 6 de janeiro de 1978, alterada pela Lei n.\u00ba 2004-801, de 6 de agosto de 2004, relativa ao tratamento de dados, ficheiros de dados e liberdades individuais.<\/p>\n\n\n\n<p>Lei n.\u00ba 2004-575, de 21 de junho de 2004, relativa \u00e0 confian\u00e7a na economia digital.<\/p>\n\n\n\n<h3 class=\"wp-block-heading\" id=\"h-16-lexique\">16. Gloss\u00e1rio.<\/h3>\n\n\n\n<p>Utilizador: utilizador da Internet que se liga ao s\u00edtio supramencionado e o utiliza.<\/p>\n\n\n\n<p>Informa\u00e7\u00f5es pessoais: \u00abinforma\u00e7\u00f5es que permitem, sob qualquer forma, direta ou indiretamente, a identifica\u00e7\u00e3o das pessoas singulares a que se aplicam\u00bb (artigo 4.\u00ba da lei n.\u00ba 78-17 de 6 de janeiro de 1978).<\/p>","protected":false},"excerpt":{"rendered":"<p>Mentions l\u00e9gales Informations l\u00e9gales 1. Pr\u00e9sentation du site. En vertu de l\u2019article 6 de la loi n\u00b0 2004-575 du 21 juin 2004 pour la confiance dans l\u2019\u00e9conomie num\u00e9rique, il est pr\u00e9cis\u00e9 aux utilisateurs du site\u00a0https:\/\/www.tisaneaddict.com\/\u00a0l\u2019identit\u00e9 des diff\u00e9rents intervenants dans le cadre de sa r\u00e9alisation et de son suivi : Propri\u00e9taire\u00a0: Fahim El Bouhamdi. Entrepreneur individuel. [&#8230;]\n","protected":false},"author":1,"featured_media":0,"parent":0,"menu_order":0,"comment_status":"closed","ping_status":"closed","template":"","meta":{"footnotes":""},"class_list":["post-100","page","type-page","status-publish","hentry"],"_links":{"self":[{"href":"https:\/\/www.tisaneaddict.com\/pt\/wp-json\/wp\/v2\/pages\/100","targetHints":{"allow":["GET"]}}],"collection":[{"href":"https:\/\/www.tisaneaddict.com\/pt\/wp-json\/wp\/v2\/pages"}],"about":[{"href":"https:\/\/www.tisaneaddict.com\/pt\/wp-json\/wp\/v2\/types\/page"}],"author":[{"embeddable":true,"href":"https:\/\/www.tisaneaddict.com\/pt\/wp-json\/wp\/v2\/users\/1"}],"replies":[{"embeddable":true,"href":"https:\/\/www.tisaneaddict.com\/pt\/wp-json\/wp\/v2\/comments?post=100"}],"version-history":[{"count":1,"href":"https:\/\/www.tisaneaddict.com\/pt\/wp-json\/wp\/v2\/pages\/100\/revisions"}],"predecessor-version":[{"id":101,"href":"https:\/\/www.tisaneaddict.com\/pt\/wp-json\/wp\/v2\/pages\/100\/revisions\/101"}],"wp:attachment":[{"href":"https:\/\/www.tisaneaddict.com\/pt\/wp-json\/wp\/v2\/media?parent=100"}],"curies":[{"name":"wp","href":"https:\/\/api.w.org\/{rel}","templated":true}]}}