{"id":100,"date":"2026-04-21T16:01:52","date_gmt":"2026-04-21T16:01:52","guid":{"rendered":"https:\/\/www.tisaneaddict.com\/?page_id=100"},"modified":"2026-04-21T16:01:53","modified_gmt":"2026-04-21T16:01:53","slug":"informazioni-legali","status":"publish","type":"page","link":"https:\/\/www.tisaneaddict.com\/it\/mentions-legales\/","title":{"rendered":"Informazioni legali"},"content":{"rendered":"<h1 class=\"wp-block-heading\">Informazioni legali<\/h1>\n\n\n\n<h2 class=\"wp-block-heading\" id=\"h-informations-legales\">Informazioni legali<\/h2>\n\n\n\n<h3 class=\"wp-block-heading\" id=\"h-1-presentation-du-site\">1. Presentazione del sito.<\/h3>\n\n\n\n<p>Ai sensi dell'articolo 6 della legge francese n. 2004-575 del 21 giugno 2004 sulla fiducia nell'economia digitale, gli utenti del sito https:\/\/www.tisaneaddict.com\/ sono informati dell'identit\u00e0 dei diversi soggetti coinvolti nella sua creazione e nel suo monitoraggio:<\/p>\n\n\n\n<p><strong>Proprietario<\/strong>\u00a0Fahim El Bouhamdi. Commerciante unico. Siret: 791618408.<br><strong>Creatore<\/strong>\u00a0: https:\/\/www.tisaneaddict.com\/<br><strong>Responsabile della pubblicazione<\/strong>\u00a0: https:\/\/www.tisaneaddict.com\/<br>Il responsabile della pubblicazione \u00e8 una persona fisica o giuridica.<br><strong>Webmaster<\/strong>\u00a0https:\/\/www.tisaneaddict.com\/ - contact@tisaneaddict.com<br><strong>Ospite<\/strong>\u00a0: o2switch.<\/p>\n\n\n\n<p>Per saperne di pi\u00f9, vedere\u00ab\u00a0<a href=\"https:\/\/www.tisaneaddict.com\/it\/chi-siamo\/\" data-type=\"link\" data-id=\"https:\/\/www.tisaneaddict.com\/a-propos-qui-sommes-nous\/\">Per<\/a>s\u00ab .<\/p>\n\n\n\n<h3 class=\"wp-block-heading\" id=\"h-2-conditions-generales-d-utilisation-du-site-et-des-services-proposes\">2. Condizioni generali di utilizzo del sito e dei servizi offerti.<\/h3>\n\n\n\n<p>L'utilizzo del sito web https:\/\/www.tisaneaddict.com\/ implica la piena accettazione delle condizioni generali di utilizzo di seguito riportate. Le presenti condizioni d'uso possono essere modificate o integrate in qualsiasi momento; si consiglia pertanto agli utenti del sito web https:\/\/www.tisaneaddict.com\/ di consultarle regolarmente.<\/p>\n\n\n\n<p>Questo sito \u00e8 normalmente accessibile agli utenti in qualsiasi momento. Tuttavia, https:\/\/www.tisaneaddict.com\/ pu\u00f2 decidere di interrompere il sito per motivi di manutenzione tecnica, nel qual caso cercher\u00e0 di informare gli utenti in anticipo sulle date e gli orari dell'intervento.<\/p>\n\n\n\n<p>Il sito https:\/\/www.tisaneaddict.com\/ viene aggiornato regolarmente da https:\/\/www.tisaneaddict.com\/. Allo stesso modo, le note legali possono essere modificate in qualsiasi momento: esse sono comunque vincolanti per l'utente, che \u00e8 invitato a consultarle il pi\u00f9 spesso possibile per prenderne visione.<\/p>\n\n\n\n<h3 class=\"wp-block-heading\" id=\"h-3-nbsp-enregistrement-et-validation-de-commande\">3 - REGISTRAZIONE E CONVALIDA DELL'ORDINE<\/h3>\n\n\n\n<h4 class=\"wp-block-heading\" id=\"h-3-1-navigation-a-l-interieur-du-site\">3.1 Navigazione nel Sito<\/h4>\n\n\n\n<p>L'Utente pu\u00f2 informarsi sui vari Prodotti offerti in vendita da https:\/\/www.tisaneaddict.com\/ sul suo Sito.<br>L'Utente pu\u00f2 navigare liberamente tra le varie pagine del Sito senza essere vincolato da alcun ordine.<\/p>\n\n\n\n<h4 class=\"wp-block-heading\" id=\"h-3-2-enregistrement-nbsp-d-une-commande\">3.2 Registrazione di un ordine<\/h4>\n\n\n\n<p>Se l'Utente desidera effettuare un ordine, selezioner\u00e0 i vari Prodotti a cui \u00e8 interessato ed esprimer\u00e0 tale interesse cliccando sull'icona \u00abcarrello\u00bb.<br>L'Utente pu\u00f2 in qualsiasi momento<\/p>\n\n\n\n<ul class=\"wp-block-list\">\n<li>ottenere un riepilogo dei prodotti selezionati, cliccando sul carrello.<\/li>\n\n\n\n<li>continuare o modificare la selezione dei prodotti cliccando su \u201cContinua lo shopping\u201d.<\/li>\n\n\n\n<li>completare la selezione dei Prodotti e ordinarli cliccando su \u201cProcedi al pagamento\u201d.<\/li>\n<\/ul>\n\n\n\n<p>Per ordinare i Prodotti scelti, dopo aver cliccato su \u201cProcedi al pagamento\u201d, l'Utente deve identificarsi inserendo il proprio indirizzo e-mail e la password scelta al momento della creazione del proprio account o, se si tratta del primo ordine, cliccando su \u00abCrea un account\u00bb. In quest'ultimo caso, l'Utente dovr\u00e0 compilare accuratamente il modulo predisposto, nel quale dovr\u00e0 inserire le informazioni necessarie all'identificazione, in particolare il cognome, il nome e l'indirizzo postale. Inoltre, l'Utente deve fornire il proprio indirizzo e-mail e una password di sua scelta, che sar\u00e0 personale e riservata e che gli servir\u00e0 per identificarsi successivamente sul Sito.<br>L'Utente \u00e8 informato e accetta che l'inserimento di questi due identificativi \u00e8 prova della sua identit\u00e0 ed esprime il suo consenso.<br>Una volta identificato, l'Utente dovr\u00e0 convalidare l'indirizzo di consegna e sullo schermo apparir\u00e0 un modulo d'ordine che riepilogher\u00e0: la natura, la quantit\u00e0 e il prezzo dei Prodotti scelti dall'Utente, nonch\u00e9 l'importo totale dell'ordine, le spese di consegna, i tempi di consegna, i dati di contatto dell'Utente e l'indirizzo di consegna dei Prodotti.<\/p>\n\n\n\n<h5 class=\"wp-block-heading\" id=\"h-offres-commerciales\">Offerte commercialiPer beneficiare di un'offerta commerciale che \u00e8 stata loro inviata, gli Utenti devono inserire e convalidare il loro \u201dcodice promozionale\u201c nell'apposito campo della pagina di pagamento.<\/h5>\n\n\n\n<h4 class=\"wp-block-heading\" id=\"h-3-3-validation-definitive-de-la-commande-et-paiement\">3.3 Conferma finale dell'ordine e pagamento<\/h4>\n\n\n\n<p>Dopo aver verificato lo stato dell'ordine, e una volta completate tutte le informazioni richieste dall'Utente, apparir\u00e0 un riepilogo di tali informazioni e dell'ordine e l'Utente dovr\u00e0 scegliere il metodo di pagamento con cui desidera effettuare il pagamento per confermare definitivamente l'ordine.<br>Gli ordini sono pagabili in :<\/p>\n\n\n\n<ul class=\"wp-block-list\">\n<li>euro con carta di credito francese o internazionale\u00a0<\/li>\n<\/ul>\n\n\n\n<p>Si precisa che in caso di pagamento immediato con carta di credito, questo \u00e8 protetto da crittografia S.S.L. (Secure Socket Layer) al fine di proteggere tutti i dati relativi ai mezzi di pagamento, e che in nessun momento i dati bancari dell'Utente passeranno attraverso il sistema informatico di https:\/\/www.tisaneaddict.com\/.<br>Non appena l'Utente conferma il pagamento, l'ordine viene registrato. L'Utente diventa Cliente. Il modulo d'ordine sar\u00e0 registrato nei registri informatici di https:\/\/www.tisaneaddict.com\/ e sar\u00e0 considerato come prova del rapporto contrattuale tra le Parti.<br>Il Cliente ha il diritto di recesso e di rimborso per un periodo di quattordici (14) giorni lavorativi dalla data di ricevimento dei Prodotti da parte del Cliente.<\/p>\n\n\n\n<h4 class=\"wp-block-heading\" id=\"h-3-4-confirmation-de-la-commande\">3.4 Conferma dell'ordine<\/h4>\n\n\n\n<p>Una volta convalidato l'ordine, verr\u00e0 visualizzato un riepilogo dello stesso.<br>Tale conferma includer\u00e0 tutti gli elementi costitutivi del contratto tra le Parti.<br>Il riepilogo dell'ordine verr\u00e0 inoltre inviato via e-mail al Cliente entro pochi minuti dall'acquisto.<br>Il Cliente potr\u00e0 quindi accedere al \u201cmonitoraggio dell'ordine\u201d cliccando su \u201cLog in\u201d ed effettuando il login con il proprio indirizzo e-mail e la propria password.<\/p>\n\n\n\n<h4 class=\"wp-block-heading\" id=\"h-3-5-modification-d-une-commande\">3.5 Modifica di un ordine<\/h4>\n\n\n\n<p>Gli ordini effettuati possono essere monitorati dal menu \u00abLog in\u00bb.<br>Per modificare un ordine, \u00e8 necessario annullarlo, rimetterlo nel carrello e quindi correggerlo come richiesto prima di convalidarlo.<br>Un ordine pu\u00f2 essere modificato o annullato solo se il suo stato \u00e8 \u00abRegistrato\u00bb.<br>Un ordine in stato \u00abin preparazione\u00bb o \u00abspedito\u00bb non pu\u00f2 pi\u00f9 essere modificato.<\/p>\n\n\n\n<h3 class=\"wp-block-heading\" id=\"h-4-paiement\">4 - Pagamento<\/h3>\n\n\n\n<p>La convalida dell'ordine implica l'obbligo di pagare il prezzo indicato. Il pagamento degli acquisti viene effettuato con carta di credito tramite un sistema sicuro. L'addebito sulla carta avviene solo al momento della spedizione dell'ordine. In caso di consegne frazionate, verranno addebitati solo i prodotti spediti.<\/p>\n\n\n\n<h3 class=\"wp-block-heading\" id=\"h-5-retour-remboursement-et-droit-de-retractation\">5 - RESTITUZIONI - RIMBORSI E DIRITTO DI RECESSO<\/h3>\n\n\n\n<h5 class=\"wp-block-heading\" id=\"h-conditions-de-nbsp-retractation\">Condizioni di recessoIl Cliente ha un diritto di recesso di quattordici (14) giorni dal ricevimento della totalit\u00e0 del suo ordine, senza necessariamente indicarne il motivo.<br>Per esercitare il diritto di recesso, il cliente deve comunicare la propria decisione di recedere dall'ordine con una dichiarazione inequivocabile, specificando nome e cognome, indirizzo e-mail, indirizzo, numero d'ordine e data: via e-mail: contact@tisaneaddict.com<\/h5>\n\n\n\n<h5 class=\"wp-block-heading\" id=\"h-remboursement\">RimborsoIn caso di recesso del Cliente, https:\/\/www.tisaneaddict.com\/ rimborser\u00e0 i pagamenti ricevuti dal Cliente e, in ogni caso, non oltre quattordici (14) giorni dal giorno in cui https:\/\/www.tisaneaddict.com\/ \u00e8 stata informata della decisione del Cliente di recedere.<br>Se il Cliente si ritira dall'intero ordine, https:\/\/www.tisaneaddict.com\/ rimborser\u00e0 tutti i pagamenti ricevuti dal Cliente per questo ordine.<br>Se il Cliente ritira una parte dei Prodotti oggetto dell'ordine, https:\/\/www.tisaneaddict.com\/ rimborser\u00e0 l'importo dei Prodotti restituiti.<br>Il rimborso sar\u00e0 effettuato con lo stesso mezzo di pagamento utilizzato dal Cliente per il suo ordine o tramite bonifico bancario.<br>https:\/\/www.tisaneaddict.com\/ pu\u00f2 rinviare il rimborso fino a quando non avr\u00e0 ricevuto e controllato i Prodotti.<\/h5>\n\n\n\n<h5 class=\"wp-block-heading\" id=\"h-retour-des-produits\">Restituzione dei ProdottiIl Cliente deve restituire i Prodotti entro e non oltre quattordici (14) giorni dalla comunicazione della sua decisione di recedere.<br>I prodotti restituiti devono essere integri, completi e non danneggiati.<br>I pacchi devono essere restituiti al seguente indirizzo: Avenue cardinal Maurin 13600 la ciotat<br><br>Il Cliente dovr\u00e0 sostenere le spese di restituzione dell'intero ordine o dei Prodotti.<\/h5>\n\n\n\n<h3 class=\"wp-block-heading\" id=\"h-6-livraison\"><strong>6 - Consegna<\/strong><\/h3>\n\n\n\n<p>I prodotti vengono consegnati all'indirizzo di consegna indicato durante il processo d'ordine, entro i tempi indicati nella pagina di conferma dell'ordine. In caso di ritardo nella spedizione, vi verr\u00e0 inviata un'e-mail per informarvi delle eventuali conseguenze sui tempi di consegna indicati. In conformit\u00e0 alle disposizioni di legge, in caso di ritardo nella consegna, \u00e8 possibile annullare l'ordine secondo i termini e le condizioni di cui all'articolo L 138-2 del Codice del consumo francese. Se nel frattempo riceverete il prodotto, vi rimborseremo le spese di consegna in conformit\u00e0 all'articolo L 138-3 del Codice del consumo francese. In caso di consegna da parte di un vettore, la societ\u00e0&nbsp;<strong>Direttore generale<\/strong>&nbsp;non pu\u00f2 essere ritenuta responsabile per ritardi nella consegna dovuti esclusivamente all'indisponibilit\u00e0 del cliente dopo diversi appuntamenti proposti.<\/p>\n\n\n\n<h3 class=\"wp-block-heading\" id=\"h-7-garantie\">7 - Garanzia<\/h3>\n\n\n\n<p>Tutti i nostri prodotti sono coperti dalla garanzia legale di conformit\u00e0 e dalla garanzia contro i vizi occulti, come previsto dagli articoli 1641 e seguenti del Codice Civile francese. In caso di non conformit\u00e0 di un prodotto venduto, \u00e8 possibile restituirlo, cambiarlo o rimborsarlo. Tutti i reclami, le richieste di cambio o di rimborso devono essere effettuati entro 30 giorni dalla consegna. I prodotti devono essere restituiti nelle condizioni in cui sono stati ricevuti, con tutti i componenti (accessori, imballaggi, istruzioni, ecc.). Le spese di spedizione saranno rimborsate sulla base della tariffa fatturata e le spese di restituzione saranno rimborsate dietro presentazione di una prova. Le disposizioni del presente articolo non impediscono all'utente di beneficiare del diritto di recesso previsto dall'articolo 6.<\/p>\n\n\n\n<h3 class=\"wp-block-heading\" id=\"h-8-description-des-services-fournis\">8. Descrizione dei servizi forniti.<\/h3>\n\n\n\n<p>Lo scopo del sito web https:\/\/www.tisaneaddict.com\/ \u00e8 quello di fornire informazioni su tutte le attivit\u00e0 dell'azienda.<\/p>\n\n\n\n<p>https:\/\/www.tisaneaddict.com\/ si impegna a fornire sul sito web https:\/\/www.tisaneaddict.com\/ informazioni il pi\u00f9 possibile accurate. Tuttavia, non pu\u00f2 essere ritenuta responsabile di eventuali omissioni, imprecisioni o mancati aggiornamenti delle informazioni, sia per colpa sua che dei partner terzi che forniscono le informazioni.<\/p>\n\n\n\n<p>Tutte le informazioni contenute nel sito web https:\/\/www.tisaneaddict.com\/ sono fornite a titolo puramente informativo e sono soggette a modifiche. Inoltre, le informazioni contenute nel sito https:\/\/www.tisaneaddict.com\/ non sono esaustive. Sono soggette a modifiche da quando sono state messe online.<\/p>\n\n\n\n<h3 class=\"wp-block-heading\" id=\"h-9-limitations-contractuelles-sur-les-donnees-techniques\">9. Limitazioni contrattuali sui dati tecnici.<\/h3>\n\n\n\n<p>Il sito utilizza la tecnologia JavaScript.<\/p>\n\n\n\n<p>Il sito non pu\u00f2 essere ritenuto responsabile di eventuali danni materiali derivanti dall'uso del sito. Inoltre, gli utenti del sito si impegnano ad accedervi con apparecchiature recenti e prive di virus e con un browser aggiornato e di ultima generazione.<\/p>\n\n\n\n<h3 class=\"wp-block-heading\" id=\"h-10-propriete-intellectuelle-et-contrefacons\">10. Propriet\u00e0 intellettuale e contraffazione.<\/h3>\n\n\n\n<p>\u00e8 il titolare dei diritti di propriet\u00e0 intellettuale o detiene i diritti di utilizzo di tutti gli elementi accessibili sul sito, in particolare testi, immagini, grafici, loghi, icone, suoni e software.<\/p>\n\n\n\n<p>\u00c8 vietata la riproduzione, la rappresentazione, la modifica, la pubblicazione, l'adattamento di tutti o parte degli elementi del sito, qualunque sia il mezzo o il processo utilizzato, salvo previa autorizzazione scritta di: https:\/\/www.tisaneaddict.com\/.<\/p>\n\n\n\n<p>Qualsiasi utilizzo non autorizzato del sito o di uno qualsiasi degli elementi in esso contenuti sar\u00e0 considerato come una violazione e sar\u00e0 perseguito in conformit\u00e0 alle disposizioni degli articoli L.335-2 e seguenti del Codice della Propriet\u00e0 Intellettuale francese.<\/p>\n\n\n\n<h3 class=\"wp-block-heading\" id=\"h-11-limitations-de-responsabilite\">11. Limitazione di responsabilit\u00e0.<\/h3>\n\n\n\n<p>https:\/\/www.tisaneaddict.com\/ non potr\u00e0 essere ritenuta responsabile per eventuali danni diretti o indiretti causati all'apparecchiatura dell'utente durante l'accesso al sito https:\/\/www.tisaneaddict.com\/, derivanti sia dall'utilizzo di un'apparecchiatura non conforme alle specifiche indicate al punto 4, sia dalla comparsa di un bug o di un'incompatibilit\u00e0.<\/p>\n\n\n\n<p>https:\/\/www.tisaneaddict.com\/ non pu\u00f2 essere ritenuto responsabile per qualsiasi danno indiretto (come la perdita di affari o di opportunit\u00e0) derivante dall'uso del sito web https:\/\/www.tisaneaddict.com\/.<\/p>\n\n\n\n<p>Le aree interattive (possibilit\u00e0 di porre domande nell'area contatti) sono a disposizione degli utenti. https:\/\/www.tisaneaddict.com\/ si riserva il diritto di eliminare, senza preavviso, qualsiasi contenuto pubblicato in quest'area che contravvenga alla legislazione applicabile in Francia, in particolare alle disposizioni relative alla protezione dei dati. Se del caso, https:\/\/www.tisaneaddict.com\/ si riserva anche il diritto di ritenere l'utente responsabile civilmente e\/o penalmente, in particolare in caso di messaggi di natura razzista, ingiuriosa, diffamatoria o pornografica, qualunque sia il mezzo utilizzato (testo, fotografie, ecc.).<\/p>\n\n\n\n<h3 class=\"wp-block-heading\" id=\"h-12-gestion-des-donnees-personnelles\">12. Gestione dei dati personali.<\/h3>\n\n\n\n<p>In Francia, i dati personali sono protetti dalla legge n. 78-87 del 6 gennaio 1978, dalla legge n. 2004-801 del 6 agosto 2004, dall'articolo L. 226-13 del Codice penale e dalla Direttiva europea del 24 ottobre 1995.<\/p>\n\n\n\n<p>Quando si utilizza il sito web https:\/\/www.tisaneaddict.com\/, possono essere raccolte le seguenti informazioni: l'URL dei link attraverso i quali l'utente accede al sito web https:\/\/www.tisaneaddict.com\/, il provider di accesso dell'utente, l'indirizzo del protocollo Internet (IP) dell'utente.<\/p>\n\n\n\n<p>In ogni caso, https:\/\/www.tisaneaddict.com\/ raccoglie informazioni personali relative all'utente solo ai fini di alcuni servizi offerti dal sito https:\/\/www.tisaneaddict.com\/. Gli utenti forniscono queste informazioni con cognizione di causa, in particolare quando le inseriscono loro stessi. Gli utenti del sito https:\/\/www.tisaneaddict.com\/ vengono poi informati se sono tenuti o meno a fornire tali informazioni.<\/p>\n\n\n\n<p>Conformemente alle disposizioni degli articoli 38 e seguenti della legge 78-17 del 6 gennaio 1978 sull'informatica, gli archivi e le libert\u00e0 individuali, tutti gli utenti hanno il diritto di accedere, rettificare e opporsi a qualsiasi dato personale che li riguardi, inviando una richiesta scritta e firmata, accompagnata da una copia del documento d'identit\u00e0 recante la firma del latore del documento, specificando l'indirizzo a cui inviare la risposta.<\/p>\n\n\n\n<p>Nessuna informazione personale dell'utente del sito https:\/\/www.tisaneaddict.com\/ viene pubblicata all'insaputa dell'utente, scambiata, trasferita, ceduta o venduta su qualsiasi supporto a terzi. Solo l'ipotesi di riacquisto di https:\/\/www.tisaneaddict.com\/ e dei suoi diritti consentirebbe la trasmissione delle suddette informazioni all'eventuale acquirente che sarebbe a sua volta tenuto allo stesso obbligo di conservazione e modifica dei dati nei confronti dell'utente del sito https:\/\/www.tisaneaddict.com\/.<\/p>\n\n\n\n<p>Il sito non \u00e8 stato dichiarato alla CNIL in quanto non raccoglie informazioni personali. 2662965.<\/p>\n\n\n\n<p>Le banche dati sono protette dalle disposizioni della legge del 1\u00b0 luglio 1998 che recepisce la direttiva 96\/9 dell'11 marzo 1996 sulla tutela giuridica delle banche dati.<\/p>\n\n\n\n<h3 class=\"wp-block-heading\" id=\"h-13-liens-hypertextes-et-cookies\">13. Link ipertestuali e cookie.<\/h3>\n\n\n\n<p>Il sito web https:\/\/www.tisaneaddict.com\/ contiene una serie di collegamenti ipertestuali ad altri siti, creati con l'autorizzazione di https:\/\/www.tisaneaddict.com\/. Tuttavia, https:\/\/www.tisaneaddict.com\/ non \u00e8 in grado di controllare il contenuto dei siti visitati in questo modo e, di conseguenza, non si assume alcuna responsabilit\u00e0 al riguardo.<\/p>\n\n\n\n<p>La navigazione sul sito https:\/\/www.tisaneaddict.com\/ pu\u00f2 causare l'installazione di cookie sul computer dell'utente. Un cookie \u00e8 un piccolo file che non consente di identificare l'utente, ma che registra informazioni relative alla navigazione di un computer su un sito. I dati ottenuti in questo modo hanno lo scopo di facilitare la successiva navigazione del sito e vengono utilizzati anche per misurare il numero di visitatori.<\/p>\n\n\n\n<p>Il rifiuto di installare un cookie pu\u00f2 rendere impossibile l'accesso a determinati servizi. Tuttavia, gli utenti possono configurare il proprio computer come segue per rifiutare l'installazione dei cookie:<\/p>\n\n\n\n<p>In Internet Explorer: scheda Strumenti (icona a forma di ruota in alto a destra) \/ Opzioni Internet. Cliccare su Riservatezza e scegliere Blocca tutti i cookie. Confermare con Ok.<\/p>\n\n\n\n<p>Firefox: nella parte superiore della finestra del browser, fare clic sul pulsante Firefox, quindi accedere alla scheda Opzioni. Fare clic sulla scheda Privacy. Impostare le Regole di conservazione su: utilizza impostazioni personalizzate per la cronologia. Infine, deselezionare per disattivare i cookie.<\/p>\n\n\n\n<p>Su Safari: fare clic sull'icona del menu (simboleggiata da un ingranaggio) in alto a destra del browser. Selezionare Impostazioni. Cliccare su Mostra impostazioni avanzate. Nella sezione \u201cRiservatezza\u201d, cliccare su Impostazioni contenuti. Nella sezione \u201cCookie\u201d \u00e8 possibile bloccare i cookie.<\/p>\n\n\n\n<p>In Chrome: fare clic sull'icona del menu (simboleggiata da tre linee orizzontali) nell'angolo superiore destro del browser. Selezionare Impostazioni. Cliccare su Mostra impostazioni avanzate. Nella sezione \u201cRiservatezza\u201d, cliccare su preferenze. Nella scheda \u201cRiservatezza\u201d \u00e8 possibile bloccare i cookie.<\/p>\n\n\n\n<h3 class=\"wp-block-heading\" id=\"h-14-droit-applicable-et-attribution-de-juridiction\">14. Legge applicabile e giurisdizione.<\/h3>\n\n\n\n<p>Qualsiasi controversia relativa all'utilizzo del sito web https:\/\/www.tisaneaddict.com\/ \u00e8 soggetta alla legge francese. I tribunali competenti di Parigi hanno giurisdizione esclusiva.<\/p>\n\n\n\n<h3 class=\"wp-block-heading\" id=\"h-15-les-principales-lois-concernees\">15. Le principali leggi interessate.<\/h3>\n\n\n\n<p>Legge n. 78-17 del 6 gennaio 1978, modificata dalla legge n. 2004-801 del 6 agosto 2004 sul trattamento dei dati, gli archivi di dati e le libert\u00e0 individuali.<\/p>\n\n\n\n<p>Legge n. 2004-575 del 21 giugno 2004 sulla fiducia nell'economia digitale.<\/p>\n\n\n\n<h3 class=\"wp-block-heading\" id=\"h-16-lexique\">16. Glossario.<\/h3>\n\n\n\n<p>Utente: utente di Internet che si connette e utilizza il sito di cui sopra.<\/p>\n\n\n\n<p>Informazioni personali: \u00abinformazioni che consentono, in qualsiasi forma, direttamente o indirettamente, l'identificazione delle persone fisiche cui si riferiscono\u00bb (articolo 4 della legge n. 78-17 del 6 gennaio 1978).<\/p>","protected":false},"excerpt":{"rendered":"<p>Mentions l\u00e9gales Informations l\u00e9gales 1. Pr\u00e9sentation du site. En vertu de l\u2019article 6 de la loi n\u00b0 2004-575 du 21 juin 2004 pour la confiance dans l\u2019\u00e9conomie num\u00e9rique, il est pr\u00e9cis\u00e9 aux utilisateurs du site\u00a0https:\/\/www.tisaneaddict.com\/\u00a0l\u2019identit\u00e9 des diff\u00e9rents intervenants dans le cadre de sa r\u00e9alisation et de son suivi : Propri\u00e9taire\u00a0: Fahim El Bouhamdi. Entrepreneur individuel. [&#8230;]\n","protected":false},"author":1,"featured_media":0,"parent":0,"menu_order":0,"comment_status":"closed","ping_status":"closed","template":"","meta":{"footnotes":""},"class_list":["post-100","page","type-page","status-publish","hentry"],"_links":{"self":[{"href":"https:\/\/www.tisaneaddict.com\/it\/wp-json\/wp\/v2\/pages\/100","targetHints":{"allow":["GET"]}}],"collection":[{"href":"https:\/\/www.tisaneaddict.com\/it\/wp-json\/wp\/v2\/pages"}],"about":[{"href":"https:\/\/www.tisaneaddict.com\/it\/wp-json\/wp\/v2\/types\/page"}],"author":[{"embeddable":true,"href":"https:\/\/www.tisaneaddict.com\/it\/wp-json\/wp\/v2\/users\/1"}],"replies":[{"embeddable":true,"href":"https:\/\/www.tisaneaddict.com\/it\/wp-json\/wp\/v2\/comments?post=100"}],"version-history":[{"count":1,"href":"https:\/\/www.tisaneaddict.com\/it\/wp-json\/wp\/v2\/pages\/100\/revisions"}],"predecessor-version":[{"id":101,"href":"https:\/\/www.tisaneaddict.com\/it\/wp-json\/wp\/v2\/pages\/100\/revisions\/101"}],"wp:attachment":[{"href":"https:\/\/www.tisaneaddict.com\/it\/wp-json\/wp\/v2\/media?parent=100"}],"curies":[{"name":"wp","href":"https:\/\/api.w.org\/{rel}","templated":true}]}}