{"id":127,"date":"2026-05-09T19:23:15","date_gmt":"2026-05-09T19:23:15","guid":{"rendered":"https:\/\/www.tisaneaddict.com\/?post_type=product&#038;p=127"},"modified":"2026-05-12T18:49:06","modified_gmt":"2026-05-12T18:49:06","slug":"infusion-de-verbena-sultana","status":"publish","type":"product","link":"https:\/\/www.tisaneaddict.com\/es\/produit\/infusion-verveine-sultan\/","title":{"rendered":"Pure Verveine Sultan - Tisana de Verbena Natural 100% - 20 bolsitas de t\u00e9"},"content":{"rendered":"<div style=\"max-width: 1000px; margin: 0 auto; color: #273130; font-family: Inter,Arial,sans-serif;\">\n<div style=\"margin: 0 0 22px; background: #ffffff; border: 1px solid rgba(76,93,78,0.14); border-radius: 24px; box-shadow: 0 14px 34px rgba(39,49,48,0.08); overflow: hidden;\">\n<div style=\"position: relative; padding: 56px 28px 42px; background: radial-gradient(circle at 14% 18%, rgba(255,255,255,0.14), transparent 24%),      radial-gradient(circle at 82% 24%, rgba(200,164,106,0.16), transparent 26%),      radial-gradient(circle at 50% 100%, rgba(39,49,48,0.10), transparent 28%),      linear-gradient(135deg, #2D3A2F 0%, #4C5D4E 46%, #7A8F79 100%); border-bottom: 1px solid rgba(255,255,255,0.12);\">\n<div style=\"position: absolute; inset: 0; background-image: linear-gradient(rgba(255,255,255,0.04) 1px, transparent 1px),        linear-gradient(90deg, rgba(255,255,255,0.04) 1px, transparent 1px); background-size: 42px 42px; opacity: .25; pointer-events: none;\">&nbsp;<\/div>\n<div style=\"position: relative; z-index: 1;\"><span style=\"display: inline-block; margin: 0 0 16px; padding: 8px 16px; border-radius: 999px; background: rgba(39,49,48,0.45); border: 1px solid rgba(200,164,106,0.50); color: #f5e9d1; font-size: 12px; font-weight: 800; letter-spacing: .14em; text-transform: uppercase;\">Tisana Addict - Infusi\u00f3n de Verbena - Marque Sultan<\/span><\/p>\n<h2 style=\"margin: 0 0 12px; color: #f9f5ec; font-size: 42px; line-height: 1.12; font-weight: 800; letter-spacing: -0.03em;\">Verbena pura Sultan<\/h2>\n<p style=\"margin: 0 0 22px; max-width: 820px; color: #eef3ec; font-size: 16px; line-height: 1.9;\">Una infusi\u00f3n de verbena con un estilo limpio, natural y refinado, pensada para quienes buscan una taza sencilla, elegante y agradable para disfrutar cada d\u00eda. En Tisane Addict nos encanta esta referencia por su clara identidad, su sabor alimonado y su formato f\u00e1cil de integrar en cada momento de disfrute.<\/p>\n<div style=\"display: flex; flex-wrap: wrap; gap: 10px;\"><span style=\"display: inline-flex; align-items: center; min-height: 40px; padding: 0 14px; border-radius: 999px; background: rgba(255,255,255,0.10); border: 1px solid rgba(245,233,209,0.35); color: #fff8ec; font-size: 14px; font-weight: bold;\">Infusi\u00f3n de verbena<\/span> <span style=\"display: inline-flex; align-items: center; min-height: 40px; padding: 0 14px; border-radius: 999px; background: rgba(255,255,255,0.10); border: 1px solid rgba(245,233,209,0.35); color: #fff8ec; font-size: 14px; font-weight: bold;\">Sin cafe\u00edna<\/span> <span style=\"display: inline-flex; align-items: center; min-height: 40px; padding: 0 14px; border-radius: 999px; background: rgba(255,255,255,0.10); border: 1px solid rgba(245,233,209,0.35); color: #fff8ec; font-size: 14px; font-weight: bold;\">100% natural<\/span> <span style=\"display: inline-flex; align-items: center; min-height: 40px; padding: 0 14px; border-radius: 999px; background: rgba(255,255,255,0.10); border: 1px solid rgba(245,233,209,0.35); color: #fff8ec; font-size: 14px; font-weight: bold;\">Sabor a lim\u00f3n<\/span> <span style=\"display: inline-flex; align-items: center; min-height: 40px; padding: 0 14px; border-radius: 999px; background: rgba(255,255,255,0.10); border: 1px solid rgba(245,233,209,0.35); color: #fff8ec; font-size: 14px; font-weight: bold;\">20 sobres<\/span> <span style=\"display: inline-flex; align-items: center; min-height: 40px; padding: 0 14px; border-radius: 999px; background: rgba(255,255,255,0.10); border: 1px solid rgba(245,233,209,0.35); color: #fff8ec; font-size: 14px; font-weight: bold;\">32 g<\/span> <span style=\"display: inline-flex; align-items: center; min-height: 40px; padding: 0 14px; border-radius: 999px; background: rgba(255,255,255,0.10); border: 1px solid rgba(245,233,209,0.35); color: #fff8ec; font-size: 14px; font-weight: bold;\">Sult\u00e1n 1936<\/span><\/div>\n<\/div>\n<\/div>\n<div style=\"padding: 34px 28px 30px; background: linear-gradient(180deg,#FFFFFF 0%, #FCFAF6 100%);\">\n<h2 style=\"margin: 0 0 14px; color: #273130; font-size: 30px; line-height: 1.18; font-weight: 800; letter-spacing: -0.02em;\">Un t\u00e9 de verbena elegante, f\u00e1cil de leer y f\u00e1cil de amar<\/h2>\n<p style=\"margin: 0; color: #5d6964; font-size: 16px; line-height: 1.92;\">La <strong>Tisana de verbena del Sult\u00e1n<\/strong> seduce desde el primer momento con su universo claro: una infusi\u00f3n de hierbas, sin cafe\u00edna, 100% natural, impulsada por un <strong>sabor a lim\u00f3n<\/strong> particularmente agradable al paladar. En Tisane Addict, este producto forma parte de una selecci\u00f3n pensada para los amantes de las infusiones a los que les gustan los productos sencillos, bien presentados y f\u00e1ciles de adoptar a diario.<\/p>\n<p style=\"margin: 14px 0 0; color: #5d6964; font-size: 16px; line-height: 1.92;\">Si busca un <strong>infusi\u00f3n de verbena<\/strong> Pure Verveine Sultan tiene un perfil accesible pero cuidado que hace que el producto sea reconocible al instante: un sabor fresco, una taza ligera, una c\u00f3moda preparaci\u00f3n en bolsitas y una identidad de marca tranquilizadora.<\/p>\n<div style=\"display: flex; flex-wrap: wrap; gap: 18px; margin-top: 26px;\">\n<div style=\"flex: 1 1 320px; background: linear-gradient(180deg,#FFFFFF 0%, #F8F5EF 100%); border: 1px solid rgba(76,93,78,0.14); border-radius: 18px; padding: 24px 20px; box-shadow: 0 8px 22px rgba(39,49,48,0.05);\"><span style=\"display: inline-flex; align-items: center; justify-content: center; width: 34px; height: 34px; margin-bottom: 12px; border-radius: 999px; background: rgba(76,93,78,0.10); color: #4c5d4e; font-size: 14px; font-weight: 800;\">01<\/span><\/p>\n<h3 style=\"margin: 0 0 10px; color: #273130; font-size: 18px; line-height: 1.35; font-weight: 800;\">Un sabor reconocible al instante<\/h3>\n<p style=\"margin: 0; color: #5d6964; font-size: 15px; line-height: 1.82;\">La verbena es apreciada por su delicado perfil herbal. Aqu\u00ed, la <strong>sabor a lim\u00f3n<\/strong> aporta una sensaci\u00f3n de frescor que hace especialmente agradable su degustaci\u00f3n.<\/p>\n<\/div>\n<div style=\"flex: 1 1 320px; background: linear-gradient(180deg,#FFFFFF 0%, #F8F5EF 100%); border: 1px solid rgba(76,93,78,0.14); border-radius: 18px; padding: 24px 20px; box-shadow: 0 8px 22px rgba(39,49,48,0.05);\"><span style=\"display: inline-flex; align-items: center; justify-content: center; width: 34px; height: 34px; margin-bottom: 12px; border-radius: 999px; background: rgba(76,93,78,0.10); color: #4c5d4e; font-size: 14px; font-weight: 800;\">02<\/span><\/p>\n<h3 style=\"margin: 0 0 10px; color: #273130; font-size: 18px; line-height: 1.35; font-weight: 800;\">Una infusi\u00f3n para cada ocasi\u00f3n<\/h3>\n<p style=\"margin: 0; color: #5d6964; font-size: 15px; line-height: 1.82;\">Gracias a su posicionamiento <strong>sin cafe\u00edna<\/strong>, Esta referencia puede integrarse f\u00e1cilmente en su rutina diaria, durante el d\u00eda o por la noche, seg\u00fan su estado de \u00e1nimo.<\/p>\n<\/div>\n<div style=\"flex: 1 1 320px; background: linear-gradient(180deg,#FFFFFF 0%, #F8F5EF 100%); border: 1px solid rgba(76,93,78,0.14); border-radius: 18px; padding: 24px 20px; box-shadow: 0 8px 22px rgba(39,49,48,0.05);\"><span style=\"display: inline-flex; align-items: center; justify-content: center; width: 34px; height: 34px; margin-bottom: 12px; border-radius: 999px; background: rgba(76,93,78,0.10); color: #4c5d4e; font-size: 14px; font-weight: 800;\">03<\/span><\/p>\n<h3 style=\"margin: 0 0 10px; color: #273130; font-size: 18px; line-height: 1.35; font-weight: 800;\">Una presentaci\u00f3n sencilla y tranquilizadora<\/h3>\n<p style=\"margin: 0; color: #5d6964; font-size: 15px; line-height: 1.82;\">El formato en <strong>20 sobres<\/strong> facilita la preparaci\u00f3n, para que pueda disfrutar de una infusi\u00f3n de verbena pr\u00e1ctica, f\u00e1cil de leer y siempre lista para acompa\u00f1ar su rutina de bebidas calientes.<\/p>\n<\/div>\n<div style=\"flex: 1 1 320px; background: linear-gradient(180deg,#FFFFFF 0%, #F8F5EF 100%); border: 1px solid rgba(76,93,78,0.14); border-radius: 18px; padding: 24px 20px; box-shadow: 0 8px 22px rgba(39,49,48,0.05);\"><span style=\"display: inline-flex; align-items: center; justify-content: center; width: 34px; height: 34px; margin-bottom: 12px; border-radius: 999px; background: rgba(76,93,78,0.10); color: #4c5d4e; font-size: 14px; font-weight: 800;\">04<\/span><\/p>\n<h3 style=\"margin: 0 0 10px; color: #273130; font-size: 18px; line-height: 1.35; font-weight: 800;\">Una referencia f\u00e1cil de integrar en la vida cotidiana<\/h3>\n<p style=\"margin: 0; color: #5d6964; font-size: 15px; line-height: 1.82;\">Su estilo natural, su sabor accesible y su perfil alimonado la convierten en una tisana f\u00e1cil de adoptar, tanto si la tomas con regularidad como si la descubres por primera vez.<\/p>\n<\/div>\n<\/div>\n<\/div>\n<\/div>\n<div style=\"margin: 0 0 22px; background: #ffffff; border: 1px solid rgba(76,93,78,0.14); border-radius: 24px; box-shadow: 0 14px 34px rgba(39,49,48,0.08); overflow: hidden;\">\n<div style=\"padding: 34px 28px 30px; background: linear-gradient(180deg,#FFFFFF 0%, #FCFAF6 100%);\">\n<h2 style=\"margin: 0 0 14px; color: #273130; font-size: 30px; line-height: 1.18; font-weight: 800; letter-spacing: -0.02em;\">Por qu\u00e9 Tisane Addict ha seleccionado Pure Verveine Sultan<\/h2>\n<p style=\"margin: 0; color: #5d6964; font-size: 16px; line-height: 1.92;\">En Tisane Addict, buscamos referencias que combinen claridad, placer de degustaci\u00f3n e identidad de marca. <strong>Verbena pura Sultan<\/strong> cumple todos estos criterios: una promesa de producto f\u00e1cil de entender, una imagen natural que tranquiliza y un perfil arom\u00e1tico que atrae tanto a los aficionados a las infusiones cl\u00e1sicas como a los clientes que se inician en el mundo de la verbena.<\/p>\n<p style=\"margin: 14px 0 0; color: #5d6964; font-size: 16px; line-height: 1.92;\">Esta infusi\u00f3n de verbena se adapta perfectamente a una tienda que promociona productos con un alto grado de legibilidad, con una verdadera coherencia entre la promesa visual, el sabor percibido y la experiencia de degustaci\u00f3n.<\/p>\n<div style=\"display: flex; flex-wrap: wrap; gap: 18px; margin-top: 22px;\">\n<div style=\"flex: 1 1 320px; background: #F3EEE5; border: 1px solid rgba(200,164,106,0.18); border-radius: 18px; padding: 24px 20px; text-align: center;\"><span style=\"display: block; margin: 0 0 8px; color: #273130; font-size: 18px; font-weight: 800;\">Aspecto<\/span><\/p>\n<p style=\"margin: 0; color: #6a746e; font-size: 15px; line-height: 1.8;\">Una referencia con un posicionamiento claro, natural y accesible, pensado para una degustaci\u00f3n sencilla y agradable.<\/p>\n<\/div>\n<div style=\"flex: 1 1 320px; background: #F3EEE5; border: 1px solid rgba(200,164,106,0.18); border-radius: 18px; padding: 24px 20px; text-align: center;\"><span style=\"display: block; margin: 0 0 8px; color: #273130; font-size: 18px; font-weight: 800;\">Pruebe<\/span><\/p>\n<p style=\"margin: 0; color: #6a746e; font-size: 15px; line-height: 1.8;\">Un perfil alimonado, herb\u00e1ceo y fresco, ideal para los amantes de las infusiones ligeras y refinadas.<\/p>\n<\/div>\n<div style=\"flex: 1 1 320px; background: #F3EEE5; border: 1px solid rgba(200,164,106,0.18); border-radius: 18px; padding: 24px 20px; text-align: center;\"><span style=\"display: block; margin: 0 0 8px; color: #273130; font-size: 18px; font-weight: 800;\">Estilo<\/span><\/p>\n<p style=\"margin: 0; color: #6a746e; font-size: 15px; line-height: 1.8;\">Una tisana de verbena f\u00e1cil de adoptar, adecuada para los clientes que buscan una bebida caliente natural y elegante.<\/p>\n<\/div>\n<div style=\"flex: 1 1 320px; background: #F3EEE5; border: 1px solid rgba(200,164,106,0.18); border-radius: 18px; padding: 24px 20px; text-align: center;\"><span style=\"display: block; margin: 0 0 8px; color: #273130; font-size: 18px; font-weight: 800;\">Formato<\/span><\/p>\n<p style=\"margin: 0; color: #6a746e; font-size: 15px; line-height: 1.8;\">Una pr\u00e1ctica presentaci\u00f3n en sobres, dise\u00f1ada para una r\u00e1pida preparaci\u00f3n y un f\u00e1cil uso cotidiano.<\/p>\n<\/div>\n<\/div>\n<\/div>\n<\/div>\n<div style=\"margin: 0 0 22px; background: #ffffff; border: 1px solid rgba(76,93,78,0.14); border-radius: 24px; box-shadow: 0 14px 34px rgba(39,49,48,0.08); overflow: hidden;\">\n<div style=\"padding: 34px 28px 30px; background: linear-gradient(180deg,#FFFFFF 0%, #FCFAF6 100%);\">\n<h2 style=\"margin: 0 0 14px; color: #273130; font-size: 30px; line-height: 1.18; font-weight: 800; letter-spacing: -0.02em;\">C\u00f3mo disfrutar a diario de esta infusi\u00f3n de verbena<\/h2>\n<p style=\"margin: 0; color: #5d6964; font-size: 16px; line-height: 1.92;\">El atractivo de Pure Verveine Sultan reside tambi\u00e9n en su versatilidad. Su perfil sencillo, fresco y alimonado facilita su uso en diferentes momentos del d\u00eda, sin complejidades.<\/p>\n<div style=\"display: flex; flex-wrap: wrap; gap: 16px; margin-top: 24px;\">\n<div style=\"flex: 1 1 220px; background: #FFFFFF; border: 1px solid rgba(76,93,78,0.14); border-radius: 16px; padding: 20px 18px; text-align: center; box-shadow: 0 6px 18px rgba(39,49,48,0.04);\">\n<h3 style=\"margin: 0 0 8px; color: #273130; font-size: 16px; line-height: 1.35; font-weight: 800;\">En un vaso llano<\/h3>\n<p style=\"margin: 0; color: #5d6964; font-size: 14px; line-height: 1.75;\">Aproveche al m\u00e1ximo la firma de la verbena y sus notas alimonadas.<\/p>\n<\/div>\n<div style=\"flex: 1 1 220px; background: #FFFFFF; border: 1px solid rgba(76,93,78,0.14); border-radius: 16px; padding: 20px 18px; text-align: center; box-shadow: 0 6px 18px rgba(39,49,48,0.04);\">\n<h3 style=\"margin: 0 0 8px; color: #273130; font-size: 16px; line-height: 1.35; font-weight: 800;\">Pausa de un d\u00eda<\/h3>\n<p style=\"margin: 0; color: #5d6964; font-size: 14px; line-height: 1.75;\">Una opci\u00f3n agradable para acompa\u00f1ar un momento tranquilo o un interludio m\u00e1s apacible.<\/p>\n<\/div>\n<div style=\"flex: 1 1 220px; background: #FFFFFF; border: 1px solid rgba(76,93,78,0.14); border-radius: 16px; padding: 20px 18px; text-align: center; box-shadow: 0 6px 18px rgba(39,49,48,0.04);\">\n<h3 style=\"margin: 0 0 8px; color: #273130; font-size: 16px; line-height: 1.35; font-weight: 800;\">Al final de la comida<\/h3>\n<p style=\"margin: 0; color: #5d6964; font-size: 14px; line-height: 1.75;\">Una infusi\u00f3n ligera y elegante que es f\u00e1cil de servir, tal y como a usted le gusta.<\/p>\n<\/div>\n<div style=\"flex: 1 1 220px; background: #FFFFFF; border: 1px solid rgba(76,93,78,0.14); border-radius: 16px; padding: 20px 18px; text-align: center; box-shadow: 0 6px 18px rgba(39,49,48,0.04);\">\n<h3 style=\"margin: 0 0 8px; color: #273130; font-size: 16px; line-height: 1.35; font-weight: 800;\">Rutina vespertina<\/h3>\n<p style=\"margin: 0; color: #5d6964; font-size: 14px; line-height: 1.75;\">Una taza sin cafe\u00edna que se funde con naturalidad en una atm\u00f3sfera envolvente.<\/p>\n<\/div>\n<\/div>\n<\/div>\n<\/div>\n<div style=\"margin: 0 0 22px; background: #ffffff; border: 1px solid rgba(76,93,78,0.14); border-radius: 24px; box-shadow: 0 14px 34px rgba(39,49,48,0.08); overflow: hidden;\">\n<div style=\"padding: 34px 28px 30px; background: linear-gradient(180deg,#FFFFFF 0%, #FCFAF6 100%);\">\n<h2 style=\"margin: 0 0 14px; color: #273130; font-size: 30px; line-height: 1.18; font-weight: 800; letter-spacing: -0.02em;\">Referencias de productos<\/h2>\n<div style=\"margin-top: 22px; display: flex; flex-direction: column; gap: 12px;\">\n<div style=\"background: #FFFFFF; border: 1px solid rgba(76,93,78,0.14); border-radius: 16px; overflow: hidden; box-shadow: 0 8px 22px rgba(39,49,48,0.05);\">\n<div style=\"padding: 12px 16px; background: #F8F5EF; color: #273130; font-weight: 800; font-size: 14px; letter-spacing: .03em; text-transform: uppercase;\">Nombre del producto<\/div>\n<div style=\"padding: 12px 16px; color: #5d6964; font-size: 15px; line-height: 1.7;\">Verbena pura<\/div>\n<\/div>\n<div style=\"background: #FFFFFF; border: 1px solid rgba(76,93,78,0.14); border-radius: 16px; overflow: hidden; box-shadow: 0 8px 22px rgba(39,49,48,0.05);\">\n<div style=\"padding: 12px 16px; background: #F8F5EF; color: #273130; font-weight: 800; font-size: 14px; letter-spacing: .03em; text-transform: uppercase;\">Marca<\/div>\n<div style=\"padding: 12px 16px; color: #5d6964; font-size: 15px; line-height: 1.7;\">Sult\u00e1n<\/div>\n<\/div>\n<div style=\"background: #FFFFFF; border: 1px solid rgba(76,93,78,0.14); border-radius: 16px; overflow: hidden; box-shadow: 0 8px 22px rgba(39,49,48,0.05);\">\n<div style=\"padding: 12px 16px; background: #F8F5EF; color: #273130; font-weight: 800; font-size: 14px; letter-spacing: .03em; text-transform: uppercase;\">Tipo<\/div>\n<div style=\"padding: 12px 16px; color: #5d6964; font-size: 15px; line-height: 1.7;\">Tisana de verbena<\/div>\n<\/div>\n<div style=\"background: #FFFFFF; border: 1px solid rgba(76,93,78,0.14); border-radius: 16px; overflow: hidden; box-shadow: 0 8px 22px rgba(39,49,48,0.05);\">\n<div style=\"padding: 12px 16px; background: #F8F5EF; color: #273130; font-weight: 800; font-size: 14px; letter-spacing: .03em; text-transform: uppercase;\">Perfil arom\u00e1tico<\/div>\n<div style=\"padding: 12px 16px; color: #5d6964; font-size: 15px; line-height: 1.7;\">Sabor a lim\u00f3n, fresco y vegetal<\/div>\n<\/div>\n<div style=\"background: #FFFFFF; border: 1px solid rgba(76,93,78,0.14); border-radius: 16px; overflow: hidden; box-shadow: 0 8px 22px rgba(39,49,48,0.05);\">\n<div style=\"padding: 12px 16px; background: #F8F5EF; color: #273130; font-weight: 800; font-size: 14px; letter-spacing: .03em; text-transform: uppercase;\">Caracter\u00edsticas especiales<\/div>\n<div style=\"padding: 12px 16px; color: #5d6964; font-size: 15px; line-height: 1.7;\">Sin cafe\u00edna - 100% natural<\/div>\n<\/div>\n<div style=\"background: #FFFFFF; border: 1px solid rgba(76,93,78,0.14); border-radius: 16px; overflow: hidden; box-shadow: 0 8px 22px rgba(39,49,48,0.05);\">\n<div style=\"padding: 12px 16px; background: #F8F5EF; color: #273130; font-weight: 800; font-size: 14px; letter-spacing: .03em; text-transform: uppercase;\">Formato<\/div>\n<div style=\"padding: 12px 16px; color: #5d6964; font-size: 15px; line-height: 1.7;\">20 sobres<\/div>\n<\/div>\n<div style=\"background: #FFFFFF; border: 1px solid rgba(76,93,78,0.14); border-radius: 16px; overflow: hidden; box-shadow: 0 8px 22px rgba(39,49,48,0.05);\">\n<div style=\"padding: 12px 16px; background: #F8F5EF; color: #273130; font-weight: 800; font-size: 14px; letter-spacing: .03em; text-transform: uppercase;\">Peso neto<\/div>\n<div style=\"padding: 12px 16px; color: #5d6964; font-size: 15px; line-height: 1.7;\">32 g<\/div>\n<\/div>\n<div style=\"background: #FFFFFF; border: 1px solid rgba(76,93,78,0.14); border-radius: 16px; overflow: hidden; box-shadow: 0 8px 22px rgba(39,49,48,0.05);\">\n<div style=\"padding: 12px 16px; background: #F8F5EF; color: #273130; font-weight: 800; font-size: 14px; letter-spacing: .03em; text-transform: uppercase;\">Marca universo<\/div>\n<div style=\"padding: 12px 16px; color: #5d6964; font-size: 15px; line-height: 1.7;\"><a style=\"color: #4c5d4e; font-weight: bold; text-decoration: underline;\" href=\"https:\/\/www.tisaneaddict.com\/es\/categoria-producto\/la-tisana-del-sultan\/\">Sult\u00e1n<\/a><\/div>\n<\/div>\n<\/div>\n<\/div>\n<\/div>\n<div style=\"margin: 0 0 22px; background: linear-gradient(180deg,#FFFFFF 0%, #FCFAF6 100%); border: 1px solid rgba(76,93,78,0.14); border-radius: 24px; box-shadow: 0 14px 34px rgba(39,49,48,0.08); padding: 30px 24px;\" itemscope=\"\" itemtype=\"https:\/\/schema.org\/FAQPage\">\n<h2 style=\"margin: 0 0 14px; color: #273130; font-size: 30px; line-height: 1.18; font-weight: 800; letter-spacing: -0.02em;\">FAQ - Infusi\u00f3n pura de Verbena Sultan<\/h2>\n<div style=\"background: #fff; border: 1px solid rgba(76,93,78,0.14); border-left: 4px solid #4C5D4E; border-radius: 16px; padding: 20px;\" itemprop=\"mainEntity\" itemscope=\"\" itemtype=\"https:\/\/schema.org\/Question\">\n<h3 style=\"margin: 0 0 8px; color: #273130; font-size: 18px; line-height: 1.45; font-weight: 800;\" itemprop=\"name\">\u00bfQu\u00e9 es la infusi\u00f3n Pura Verbena Sult\u00e1n?<\/h3>\n<div itemprop=\"acceptedAnswer\" itemscope=\"\" itemtype=\"https:\/\/schema.org\/Answer\">\n<p style=\"margin: 0; color: #5d6964; font-size: 16px; line-height: 1.92;\" itemprop=\"text\">Verveine Sultan puro es un <strong>infusi\u00f3n de verbena<\/strong> en bolsitas, que ofrece la marca Sultan. Destaca por su perfil natural, sabor a lim\u00f3n, pr\u00e1ctico formato de 20 bolsitas y sabor sin cafe\u00edna.<\/p>\n<\/div>\n<\/div>\n<div style=\"height: 14px;\">&nbsp;<\/div>\n<div style=\"background: #fff; border: 1px solid rgba(76,93,78,0.14); border-left: 4px solid #4C5D4E; border-radius: 16px; padding: 20px;\" itemprop=\"mainEntity\" itemscope=\"\" itemtype=\"https:\/\/schema.org\/Question\">\n<h3 style=\"margin: 0 0 8px; color: #273130; font-size: 18px; line-height: 1.45; font-weight: 800;\" itemprop=\"name\">\u00bfA qu\u00e9 sabe el t\u00e9 de verbena del Sult\u00e1n?<\/h3>\n<div itemprop=\"acceptedAnswer\" itemscope=\"\" itemtype=\"https:\/\/schema.org\/Answer\">\n<p style=\"margin: 0; color: #5d6964; font-size: 16px; line-height: 1.92;\" itemprop=\"text\">La <strong>T\u00e9 de verbena del Sult\u00e1n<\/strong> tiene un sabor alimonado, herb\u00e1ceo y fresco. Su perfil arom\u00e1tico sigue siendo accesible, limpio y agradable, lo que la convierte en una infusi\u00f3n f\u00e1cil de disfrutar a diario.<\/p>\n<\/div>\n<\/div>\n<div style=\"height: 14px;\">&nbsp;<\/div>\n<div style=\"background: #fff; border: 1px solid rgba(76,93,78,0.14); border-left: 4px solid #4C5D4E; border-radius: 16px; padding: 20px;\" itemprop=\"mainEntity\" itemscope=\"\" itemtype=\"https:\/\/schema.org\/Question\">\n<h3 style=\"margin: 0 0 8px; color: #273130; font-size: 18px; line-height: 1.45; font-weight: 800;\" itemprop=\"name\">\u00bfPor qu\u00e9 elegir una infusi\u00f3n de verbena sin cafe\u00edna?<\/h3>\n<div itemprop=\"acceptedAnswer\" itemscope=\"\" itemtype=\"https:\/\/schema.org\/Answer\">\n<p style=\"margin: 0; color: #5d6964; font-size: 16px; line-height: 1.92;\" itemprop=\"text\">Una infusi\u00f3n de verbena sin cafe\u00edna es ideal para las personas que desean disfrutar de una bebida caliente natural en diferentes momentos del d\u00eda. La Verbena Pura Sult\u00e1n responde a esta necesidad con una bebida sencilla y suave, f\u00e1cil de incorporar a la rutina diaria.<\/p>\n<\/div>\n<\/div>\n<div style=\"height: 14px;\">&nbsp;<\/div>\n<div style=\"background: #fff; border: 1px solid rgba(76,93,78,0.14); border-left: 4px solid #4C5D4E; border-radius: 16px; padding: 20px;\" itemprop=\"mainEntity\" itemscope=\"\" itemtype=\"https:\/\/schema.org\/Question\">\n<h3 style=\"margin: 0 0 8px; color: #273130; font-size: 18px; line-height: 1.45; font-weight: 800;\" itemprop=\"name\">Beneficios de la infusi\u00f3n de verbena: \u00bfqu\u00e9 suelen buscar los clientes?<\/h3>\n<div itemprop=\"acceptedAnswer\" itemscope=\"\" itemtype=\"https:\/\/schema.org\/Answer\">\n<p style=\"margin: 0; color: #5d6964; font-size: 16px; line-height: 1.92;\" itemprop=\"text\">Cuando un internauta busca <strong>\u201c beneficios de la infusi\u00f3n de verbena\u201d<\/strong>, Por ello, a menudo buscan una bebida caliente natural, sin cafe\u00edna, agradable de tomar y f\u00e1cil de adoptar a diario. Esta ficha de producto responde a esta necesidad con una presentaci\u00f3n clara, sin excesivas promesas ni declaraciones de propiedades saludables.<\/p>\n<\/div>\n<\/div>\n<div style=\"height: 14px;\">&nbsp;<\/div>\n<div style=\"background: #fff; border: 1px solid rgba(76,93,78,0.14); border-left: 4px solid #4C5D4E; border-radius: 16px; padding: 20px;\" itemprop=\"mainEntity\" itemscope=\"\" itemtype=\"https:\/\/schema.org\/Question\">\n<h3 style=\"margin: 0 0 8px; color: #273130; font-size: 18px; line-height: 1.45; font-weight: 800;\" itemprop=\"name\">\u00bfC\u00f3mo se prepara la infusi\u00f3n Pura Verveine Sultan?<\/h3>\n<div itemprop=\"acceptedAnswer\" itemscope=\"\" itemtype=\"https:\/\/schema.org\/Answer\">\n<p style=\"margin: 0; color: #5d6964; font-size: 16px; line-height: 1.92;\" itemprop=\"text\">Basta con poner una bolsita en una taza de agua caliente y dejar que se infusione hasta alcanzar la potencia deseada. Esta sencilla preparaci\u00f3n facilita el disfrute diario de la verbena.<\/p>\n<\/div>\n<\/div>\n<div style=\"height: 14px;\">&nbsp;<\/div>\n<div style=\"background: #fff; border: 1px solid rgba(76,93,78,0.14); border-left: 4px solid #4C5D4E; border-radius: 16px; padding: 20px;\" itemprop=\"mainEntity\" itemscope=\"\" itemtype=\"https:\/\/schema.org\/Question\">\n<h3 style=\"margin: 0 0 8px; color: #273130; font-size: 18px; line-height: 1.45; font-weight: 800;\" itemprop=\"name\">\u00bfPor qu\u00e9 comprar verbena del Sult\u00e1n en Tisane Addict?<\/h3>\n<div itemprop=\"acceptedAnswer\" itemscope=\"\" itemtype=\"https:\/\/schema.org\/Answer\">\n<p style=\"margin: 0; color: #5d6964; font-size: 16px; line-height: 1.92;\" itemprop=\"text\">Tisane Addict propone referencias claras, elegantes y coherentes con las expectativas de los amantes de las infusiones. Pure Verveine Sultan encaja perfectamente en esta selecci\u00f3n gracias a su sabor natural y alimonado y a su clara identidad de marca.<\/p>\n<\/div>\n<\/div>\n<\/div>\n<\/div>","protected":false},"excerpt":{"rendered":"<p><strong>Verbena pura Sultan<\/strong> es una infusi\u00f3n de verbena 100% natural, sin cafe\u00edna y con un fresco y agradable sabor a lim\u00f3n. Esta infusi\u00f3n de verbena de la marca Sult\u00e1n es ideal para quienes buscan una bebida caliente sencilla y elegante, f\u00e1cil de disfrutar a diario. Pr\u00e1ctico formato : <strong>20 sobres<\/strong> \u2013 <strong>32 g<\/strong>.<\/p>","protected":false},"featured_media":128,"template":"","meta":[],"product_brand":[],"product_cat":[15],"product_tag":[],"class_list":{"0":"post-127","1":"product","2":"type-product","3":"status-publish","4":"has-post-thumbnail","6":"product_cat-the-tisane-sultan","8":"first","9":"outofstock","10":"shipping-taxable","11":"purchasable","12":"product-type-simple"},"_links":{"self":[{"href":"https:\/\/www.tisaneaddict.com\/es\/wp-json\/wp\/v2\/product\/127","targetHints":{"allow":["GET"]}}],"collection":[{"href":"https:\/\/www.tisaneaddict.com\/es\/wp-json\/wp\/v2\/product"}],"about":[{"href":"https:\/\/www.tisaneaddict.com\/es\/wp-json\/wp\/v2\/types\/product"}],"wp:featuredmedia":[{"embeddable":true,"href":"https:\/\/www.tisaneaddict.com\/es\/wp-json\/wp\/v2\/media\/128"}],"wp:attachment":[{"href":"https:\/\/www.tisaneaddict.com\/es\/wp-json\/wp\/v2\/media?parent=127"}],"wp:term":[{"taxonomy":"product_brand","embeddable":true,"href":"https:\/\/www.tisaneaddict.com\/es\/wp-json\/wp\/v2\/product_brand?post=127"},{"taxonomy":"product_cat","embeddable":true,"href":"https:\/\/www.tisaneaddict.com\/es\/wp-json\/wp\/v2\/product_cat?post=127"},{"taxonomy":"product_tag","embeddable":true,"href":"https:\/\/www.tisaneaddict.com\/es\/wp-json\/wp\/v2\/product_tag?post=127"}],"curies":[{"name":"wp","href":"https:\/\/api.w.org\/{rel}","templated":true}]}}