{"id":3,"date":"2026-04-15T14:52:34","date_gmt":"2026-04-15T14:52:34","guid":{"rendered":"https:\/\/www.tisaneaddict.com\/?page_id=3"},"modified":"2026-04-21T17:12:52","modified_gmt":"2026-04-21T17:12:52","slug":"politica-de-privacidad","status":"publish","type":"page","link":"https:\/\/www.tisaneaddict.com\/es\/politique-de-confidentialite\/","title":{"rendered":"USO DE LOS DATOS PERSONALES RECOGIDOS"},"content":{"rendered":"<h1 class=\"wp-block-heading\">USO DE LOS DATOS PERSONALES RECOGIDOS<\/h1>\n\n\n\n<p>El sitio web https:\/\/www.tisaneaddict.com\/ es propiedad de Fahim El Bouhamdi. Comerciante individual. Siret: 791618408.<\/p>\n\n\n\n<p>Si tiene alguna pregunta, no dude en ponerse en contacto con nosotros por correo electr\u00f3nico: contact@tisaneaddict.com<\/p>\n\n\n\n<p>Para llevar a cabo su actividad, https:\/\/www.tisaneaddict.com\/ recopila sus datos personales, que se le han pedido al registrarse como usuario o cliente del sitio.<\/p>\n\n\n\n<p>https:\/\/www.tisaneaddict.com\/ cumple todas las leyes y normativas sobre protecci\u00f3n de datos.<\/p>\n\n\n\n<p>Puede ponerse en contacto con nosotros para obtener una copia de la informaci\u00f3n que tenemos sobre su perfil.<\/p>\n\n\n\n<h3 class=\"wp-block-heading\" id=\"h-protection-des-donnees-personnelles\">PROTECCI\u00d3N DE DATOS PERSONALES<\/h3>\n\n\n\n<p><strong>Google Analytics, seguimiento de conversiones de Google AdWords, remarketing de Google, p\u00edxel de Facebook<\/strong><\/p>\n\n\n\n<p>Este sitio web utiliza Google Analytics, Google AdWords Conversion Tracking, Google Remarketing y el p\u00edxel de Facebook. Google y Facebook utilizan cookies (archivos de texto) que se almacenan en su ordenador. Se utilizan para analizar su uso del sitio.<\/p>\n\n\n\n<p>Google Analytics y el p\u00edxel de Facebook capturan la informaci\u00f3n de forma an\u00f3nima. Las estad\u00edsticas del sitio no contienen ninguna informaci\u00f3n personal sobre los visitantes. Las cookies utilizadas son cookies de doble clic dise\u00f1adas para comunicar datos a terceros que los procesan con el fin de permitir el remarketing para productos como AdWords en la red de Google. En las cookies se registra informaci\u00f3n como, por ejemplo, la hora de las visitas. Tambi\u00e9n se registra informaci\u00f3n adicional, como si se trata de la primera visita del usuario al sitio, y qu\u00e9 informaci\u00f3n sobre el sitio llev\u00f3 al visitante a la p\u00e1gina web. La informaci\u00f3n proporcionada por las cookies se transmite a los servidores de Google y Facebook, donde se almacena. Google podr\u00e1 transmitir dicha informaci\u00f3n a terceros cuando as\u00ed se lo requiera la legislaci\u00f3n, o cuando dichos terceros procesen la informaci\u00f3n por cuenta de Google. Google cumple con las disposiciones de protecci\u00f3n de datos del programa Safe Harbor de Estados Unidos y figura como participante en el programa Safe Harbor del Departamento de Comercio de Estados Unidos. En el caso del seguimiento de conversiones de Google Adwords, se utiliza una cookie para determinar los servicios prestados una vez que el usuario ha hecho clic en un anuncio de AdWords. En el marco de Google Remarketing, la forma en que los internautas navegan por las p\u00e1ginas del sitio se registra de forma an\u00f3nima mediante cookies de marketing y se utiliza para adaptar los anuncios a sus \u00e1reas de inter\u00e9s.<\/p>\n\n\n\n<p>Este sistema no recoge ni registra en modo alguno datos personales que puedan identificar a los visitantes del sitio web. La recogida y registro de datos puede interrumpirse en cualquier momento. El uso de cookies para el seguimiento de conversiones de Google Adwords y Google Remarketing puede identificarse en www.google.com\/ads\/preferences y desactivarse en www.networkadvertising.org\/managing\/opt_out.asp.<\/p>\n\n\n\n<p>Si desea eliminar todas las cookies del navegador, deber\u00e1 repetir la operaci\u00f3n. Puede evitar por completo la instalaci\u00f3n de cookies en su navegador realizando los ajustes adecuados. Si desea desactivar Google Analytics, puede encontrar el complemento de navegador adecuado en https:\/\/tools.google.com\/dlpage\/gaoptout?hl=fr.<\/p>\n\n\n\n<p>Al utilizar este sitio web, usted consiente el almacenamiento y tratamiento de sus datos para los fines arriba indicados. Encontrar\u00e1 m\u00e1s informaci\u00f3n sobre la publicidad de Google y la protecci\u00f3n de datos en http:\/\/www.google.ch\/intl\/fr\/policies\/technologies\/ads\/.<\/p>\n\n\n\n<p><strong>NORMAS DE SEGURIDAD RELATIVAS A LOS DATOS RECOGIDOS<\/strong><\/p>\n\n\n\n<p>Toda la informaci\u00f3n que registre en su sitio web puede ser le\u00edda por otros internautas. Por eso le pedimos que est\u00e9 atento y sea consciente de sus responsabilidades con respecto a su informaci\u00f3n sensible (por ejemplo, direcciones, n\u00fameros de tel\u00e9fono) y sus datos confidenciales (por ejemplo, contrase\u00f1as, identificadores). Tenga en cuenta que las zonas protegidas con contrase\u00f1a no est\u00e1n protegidas contra el acceso no autorizado (hacking).<\/p>\n\n\n\n<p><strong>TRANSMISI\u00d3N DE LA INFORMACI\u00d3N RECOGIDA POR TISANE ADDICT<\/strong><\/p>\n\n\n\n<p>Sus datos no se vender\u00e1n a terceros.<\/p>\n\n\n\n<p>Adem\u00e1s, no revelaremos informaci\u00f3n personal a terceros sin su consentimiento, excepto para cumplir las Condiciones Generales de Venta, nuestros derechos o para an\u00e1lisis estad\u00edsticos.<\/p>\n\n\n\n<p><strong>INFORMACI\u00d3N SOBRE SUS DERECHOS<\/strong><\/p>\n\n\n\n<p>Si tiene una cuenta o ha dejado comentarios en el sitio, puede solicitar que le enviemos un archivo con todos los datos personales que tenemos sobre usted, incluidos los que nos ha facilitado. Tambi\u00e9n puede solicitar la supresi\u00f3n de sus datos personales. Esto no incluye los datos almacenados con fines administrativos, legales o de seguridad.<\/p>","protected":false},"excerpt":{"rendered":"<p>UTILISATION DES DONN\u00c9ES PERSONNELLES COLLECT\u00c9ES Le site https:\/\/www.tisaneaddict.com\/ est la propri\u00e9t\u00e9 de Fahim El Bouhamdi. Entrepreneur individuel. Siret : 791618408. Pour toute question, n\u2019h\u00e9sitez pas \u00e0 nous contacter par email :\u00a0contact@tisaneaddict.com Pour son activit\u00e9, https:\/\/www.tisaneaddict.com\/ collecte des donn\u00e9es qui vous sont propres et que vous avez \u00e9t\u00e9 amen\u00e9s \u00e0 indiquer lors de votre inscription en [&#8230;]\n","protected":false},"author":1,"featured_media":0,"parent":0,"menu_order":0,"comment_status":"closed","ping_status":"open","template":"","meta":{"footnotes":""},"class_list":["post-3","page","type-page","status-publish","hentry"],"_links":{"self":[{"href":"https:\/\/www.tisaneaddict.com\/es\/wp-json\/wp\/v2\/pages\/3","targetHints":{"allow":["GET"]}}],"collection":[{"href":"https:\/\/www.tisaneaddict.com\/es\/wp-json\/wp\/v2\/pages"}],"about":[{"href":"https:\/\/www.tisaneaddict.com\/es\/wp-json\/wp\/v2\/types\/page"}],"author":[{"embeddable":true,"href":"https:\/\/www.tisaneaddict.com\/es\/wp-json\/wp\/v2\/users\/1"}],"replies":[{"embeddable":true,"href":"https:\/\/www.tisaneaddict.com\/es\/wp-json\/wp\/v2\/comments?post=3"}],"version-history":[{"count":1,"href":"https:\/\/www.tisaneaddict.com\/es\/wp-json\/wp\/v2\/pages\/3\/revisions"}],"predecessor-version":[{"id":107,"href":"https:\/\/www.tisaneaddict.com\/es\/wp-json\/wp\/v2\/pages\/3\/revisions\/107"}],"wp:attachment":[{"href":"https:\/\/www.tisaneaddict.com\/es\/wp-json\/wp\/v2\/media?parent=3"}],"curies":[{"name":"wp","href":"https:\/\/api.w.org\/{rel}","templated":true}]}}