{"id":100,"date":"2026-04-21T16:01:52","date_gmt":"2026-04-21T16:01:52","guid":{"rendered":"https:\/\/www.tisaneaddict.com\/?page_id=100"},"modified":"2026-04-21T16:01:53","modified_gmt":"2026-04-21T16:01:53","slug":"informacion-legal","status":"publish","type":"page","link":"https:\/\/www.tisaneaddict.com\/es\/mentions-legales\/","title":{"rendered":"Informaci\u00f3n jur\u00eddica"},"content":{"rendered":"<h1 class=\"wp-block-heading\">Informaci\u00f3n jur\u00eddica<\/h1>\n\n\n\n<h2 class=\"wp-block-heading\" id=\"h-informations-legales\">Informaci\u00f3n jur\u00eddica<\/h2>\n\n\n\n<h3 class=\"wp-block-heading\" id=\"h-1-presentation-du-site\">1. Presentaci\u00f3n del sitio.<\/h3>\n\n\n\n<p>De conformidad con el art\u00edculo 6 de la Ley n\u00ba 2004-575, de 21 de junio de 2004, sobre la confianza en la econom\u00eda digital, se informa a los usuarios del sitio web https:\/\/www.tisaneaddict.com\/ de la identidad de las distintas partes que intervienen en su creaci\u00f3n y seguimiento:<\/p>\n\n\n\n<p><strong>Propietario<\/strong>\u00a0Fahim El Bouhamdi. Comerciante individual. Siret: 791618408.<br><strong>Creador<\/strong>\u00a0: https:\/\/www.tisaneaddict.com\/<br><strong>Responsable de la publicaci\u00f3n<\/strong>\u00a0: https:\/\/www.tisaneaddict.com\/<br>El responsable de la publicaci\u00f3n es una persona f\u00edsica o jur\u00eddica.<br><strong>Webmaster<\/strong>\u00a0https:\/\/www.tisaneaddict.com\/ - contact@tisaneaddict.com<br><strong>Anfitri\u00f3n<\/strong>\u00a0: o2switch.<\/p>\n\n\n\n<p>Para m\u00e1s informaci\u00f3n, consulte\u00ab\u00a0<a href=\"https:\/\/www.tisaneaddict.com\/es\/quienes-somos\/\" data-type=\"link\" data-id=\"https:\/\/www.tisaneaddict.com\/a-propos-qui-sommes-nous\/\">Para<\/a>s\u00ab .<\/p>\n\n\n\n<h3 class=\"wp-block-heading\" id=\"h-2-conditions-generales-d-utilisation-du-site-et-des-services-proposes\">2. Condiciones generales de utilizaci\u00f3n del sitio y de los servicios ofrecidos.<\/h3>\n\n\n\n<p>El uso del sitio web https:\/\/www.tisaneaddict.com\/ implica la plena aceptaci\u00f3n de las condiciones generales de uso que se exponen a continuaci\u00f3n. Estas condiciones de uso podr\u00e1n ser modificadas o completadas en cualquier momento, por lo que se aconseja a los usuarios del sitio web https:\/\/www.tisaneaddict.com\/ que las consulten peri\u00f3dicamente.<\/p>\n\n\n\n<p>Este sitio es normalmente accesible a los usuarios en todo momento. No obstante, https:\/\/www.tisaneaddict.com\/ puede decidir interrumpir el sitio por motivos de mantenimiento t\u00e9cnico, en cuyo caso procurar\u00e1 informar a los usuarios con antelaci\u00f3n de las fechas y horas de la intervenci\u00f3n.<\/p>\n\n\n\n<p>El sitio web https:\/\/www.tisaneaddict.com\/ es actualizado regularmente por https:\/\/www.tisaneaddict.com\/. Del mismo modo, las menciones legales pueden modificarse en cualquier momento: no obstante, son vinculantes para el usuario, al que se invita a consultarlas con la mayor frecuencia posible para leerlas.<\/p>\n\n\n\n<h3 class=\"wp-block-heading\" id=\"h-3-nbsp-enregistrement-et-validation-de-commande\">3 - REGISTRO Y VALIDACI\u00d3N DE PEDIDOS<\/h3>\n\n\n\n<h4 class=\"wp-block-heading\" id=\"h-3-1-navigation-a-l-interieur-du-site\">3.1 Navegaci\u00f3n por el Sitio<\/h4>\n\n\n\n<p>El Usuario puede informarse sobre los distintos Productos puestos a la venta por https:\/\/www.tisaneaddict.com\/ en su Sitio.<br>El Usuario puede navegar libremente por las distintas p\u00e1ginas del Sitio sin estar vinculado por ning\u00fan orden.<\/p>\n\n\n\n<h4 class=\"wp-block-heading\" id=\"h-3-2-enregistrement-nbsp-d-une-commande\">3.2 Registro de un pedido<\/h4>\n\n\n\n<p>Si el Usuario desea realizar un pedido, seleccionar\u00e1 los distintos Productos en los que est\u00e9 interesado, y manifestar\u00e1 este inter\u00e9s haciendo clic en el icono \u00abcesta de la compra\u00bb.<br>El Usuario podr\u00e1 en todo momento:<\/p>\n\n\n\n<ul class=\"wp-block-list\">\n<li>obtener un resumen de los Productos que han seleccionado, haciendo clic en la cesta.<\/li>\n\n\n\n<li>contin\u00fae o modifique su selecci\u00f3n de Productos haciendo clic en \u201cContinuar comprando\u201d.<\/li>\n\n\n\n<li>completar su selecci\u00f3n de Productos y encargar dichos Productos haciendo clic en \u201cProceder al pago\u201d.<\/li>\n<\/ul>\n\n\n\n<p>Para realizar el pedido de los Productos que haya elegido, tras hacer clic en \u201cProceder al pago\u201d, el Usuario deber\u00e1 identificarse introduciendo su direcci\u00f3n de correo electr\u00f3nico y la contrase\u00f1a que eligi\u00f3 al crear su cuenta o, si se trata de su primer pedido, haciendo clic en \u00abCrear una cuenta\u00bb. En este \u00faltimo caso, el Usuario deber\u00e1 rellenar correctamente el formulario previsto a tal efecto, en el que deber\u00e1 incluir los datos necesarios para su identificaci\u00f3n, en particular sus apellidos, su nombre y su direcci\u00f3n postal. Adem\u00e1s, el Usuario deber\u00e1 facilitar su direcci\u00f3n de correo electr\u00f3nico y una contrase\u00f1a de su elecci\u00f3n, que ser\u00e1 personal y confidencial y que necesitar\u00e1 para identificarse posteriormente en el Sitio.<br>El Usuario queda informado y acepta que la introducci\u00f3n de estos dos identificadores constituye una prueba de su identidad y expresa su consentimiento.<br>Una vez identificado, el Usuario deber\u00e1 validar la direcci\u00f3n de entrega y aparecer\u00e1 en pantalla un formulario de pedido en el que se resumir\u00e1n: la naturaleza, la cantidad y el precio de los Productos seleccionados por el Usuario, as\u00ed como el importe total del pedido, los gastos de env\u00edo, el plazo de entrega, los datos de contacto del Usuario y la direcci\u00f3n de entrega de los Productos.<\/p>\n\n\n\n<h5 class=\"wp-block-heading\" id=\"h-offres-commerciales\">Ofertas comercialesPara beneficiarse de una oferta comercial que le haya sido enviada, el Usuario deber\u00e1 introducir y validar su \u201dc\u00f3digo promocional\u201c en el campo previsto a tal efecto en la p\u00e1gina de pago.<\/h5>\n\n\n\n<h4 class=\"wp-block-heading\" id=\"h-3-3-validation-definitive-de-la-commande-et-paiement\">3.3 Confirmaci\u00f3n final del pedido y pago<\/h4>\n\n\n\n<p>Tras comprobar el estado del pedido, y una vez cumplimentados por el Usuario todos los datos solicitados, aparecer\u00e1 un resumen de los mismos y del pedido y el Usuario deber\u00e1 elegir la forma de pago con la que desea realizar el pago para confirmar definitivamente su pedido.<br>Los pedidos deben abonarse en :<\/p>\n\n\n\n<ul class=\"wp-block-list\">\n<li>euros con tarjeta bancaria francesa o internacional\u00a0<\/li>\n<\/ul>\n\n\n\n<p>Se especifica que cuando el pago inmediato se realice mediante tarjeta de cr\u00e9dito, \u00e9ste estar\u00e1 asegurado mediante encriptaci\u00f3n S.S.L. (Secure Socket Layer) con el fin de proteger todos los datos relativos a los medios de pago, y que en ning\u00fan momento los datos bancarios del Usuario pasar\u00e1n por el sistema inform\u00e1tico de https:\/\/www.tisaneaddict.com\/.<br>En cuanto el Usuario confirma el pago, se registra el pedido. El Usuario se convierte en Cliente. El formulario de pedido quedar\u00e1 registrado en los registros inform\u00e1ticos de https:\/\/www.tisaneaddict.com\/ y se considerar\u00e1 prueba de la relaci\u00f3n contractual entre las Partes.<br>El Cliente dispone de un derecho de retractaci\u00f3n y de reembolso en un plazo de catorce (14) d\u00edas laborables a partir de la fecha de recepci\u00f3n de los Productos por el Cliente.<\/p>\n\n\n\n<h4 class=\"wp-block-heading\" id=\"h-3-4-confirmation-de-la-commande\">3.4 Confirmaci\u00f3n del pedido<\/h4>\n\n\n\n<p>Una vez validado el pedido, se mostrar\u00e1 un resumen del mismo.<br>Esta confirmaci\u00f3n incluir\u00e1 todos los elementos constitutivos del contrato entre las Partes.<br>Este resumen del pedido tambi\u00e9n se enviar\u00e1 por correo electr\u00f3nico al Cliente en los minutos siguientes a la compra.<br>A continuaci\u00f3n, el Cliente tendr\u00e1 acceso al \u201cseguimiento del pedido\u201d haciendo clic en \u201cIniciar sesi\u00f3n\u201d e identific\u00e1ndose con su direcci\u00f3n de correo electr\u00f3nico y contrase\u00f1a.<\/p>\n\n\n\n<h4 class=\"wp-block-heading\" id=\"h-3-5-modification-d-une-commande\">3.5 Modificaci\u00f3n de una orden<\/h4>\n\n\n\n<p>Los pedidos realizados pueden seguirse desde el men\u00fa \u00abInicio de sesi\u00f3n\u00bb.<br>Para modificar un pedido, es necesario anularlo, volver a introducirlo en la cesta y corregirlo seg\u00fan proceda antes de validarlo.<br>Una orden s\u00f3lo puede modificarse o anularse cuando su estado es \u00abRegistrada\u00bb.<br>Un pedido en estado \u00aben preparaci\u00f3n\u00bb o \u00abexpedido\u00bb ya no puede modificarse.<\/p>\n\n\n\n<h3 class=\"wp-block-heading\" id=\"h-4-paiement\">4 - Pago<\/h3>\n\n\n\n<p>El hecho de validar su pedido implica para usted la obligaci\u00f3n de pagar el precio indicado. El pago de sus compras se efect\u00faa por tarjeta de cr\u00e9dito mediante un sistema seguro. El cargo en la tarjeta s\u00f3lo se efect\u00faa en el momento del env\u00edo del pedido. En caso de entregas fraccionadas, s\u00f3lo se cargar\u00e1n los productos expedidos.<\/p>\n\n\n\n<h3 class=\"wp-block-heading\" id=\"h-5-retour-remboursement-et-droit-de-retractation\">5 - DEVOLUCIONES - REEMBOLSOS Y DERECHO DE DESISTIMIENTO<\/h3>\n\n\n\n<h5 class=\"wp-block-heading\" id=\"h-conditions-de-nbsp-retractation\">Condiciones de desistimientoEl Cliente dispone de un derecho de devoluci\u00f3n de catorce (14) d\u00edas a partir de la recepci\u00f3n de la totalidad de su pedido para desistir del mismo sin indicar necesariamente el motivo.<br>Para ejercer el derecho de desistimiento, el cliente debe notificar su decisi\u00f3n de desistir de su pedido mediante una declaraci\u00f3n inequ\u00edvoca, especificando su nombre completo, direcci\u00f3n de correo electr\u00f3nico, direcci\u00f3n, n\u00famero de pedido y fecha:por correo electr\u00f3nico: contact@tisaneaddict.com<\/h5>\n\n\n\n<h5 class=\"wp-block-heading\" id=\"h-remboursement\">ReembolsoEn caso de desistimiento del Cliente, https:\/\/www.tisaneaddict.com\/ reembolsar\u00e1 los pagos recibidos del Cliente y, en cualquier caso, a m\u00e1s tardar catorce (14) d\u00edas a partir del d\u00eda en que https:\/\/www.tisaneaddict.com\/ sea informado de la decisi\u00f3n de desistimiento del Cliente.<br>Si el Cliente desiste de la totalidad del pedido, https:\/\/www.tisaneaddict.com\/ reembolsar\u00e1 todos los pagos recibidos del Cliente por este pedido.<br>En caso de que el Cliente desista de parte de los Productos del pedido, https:\/\/www.tisaneaddict.com\/ reembolsar\u00e1 el importe de los Productos devueltos.<br>El reembolso se efectuar\u00e1 por el mismo medio de pago que el Cliente utiliz\u00f3 para su pedido o por transferencia bancaria.<br>https:\/\/www.tisaneaddict.com\/ podr\u00e1 aplazar el reembolso hasta haber recibido y comprobado los Productos.<\/h5>\n\n\n\n<h5 class=\"wp-block-heading\" id=\"h-retour-des-produits\">Devoluci\u00f3n de los ProductosEl Cliente deber\u00e1 devolver los Productos a m\u00e1s tardar catorce (14) d\u00edas despu\u00e9s de haber comunicado su decisi\u00f3n de desistimiento.<br>Los productos devueltos deben estar sin abrir, completos y sin da\u00f1os.<br>Los paquetes deben devolverse a la siguiente direcci\u00f3n Avenue cardinal Maurin 13600 la ciotat<br><br>El Cliente correr\u00e1 con los gastos de devoluci\u00f3n de la totalidad del pedido o de los Productos.<\/h5>\n\n\n\n<h3 class=\"wp-block-heading\" id=\"h-6-livraison\"><strong>6 - Entrega<\/strong><\/h3>\n\n\n\n<p>Los productos se entregan en la direcci\u00f3n de entrega indicada durante el proceso de pedido, en el plazo indicado en la p\u00e1gina de confirmaci\u00f3n del pedido. En caso de retraso en el env\u00edo, se le enviar\u00e1 un correo electr\u00f3nico para informarle de las posibles consecuencias sobre el plazo de entrega indicado. De conformidad con las disposiciones legales, en caso de retraso en la entrega, podr\u00e1 anular el pedido en las condiciones previstas en el art\u00edculo L 138-2 del C\u00f3digo de Consumo franc\u00e9s. Si, entretanto, recibe el producto, le reembolsaremos a usted y a los gastos de entrega de conformidad con el art\u00edculo L 138-3 del C\u00f3digo de Consumo franc\u00e9s. En caso de entrega por un transportista, la empresa&nbsp;<strong>Director General<\/strong>&nbsp;no se hace responsable de los retrasos en la entrega debidos exclusivamente a la indisponibilidad del cliente tras varias citas propuestas.<\/p>\n\n\n\n<h3 class=\"wp-block-heading\" id=\"h-7-garantie\">7 - Garant\u00eda<\/h3>\n\n\n\n<p>Todos nuestros productos est\u00e1n cubiertos por la garant\u00eda legal de conformidad y la garant\u00eda contra vicios ocultos, seg\u00fan lo dispuesto en los art\u00edculos 1641 y siguientes del C\u00f3digo Civil franc\u00e9s. En caso de no conformidad de un producto vendido, \u00e9ste podr\u00e1 ser devuelto, cambiado o reembolsado. Todas las reclamaciones, solicitudes de cambio o reembolso deben realizarse en un plazo de 30 d\u00edas a partir de la entrega. Los productos deben devolverse en el estado en que se recibieron, con todos sus componentes (accesorios, embalaje, instrucciones, etc.). Los gastos de env\u00edo se reembolsar\u00e1n sobre la base de la tarifa facturada y los gastos de devoluci\u00f3n se reembolsar\u00e1n previa presentaci\u00f3n de un justificante. Las disposiciones del presente art\u00edculo no le impiden beneficiarse del derecho de desistimiento previsto en el art\u00edculo 6.<\/p>\n\n\n\n<h3 class=\"wp-block-heading\" id=\"h-8-description-des-services-fournis\">8. Descripci\u00f3n de los servicios prestados.<\/h3>\n\n\n\n<p>El objetivo del sitio web https:\/\/www.tisaneaddict.com\/ es ofrecer informaci\u00f3n sobre todas las actividades de la empresa.<\/p>\n\n\n\n<p>https:\/\/www.tisaneaddict.com\/ se esfuerza por ofrecer en su sitio web informaci\u00f3n lo m\u00e1s exacta posible. Sin embargo, no se hace responsable de las omisiones, inexactitudes o falta de actualizaci\u00f3n de la informaci\u00f3n, ya sea por su culpa o por la de terceros que suministren la informaci\u00f3n.<\/p>\n\n\n\n<p>Toda la informaci\u00f3n facilitada en el sitio web https:\/\/www.tisaneaddict.com\/ tiene car\u00e1cter meramente orientativo y est\u00e1 sujeta a cambios. Adem\u00e1s, la informaci\u00f3n del sitio https:\/\/www.tisaneaddict.com\/ no es exhaustiva. Est\u00e1 sujeta a cambios desde su puesta en l\u00ednea.<\/p>\n\n\n\n<h3 class=\"wp-block-heading\" id=\"h-9-limitations-contractuelles-sur-les-donnees-techniques\">9. Limitaciones contractuales de los datos t\u00e9cnicos.<\/h3>\n\n\n\n<p>El sitio utiliza la tecnolog\u00eda JavaScript.<\/p>\n\n\n\n<p>El sitio web no se hace responsable de los da\u00f1os materiales derivados de su utilizaci\u00f3n. Adem\u00e1s, los usuarios del sitio se comprometen a acceder a \u00e9l utilizando equipos recientes, libres de virus y con un navegador actualizado de \u00faltima generaci\u00f3n.<\/p>\n\n\n\n<h3 class=\"wp-block-heading\" id=\"h-10-propriete-intellectuelle-et-contrefacons\">10. Propiedad intelectual y falsificaci\u00f3n.<\/h3>\n\n\n\n<p>es propietaria de los derechos de propiedad intelectual o titular de los derechos de uso sobre todos los elementos accesibles en el sitio, en particular los textos, im\u00e1genes, gr\u00e1ficos, logotipos, iconos, sonidos y software.<\/p>\n\n\n\n<p>Toda reproducci\u00f3n, representaci\u00f3n, modificaci\u00f3n, publicaci\u00f3n, adaptaci\u00f3n de la totalidad o parte de los elementos del sitio, cualesquiera que sean los medios o procedimientos utilizados, est\u00e1 prohibida, salvo autorizaci\u00f3n previa por escrito de: https:\/\/www.tisaneaddict.com\/.<\/p>\n\n\n\n<p>Cualquier uso no autorizado del sitio o de cualquiera de los elementos que contiene se considerar\u00e1 constitutivo de infracci\u00f3n y ser\u00e1 perseguido de conformidad con lo dispuesto en los art\u00edculos L.335-2 y siguientes del C\u00f3digo franc\u00e9s de la Propiedad Intelectual.<\/p>\n\n\n\n<h3 class=\"wp-block-heading\" id=\"h-11-limitations-de-responsabilite\">11. Limitaci\u00f3n de responsabilidad.<\/h3>\n\n\n\n<p>https:\/\/www.tisaneaddict.com\/ no se hace responsable de los da\u00f1os directos o indirectos causados al equipo del usuario al acceder al sitio web https:\/\/www.tisaneaddict.com\/, derivados bien del uso de un equipo que no cumpla las especificaciones indicadas en el punto 4, bien de la aparici\u00f3n de un error o incompatibilidad.<\/p>\n\n\n\n<p>https:\/\/www.tisaneaddict.com\/ no se hace responsable de ning\u00fan da\u00f1o indirecto (como p\u00e9rdida de negocio o p\u00e9rdida de oportunidades) derivado del uso del sitio web https:\/\/www.tisaneaddict.com\/.<\/p>\n\n\n\n<p>Los usuarios tienen a su disposici\u00f3n espacios interactivos (posibilidad de formular preguntas en el espacio de contacto). https:\/\/www.tisaneaddict.com\/ se reserva el derecho de suprimir, sin previo aviso, cualquier contenido publicado en este espacio que contravenga la legislaci\u00f3n aplicable en Francia, en particular las disposiciones relativas a la protecci\u00f3n de datos. En su caso, https:\/\/www.tisaneaddict.com\/ tambi\u00e9n se reserva el derecho de exigir responsabilidades civiles y\/o penales al usuario, especialmente en caso de mensajes de car\u00e1cter racista, insultante, difamatorio o pornogr\u00e1fico, sea cual sea el soporte utilizado (texto, fotograf\u00edas, etc.).<\/p>\n\n\n\n<h3 class=\"wp-block-heading\" id=\"h-12-gestion-des-donnees-personnelles\">12. Gesti\u00f3n de datos personales.<\/h3>\n\n\n\n<p>En Francia, los datos personales est\u00e1n protegidos por la ley n\u00ba 78-87 de 6 de enero de 1978, la ley n\u00ba 2004-801 de 6 de agosto de 2004, el art\u00edculo L. 226-13 del C\u00f3digo Penal y la Directiva Europea de 24 de octubre de 1995.<\/p>\n\n\n\n<p>Al utilizar el sitio web https:\/\/www.tisaneaddict.com\/, puede recopilarse la siguiente informaci\u00f3n: la URL de los enlaces a trav\u00e9s de los cuales el usuario ha accedido al sitio web https:\/\/www.tisaneaddict.com\/, el proveedor de acceso del usuario, la direcci\u00f3n de protocolo de Internet (IP) del usuario.<\/p>\n\n\n\n<p>En cualquier caso, https:\/\/www.tisaneaddict.com\/ s\u00f3lo recoge informaci\u00f3n personal relativa al usuario a efectos de determinados servicios ofrecidos por el sitio web https:\/\/www.tisaneaddict.com\/. Los usuarios facilitan esta informaci\u00f3n con pleno conocimiento de causa, especialmente cuando la introducen ellos mismos. A continuaci\u00f3n, se informa a los usuarios del sitio web https:\/\/www.tisaneaddict.com\/ de si est\u00e1n obligados o no a facilitar esta informaci\u00f3n.<\/p>\n\n\n\n<p>De conformidad con las disposiciones de los art\u00edculos 38 y siguientes de la Ley 78-17 de 6 de enero de 1978 relativa a la inform\u00e1tica, a los ficheros y a las libertades, todo usuario dispone de un derecho de acceso, de rectificaci\u00f3n y de oposici\u00f3n a los datos de car\u00e1cter personal que le conciernan, mediante el env\u00edo de una solicitud escrita y firmada, acompa\u00f1ada de una copia del documento de identidad con la firma del portador del documento, precisando la direcci\u00f3n a la que debe enviarse la respuesta.<\/p>\n\n\n\n<p>Ninguna informaci\u00f3n personal del usuario del sitio https:\/\/www.tisaneaddict.com\/ es publicada sin el conocimiento del usuario, intercambiada, transferida, cedida o vendida en ning\u00fan soporte a terceros. \u00danicamente la asunci\u00f3n de la recompra de https:\/\/www.tisaneaddict.com\/ y de sus derechos permitir\u00eda la transmisi\u00f3n de la informaci\u00f3n antes mencionada al posible comprador que estar\u00eda a su vez sujeto a la misma obligaci\u00f3n de conservaci\u00f3n y modificaci\u00f3n de los datos con respecto al usuario del sitio https:\/\/www.tisaneaddict.com\/.<\/p>\n\n\n\n<p>El sitio no ha sido declarado a la CNIL, ya que no recoge informaci\u00f3n personal. 2662965.<\/p>\n\n\n\n<p>Las bases de datos est\u00e1n protegidas por las disposiciones de la Ley de 1 de julio de 1998 que transpone la Directiva 96\/9 de 11 de marzo de 1996 sobre la protecci\u00f3n jur\u00eddica de las bases de datos.<\/p>\n\n\n\n<h3 class=\"wp-block-heading\" id=\"h-13-liens-hypertextes-et-cookies\">13. Enlaces de hipertexto y cookies.<\/h3>\n\n\n\n<p>El sitio https:\/\/www.tisaneaddict.com\/ contiene una serie de enlaces de hipertexto hacia otros sitios, establecidos con la autorizaci\u00f3n de https:\/\/www.tisaneaddict.com\/. No obstante, https:\/\/www.tisaneaddict.com\/ no est\u00e1 en condiciones de controlar el contenido de los sitios visitados de este modo y, por consiguiente, no asume ninguna responsabilidad al respecto.<\/p>\n\n\n\n<p>La navegaci\u00f3n por el sitio web https:\/\/www.tisaneaddict.com\/ puede provocar la instalaci\u00f3n de cookies en el ordenador del usuario. Una cookie es un peque\u00f1o archivo que no permite identificar al usuario, pero que registra informaci\u00f3n relativa a la navegaci\u00f3n de un ordenador en un sitio. Los datos as\u00ed obtenidos tienen por objeto facilitar la navegaci\u00f3n posterior por el sitio y tambi\u00e9n se utilizan para medir el n\u00famero de visitantes.<\/p>\n\n\n\n<p>Rechazar la instalaci\u00f3n de una cookie puede imposibilitar el acceso a determinados servicios. No obstante, el usuario puede configurar su ordenador de la siguiente manera para rechazar la instalaci\u00f3n de cookies:<\/p>\n\n\n\n<p>En Internet Explorer: pesta\u00f1a Herramientas (icono en forma de rueda arriba a la derecha) \/ Opciones de Internet. Haga clic en Confidencialidad y elija Bloquear todas las cookies. Confirme con Ok.<\/p>\n\n\n\n<p>Firefox: en la parte superior de la ventana del navegador, haga clic en el bot\u00f3n Firefox y, a continuaci\u00f3n, vaya a la pesta\u00f1a Opciones. Haga clic en la pesta\u00f1a Privacidad. Establezca las Reglas de retenci\u00f3n en: utilizar una configuraci\u00f3n personalizada para el historial. Por \u00faltimo, desmarque la casilla para desactivar las cookies.<\/p>\n\n\n\n<p>En Safari: haz clic en el icono de men\u00fa (simbolizado por una rueda dentada) situado en la parte superior derecha del navegador. Selecciona Ajustes. Haga clic en Mostrar configuraci\u00f3n avanzada. En la secci\u00f3n \u201cConfidencialidad\u201d, haga clic en Configuraci\u00f3n de contenido. En la secci\u00f3n \u201cCookies\u201d, puede bloquear las cookies.<\/p>\n\n\n\n<p>En Chrome: haga clic en el icono de men\u00fa (simbolizado por tres l\u00edneas horizontales) situado en la esquina superior derecha del navegador. Selecciona Configuraci\u00f3n. Haga clic en Mostrar configuraci\u00f3n avanzada. En la secci\u00f3n \u201cConfidencialidad\u201d, haga clic en Preferencias. En la pesta\u00f1a \u201cConfidencialidad\u201d, puede bloquear las cookies.<\/p>\n\n\n\n<h3 class=\"wp-block-heading\" id=\"h-14-droit-applicable-et-attribution-de-juridiction\">14. Ley aplicable y jurisdicci\u00f3n.<\/h3>\n\n\n\n<p>Cualquier litigio relacionado con el uso del sitio web https:\/\/www.tisaneaddict.com\/ est\u00e1 sujeto a la legislaci\u00f3n francesa. Los tribunales competentes de Par\u00eds tienen jurisdicci\u00f3n exclusiva.<\/p>\n\n\n\n<h3 class=\"wp-block-heading\" id=\"h-15-les-principales-lois-concernees\">15. Las principales leyes afectadas.<\/h3>\n\n\n\n<p>Ley n\u00ba 78-17 de 6 de enero de 1978, modificada por la Ley n\u00ba 2004-801 de 6 de agosto de 2004 relativa a la inform\u00e1tica, los ficheros y las libertades.<\/p>\n\n\n\n<p>Ley n\u00ba 2004-575 de 21 de junio de 2004 sobre la confianza en la econom\u00eda digital.<\/p>\n\n\n\n<h3 class=\"wp-block-heading\" id=\"h-16-lexique\">16. Glosario.<\/h3>\n\n\n\n<p>Usuario: Internauta que se conecta y utiliza el sitio mencionado.<\/p>\n\n\n\n<p>Informaci\u00f3n personal: \u00abinformaci\u00f3n que permite, en cualquier forma, directa o indirectamente, la identificaci\u00f3n de las personas f\u00edsicas a las que se aplica\u00bb (art\u00edculo 4 de la ley n\u00ba 78-17 de 6 de enero de 1978).<\/p>","protected":false},"excerpt":{"rendered":"<p>Mentions l\u00e9gales Informations l\u00e9gales 1. Pr\u00e9sentation du site. En vertu de l\u2019article 6 de la loi n\u00b0 2004-575 du 21 juin 2004 pour la confiance dans l\u2019\u00e9conomie num\u00e9rique, il est pr\u00e9cis\u00e9 aux utilisateurs du site\u00a0https:\/\/www.tisaneaddict.com\/\u00a0l\u2019identit\u00e9 des diff\u00e9rents intervenants dans le cadre de sa r\u00e9alisation et de son suivi : Propri\u00e9taire\u00a0: Fahim El Bouhamdi. Entrepreneur individuel. [&#8230;]\n","protected":false},"author":1,"featured_media":0,"parent":0,"menu_order":0,"comment_status":"closed","ping_status":"closed","template":"","meta":{"footnotes":""},"class_list":["post-100","page","type-page","status-publish","hentry"],"_links":{"self":[{"href":"https:\/\/www.tisaneaddict.com\/es\/wp-json\/wp\/v2\/pages\/100","targetHints":{"allow":["GET"]}}],"collection":[{"href":"https:\/\/www.tisaneaddict.com\/es\/wp-json\/wp\/v2\/pages"}],"about":[{"href":"https:\/\/www.tisaneaddict.com\/es\/wp-json\/wp\/v2\/types\/page"}],"author":[{"embeddable":true,"href":"https:\/\/www.tisaneaddict.com\/es\/wp-json\/wp\/v2\/users\/1"}],"replies":[{"embeddable":true,"href":"https:\/\/www.tisaneaddict.com\/es\/wp-json\/wp\/v2\/comments?post=100"}],"version-history":[{"count":1,"href":"https:\/\/www.tisaneaddict.com\/es\/wp-json\/wp\/v2\/pages\/100\/revisions"}],"predecessor-version":[{"id":101,"href":"https:\/\/www.tisaneaddict.com\/es\/wp-json\/wp\/v2\/pages\/100\/revisions\/101"}],"wp:attachment":[{"href":"https:\/\/www.tisaneaddict.com\/es\/wp-json\/wp\/v2\/media?parent=100"}],"curies":[{"name":"wp","href":"https:\/\/api.w.org\/{rel}","templated":true}]}}