{"id":45,"date":"2026-04-15T18:48:20","date_gmt":"2026-04-15T18:48:20","guid":{"rendered":"https:\/\/www.tisaneaddict.com\/?page_id=45"},"modified":"2026-04-21T15:36:19","modified_gmt":"2026-04-21T15:36:19","slug":"marken-von-tees-und-krautertees","status":"publish","type":"page","link":"https:\/\/www.tisaneaddict.com\/de\/marques-de-thes-et-tisanes\/","title":{"rendered":"Marken von Tees und Kr\u00e4utertees: Die beste Auswahl von Tisane Addict"},"content":{"rendered":"<style>\n  :root{\n    --ta-mousse:#4C5D4E;\n    --ta-mousse-dark:#3F4E41;\n    --ta-charbon:#273130;\n    --ta-sauge:#9EAB9E;\n    --ta-ivoire:#F5F5F5;\n    --ta-mineral:#F8F8F7;\n    --ta-ligne:rgba(76,93,78,0.14);\n    --ta-shadow:0 14px 34px rgba(39,49,48,0.08);\n    --ta-radius:22px;\n    --ta-max:1220px;\n  }\n\n  .ta-brands-page,\n  .ta-brands-page *{\n    box-sizing:border-box;\n  }\n\n  .ta-brands-page{\n    background:linear-gradient(180deg,#F8F8F7 0%,#FFFFFF 100%);\n    color:var(--ta-charbon);\n    font-family:Inter, Arial, sans-serif;\n  }\n\n  .ta-brands-wrap{\n    width:min(var(--ta-max), calc(100% - 32px));\n    margin:0 auto;\n  }\n\n  .ta-brands-section{\n    padding:84px 0;\n  }\n\n  .ta-brands-eyebrow{\n    display:inline-block;\n    margin-bottom:16px;\n    padding:8px 14px;\n    border-radius:999px;\n    background:rgba(76,93,78,0.10);\n    color:var(--ta-mousse);\n    font-size:.78rem;\n    font-weight:700;\n    letter-spacing:.14em;\n    text-transform:uppercase;\n  }\n\n  .ta-brands-title{\n    margin:0 0 18px;\n    font-family:Manrope, Inter, Arial, sans-serif;\n    font-size:clamp(2.2rem,4.6vw,4.4rem);\n    line-height:1.05;\n    font-weight:800;\n    letter-spacing:-0.03em;\n    color:var(--ta-charbon);\n  }\n\n  .ta-brands-subtitle{\n    margin:0;\n    max-width:920px;\n    font-size:clamp(1.02rem,1.45vw,1.16rem);\n    line-height:1.9;\n    color:#55625E;\n  }\n\n  .ta-brands-hero{\n    padding:96px 0 68px;\n  }\n\n  .ta-brands-hero-card{\n    background:#fff;\n    border:1px solid var(--ta-ligne);\n    border-radius:var(--ta-radius);\n    box-shadow:var(--ta-shadow);\n    padding:40px;\n  }\n\n  .ta-brands-actions{\n    display:flex;\n    flex-wrap:wrap;\n    gap:14px;\n    margin-top:28px;\n  }\n\n  .ta-brands-btn{\n    display:inline-flex;\n    align-items:center;\n    justify-content:center;\n    min-height:50px;\n    padding:0 22px;\n    border-radius:999px;\n    text-decoration:none;\n    font-weight:700;\n    transition:.25s ease;\n    border:1px solid transparent;\n  }\n\n  .ta-brands-btn-primary{\n    background:var(--ta-mousse);\n    color:#fff;\n  }\n\n  .ta-brands-btn-primary:hover{\n    background:var(--ta-mousse-dark);\n    color:#fff;\n  }\n\n  .ta-brands-btn-secondary{\n    background:#fff;\n    color:var(--ta-charbon);\n    border-color:var(--ta-ligne);\n  }\n\n  .ta-brands-btn-secondary:hover{\n    border-color:var(--ta-mousse);\n    color:var(--ta-mousse);\n  }\n\n  .ta-brands-intro{\n    display:grid;\n    grid-template-columns:1fr 1fr;\n    gap:26px;\n  }\n\n  .ta-brands-card{\n    background:#fff;\n    border:1px solid var(--ta-ligne);\n    border-radius:var(--ta-radius);\n    box-shadow:var(--ta-shadow);\n    padding:30px;\n    height:100%;\n  }\n\n  .ta-brands-h2{\n    margin:0 0 14px;\n    font-family:Manrope, Inter, Arial, sans-serif;\n    font-size:clamp(1.55rem,2.3vw,2.3rem);\n    line-height:1.15;\n    font-weight:800;\n    letter-spacing:-0.02em;\n    color:var(--ta-charbon);\n  }\n\n  .ta-brands-p{\n    margin:0;\n    font-size:1rem;\n    line-height:1.9;\n    color:#55625E;\n  }\n\n  .ta-brands-logo-section{\n    background:linear-gradient(180deg,#F5F7F5 0%,#FFFFFF 100%);\n    border-top:1px solid var(--ta-ligne);\n    border-bottom:1px solid var(--ta-ligne);\n  }\n\n  .ta-brand-logos-grid{\n    display:grid;\n    grid-template-columns:repeat(3,minmax(0,1fr));\n    gap:22px;\n    margin-top:28px;\n  }\n\n  .ta-brand-card{\n    background:#fff;\n    border:1px solid var(--ta-ligne);\n    border-radius:20px;\n    box-shadow:var(--ta-shadow);\n    overflow:hidden;\n    transition:transform .2s ease, box-shadow .2s ease;\n  }\n\n  .ta-brand-card:hover{\n    transform:translateY(-2px);\n    box-shadow:0 18px 38px rgba(39,49,48,0.10);\n  }\n\n  .ta-brand-logo-frame{\n    width:100%;\n    aspect-ratio:16\/10;\n    min-height:170px;\n    background:#fff;\n    display:flex;\n    align-items:center;\n    justify-content:center;\n    padding:22px;\n    border-bottom:1px solid var(--ta-ligne);\n  }\n\n  .ta-brand-logo-frame img{\n    width:100%;\n    height:100%;\n    object-fit:contain;\n    object-position:center;\n    display:block;\n  }\n\n  .ta-brand-content{\n    padding:22px;\n  }\n\n  .ta-brand-name{\n    margin:0 0 10px;\n    font-family:Manrope, Inter, Arial, sans-serif;\n    font-size:1.08rem;\n    font-weight:800;\n    color:var(--ta-charbon);\n    line-height:1.3;\n  }\n\n  .ta-brand-text{\n    margin:0;\n    color:#5D6A66;\n    line-height:1.78;\n    font-size:.97rem;\n  }\n\n  .ta-faq-section{\n    background:#F8F8F7;\n    border-top:1px solid var(--ta-ligne);\n    border-bottom:1px solid var(--ta-ligne);\n  }\n\n  .ta-faq-list{\n    display:flex;\n    flex-direction:column;\n    gap:18px;\n    margin-top:28px;\n  }\n\n  .ta-faq-item{\n    background:#fff;\n    border:1px solid var(--ta-ligne);\n    border-left:4px solid var(--ta-mousse);\n    border-radius:18px;\n    box-shadow:var(--ta-shadow);\n    padding:24px;\n  }\n\n  .ta-faq-question{\n    margin:0 0 10px;\n    font-family:Manrope, Inter, Arial, sans-serif;\n    font-size:1.08rem;\n    line-height:1.45;\n    font-weight:800;\n    color:var(--ta-charbon);\n  }\n\n  .ta-faq-answer{\n    margin:0;\n    color:#586661;\n    line-height:1.85;\n    font-size:1rem;\n  }\n\n  .ta-brands-cta{\n    text-align:center;\n  }\n\n  .ta-brands-cta-card{\n    background:linear-gradient(180deg,#4C5D4E 0%,#425246 100%);\n    border-radius:var(--ta-radius);\n    box-shadow:var(--ta-shadow);\n    padding:40px 30px;\n    color:#fff;\n  }\n\n  .ta-brands-cta-card .ta-brands-eyebrow{\n    background:rgba(255,255,255,0.14);\n    color:#F3F6F4;\n  }\n\n  .ta-brands-cta-card .ta-brands-h2{\n    color:#fff;\n  }\n\n  .ta-brands-cta-card .ta-brands-subtitle{\n    color:#F3F6F4;\n    max-width:760px;\n    margin:0 auto;\n  }\n\n  .ta-brands-cta-card .ta-brands-actions{\n    justify-content:center;\n  }\n\n  .ta-brands-cta-card .ta-brands-btn-primary{\n    background:#fff;\n    color:var(--ta-mousse);\n  }\n\n  .ta-brands-cta-card .ta-brands-btn-primary:hover{\n    background:#F4F6F4;\n    color:var(--ta-mousse-dark);\n  }\n\n  .ta-brands-cta-card .ta-brands-btn-secondary{\n    background:transparent;\n    color:#fff;\n    border-color:rgba(255,255,255,0.26);\n  }\n\n  .ta-brands-cta-card .ta-brands-btn-secondary:hover{\n    border-color:#fff;\n    color:#fff;\n  }\n\n  @media (max-width:1100px){\n    .ta-brands-intro{\n      grid-template-columns:1fr;\n    }\n\n    .ta-brand-logos-grid{\n      grid-template-columns:repeat(2,minmax(0,1fr));\n    }\n  }\n\n  @media (max-width:767px){\n    .ta-brands-wrap{\n      width:min(var(--ta-max), calc(100% - 20px));\n    }\n\n    .ta-brands-section{\n      padding:56px 0;\n    }\n\n    .ta-brands-hero{\n      padding:68px 0 48px;\n    }\n\n    .ta-brands-hero-card,\n    .ta-brands-card,\n    .ta-faq-item,\n    .ta-brands-cta-card{\n      padding:22px;\n    }\n\n    .ta-brands-actions{\n      flex-direction:column;\n    }\n\n    .ta-brands-btn{\n      width:100%;\n    }\n\n    .ta-brand-logos-grid{\n      grid-template-columns:1fr;\n    }\n\n    .ta-brand-logo-frame{\n      aspect-ratio:16\/9;\n      min-height:150px;\n      padding:18px;\n    }\n\n    .ta-brands-subtitle,\n    .ta-brands-p,\n    .ta-brand-text,\n    .ta-faq-answer{\n      line-height:1.75;\n    }\n  }\n\n  @media (max-width:480px){\n    .ta-brands-title{\n      font-size:2rem;\n    }\n\n    .ta-brands-h2{\n      font-size:1.45rem;\n    }\n\n    .ta-brands-eyebrow{\n      font-size:.72rem;\n      padding:7px 12px;\n    }\n  }\n<\/style>\n\n<div class=\"ta-brands-page\">\n\n  <section class=\"ta-brands-hero\">\n    <div class=\"ta-brands-wrap\">\n      <div class=\"ta-brands-hero-card\">\n        <span class=\"ta-brands-eyebrow\">Markenuniversum<\/span>\n        <h1 class=\"ta-brands-title\">Marken von Tees und Kr\u00e4utertees<\/h1>\n        <p class=\"ta-brands-subtitle\">\n          Bei Tisane Addict stellen wir eine Auswahl von Tee- und Kr\u00e4uterteemarken in den Vordergrund.\n          die f\u00fcr ihre Identit\u00e4t, ihre Welt und ihre Einzigartigkeit bekannt sind. Ob Sie nun auf der Suche nach\n          die besten Teemarken, Kr\u00e4uterteemarken, die es zu entdecken gilt, Referenzen\n          historische oder botanische Getr\u00e4nke, die Sie in Ihren Alltag integrieren k\u00f6nnen, finden Sie hier\n          sorgf\u00e4ltig ausgew\u00e4hlte Marken in einer Premium-Umgebung, die klar und beruhigend ist.\n        <\/p>\n\n        <div class=\"ta-brands-actions\">\n          <a href=\"https:\/\/www.tisaneaddict.com\/de\/\" class=\"ta-brands-btn ta-brands-btn-primary\">Entdecke den Shop<\/a>\n          <a href=\"https:\/\/www.tisaneaddict.com\/de\/kontaktieren-sie-uns\/\" class=\"ta-brands-btn ta-brands-btn-secondary\">Kontaktieren Sie uns<\/a>\n        <\/div>\n      <\/div>\n    <\/div>\n  <\/section>\n\n  <section class=\"ta-brands-section\">\n    <div class=\"ta-brands-wrap\">\n      <div class=\"ta-brands-intro\">\n        <div class=\"ta-brands-card\">\n          <h2 class=\"ta-brands-h2\">Eine Auswahl an Tee- und Kr\u00e4uterteemarken, die auf Dauer angelegt sind<\/h2>\n          <p class=\"ta-brands-p\">\n            Eine sch\u00f6ne Auswahl an Tee- und Kr\u00e4uterteemarken verleiht sofort mehr Profil.\n            in Ihrem Gesch\u00e4ft. Sie erm\u00f6glicht es Ihnen, Ihre Kunden besser zu f\u00fchren, verschiedene Welten aufzuwerten\n            und sowohl historische als auch eher traditionelle Produkte in den Vordergrund zu stellen.\n            spezialisiert sind. Bei Tisane Addict besteht das Ziel darin, eine einfache Lesart anzubieten,\n            hochwertig und koh\u00e4rent der Teemarken, der Kr\u00e4uterteemarken und der Produkte, die Sie kaufen k\u00f6nnen.\n            Sie haben sich daf\u00fcr entschieden, diese in den Vordergrund zu stellen.\n          <\/p>\n        <\/div>\n\n        <div class=\"ta-brands-card\">\n          <h2 class=\"ta-brands-h2\">Bekannte Marken, vielf\u00e4ltige Welten, \u00fcbersichtlicheres Lesen<\/h2>\n          <p class=\"ta-brands-p\">\n            Historischer marokkanischer Tee, algerisch inspirierte Kr\u00e4utertees, eine Welt rund um den Nigel.\n            Nigella, Ingwer-Honig-Instantgetr\u00e4nke oder nat\u00fcrliche Wellness-Referenzen:\n            Ihre Auswahl deckt verschiedene Erwartungen und Sensibilit\u00e4ten ab. Diese Vielfalt\n            erm\u00f6glicht es Ihnen, an einem einzigen Ort Tee- und Kr\u00e4uterteemarken zu finden, die auf unterschiedliche Bed\u00fcrfnisse zugeschnitten sind.\n            in einem koh\u00e4renten und beruhigenden Rahmen.\n          <\/p>\n        <\/div>\n      <\/div>\n    <\/div>\n  <\/section>\n\n  <section class=\"ta-brands-section ta-brands-logo-section\">\n    <div class=\"ta-brands-wrap\">\n      <span class=\"ta-brands-eyebrow\">Unsere Marken<\/span>\n      <h2 class=\"ta-brands-h2\">Entdecken Sie unsere Auswahl an Tee- und Kr\u00e4uterteemarken<\/h2>\n      <p class=\"ta-brands-subtitle\">\n        Im Folgenden finden Sie die Marken, die in der Welt von Tisane Addict hervorgehoben werden, mit einer\n        einheitlichen, hochwertigen und leicht zu durchsuchenden Pr\u00e4sentation. Jede Marke beh\u00e4lt ihre eigene Identit\u00e4t\n        Identit\u00e4t, f\u00fcgt sich aber in eine koh\u00e4rente und f\u00fcr Ihre Kunden beruhigende Auswahl ein.\n      <\/p>\n\n      <div class=\"ta-brand-logos-grid\">\n\n        <article class=\"ta-brand-card\">\n          <div class=\"ta-brand-logo-frame\">\n            <img decoding=\"async\" src=\"https:\/\/www.tisaneaddict.com\/wp-content\/uploads\/2026\/04\/marque-de-the-tisane-sultan.png\" alt=\"Logo Sultan historische Marke des marokkanischen Tees\" \/>\n          <\/div>\n          <div class=\"ta-brand-content\">\n            <h3 class=\"ta-brand-name\">SULTAN<\/h3>\n            <p class=\"ta-brand-text\">\n              Sultan ist eine historische marokkanische Teemarke, die ihr Know-how in den Vordergrund stellt.\n              seit 1936 sowie eine kontrollierte Herstellung in der eigenen Fabrik in Marokko.\n              Ihre Identit\u00e4t verbindet das Erbe, die Qualit\u00e4tsanforderungen und die Rezepte, die dazu gedacht sind, den Sultan zu verl\u00e4ngern.\n              Die Rezepte sollen die authentische Erfahrung des marokkanischen Tees in den Alltag \u00fcbertragen.\n            <\/p>\n          <\/div>\n        <\/article>\n\n        <article class=\"ta-brand-card\">\n          <div class=\"ta-brand-logo-frame\">\n            <img decoding=\"async\" src=\"https:\/\/www.tisaneaddict.com\/wp-content\/uploads\/2026\/04\/marque-the-tisane-kabir.png\" alt=\"Logo Kabir Kr\u00e4utertees algerischen Ursprungs\" \/>\n          <\/div>\n          <div class=\"ta-brand-content\">\n            <h3 class=\"ta-brand-name\">KABIR<\/h3>\n            <p class=\"ta-brand-text\">\n              Kabir bietet Kr\u00e4utertees in Beuteln algerischen Ursprungs an, die insbesondere in folgenden Varianten angeboten werden\n              Minze, Thymian, Eisenkraut oder Ingwer-Honig. Die Marke ist in einem Register\n              einfach und warmherzig, inspiriert von algerischen und orientalischen Traditionen.\n              Rezepten, die f\u00fcr die t\u00e4glichen Wohlf\u00fchlpausen gedacht sind.\n            <\/p>\n          <\/div>\n        <\/article>\n\n        <article class=\"ta-brand-card\">\n          <div class=\"ta-brand-logo-frame\">\n            <img decoding=\"async\" src=\"https:\/\/www.tisaneaddict.com\/wp-content\/uploads\/2026\/04\/marque-the-tisane-nigelle-source.png\" alt=\"Logo Nigella Source Naturprodukte und Nigella\" \/>\n          <\/div>\n          <div class=\"ta-brand-content\">\n            <h3 class=\"ta-brand-name\">Nigella Quelle<\/h3>\n            <p class=\"ta-brand-text\">\n              Nigelle Source entwickelt ein Universum, das sich auf Nigella und Naturprodukte konzentriert,\n              mit einem Angebot, das von \u00d6len und Samen bis hin zu anderen botanischen Referenzen reicht\n              und Wohlbefinden umfasst. Die Marke legt Wert auf eine Auswahl, die sich an Inhaltsstoffen orientiert.\n              Die Marke konzentriert sich auf Rohstoffe, traditionelle Anwendungen und einen klaren nat\u00fcrlichen Ansatz.\n            <\/p>\n          <\/div>\n        <\/article>\n\n        <article class=\"ta-brand-card\">\n          <div class=\"ta-brand-logo-frame\">\n            <img decoding=\"async\" src=\"https:\/\/www.tisaneaddict.com\/wp-content\/uploads\/2026\/04\/marque-the-tisane-assil.png\" alt=\"Logo Assil Instant-Kr\u00e4utertee Ingwer Honig\" \/>\n          <\/div>\n          <div class=\"ta-brand-content\">\n            <h3 class=\"ta-brand-name\">ASSIL<\/h3>\n            <p class=\"ta-brand-text\">\n              Assil zeichnet sich durch eine Reihe von Instant-Kr\u00e4utertees aus, die um das Duo herum aufgebaut sind\n              Ingwer und Honig, je nach Rezept angereichert mit Schwarzk\u00fcmmel, Zitrone, Kokosnuss,\n              Moringa, Goji, Bissap oder auch roten Datteln erg\u00e4nzt wird. Seine Positionierung\n              beruht auf nat\u00fcrlichen, wohlriechenden und einfach zuzubereitenden Getr\u00e4nken, die f\u00fcr einen\n              f\u00fcr einen einfachen und regelm\u00e4\u00dfigen Konsum.\n            <\/p>\n          <\/div>\n        <\/article>\n\n        <article class=\"ta-brand-card\">\n          <div class=\"ta-brand-logo-frame\">\n            <img decoding=\"async\" src=\"https:\/\/www.tisaneaddict.com\/wp-content\/uploads\/2026\/04\/marque-the-tisane-hemani.png\" alt=\"Logo Hemani Marke f\u00fcr nat\u00fcrliches Wohlbefinden\" \/>\n          <\/div>\n          <div class=\"ta-brand-content\">\n            <h3 class=\"ta-brand-name\">HEMANI<\/h3>\n            <p class=\"ta-brand-text\">\n              Hemani ist eine Marke f\u00fcr nat\u00fcrliches Wohlbefinden, die Pflanzentraditionen verbindet\n              mit international zertifizierten Herstellungsstandards verbindet. Ihr Universum umfasst\n              insbesondere die herbal beverages, mit einer Positionierung, die sich auf Authentizit\u00e4t konzentriert,\n              Nat\u00fcrlichkeit und einer Produktionsqualit\u00e4t, die von der Marke stark betont wird.\n            <\/p>\n          <\/div>\n        <\/article>\n\n      <\/div>\n    <\/div>\n  <\/section>\n\n  <section class=\"ta-brands-section ta-faq-section\" itemscope itemtype=\"https:\/\/schema.org\/FAQPage\">\n    <div class=\"ta-brands-wrap\">\n      <span class=\"ta-brands-eyebrow\">H\u00e4ufig gestellte Fragen<\/span>\n      <h2 class=\"ta-brands-h2\">FAQ - Marken von Tee und Kr\u00e4utertee bei Tisane Addict<\/h2>\n      <p class=\"ta-brands-subtitle\">\n        Hier finden Sie Antworten auf die h\u00e4ufigsten Fragen rund um die Teemarken.\n        und der bei Tisane Addict ausgew\u00e4hlten Kr\u00e4uterteemarken.\n      <\/p>\n\n      <div class=\"ta-faq-list\">\n\n        <article class=\"ta-faq-item\" itemprop=\"mainEntity\" itemscope itemtype=\"https:\/\/schema.org\/Question\">\n          <h3 class=\"ta-faq-question\" itemprop=\"name\">Welche sind die besten Marken f\u00fcr Tee und Kr\u00e4utertee?<\/h3>\n          <div itemprop=\"acceptedAnswer\" itemscope itemtype=\"https:\/\/schema.org\/Answer\">\n            <p class=\"ta-faq-answer\" itemprop=\"text\">\n              Die besten Marken f\u00fcr Tee und Kr\u00e4utertee sind vor allem diejenigen, die zu Ihnen passen.\n              Ihrem Geschmack, Ihren Gewohnheiten und der Welt, die Sie suchen, entsprechen. Bei Tisane Addict,\n              w\u00e4hlen wir erg\u00e4nzende Marken wie Sultan, Kabir, Nigelle Source,\n              Assil oder Hemani, um ein koh\u00e4rentes, qualitatives und inspirierendes Angebot zu bieten.\n            <\/p>\n          <\/div>\n        <\/article>\n\n        <article class=\"ta-faq-item\" itemprop=\"mainEntity\" itemscope itemtype=\"https:\/\/schema.org\/Question\">\n          <h3 class=\"ta-faq-question\" itemprop=\"name\">Warum sollten Sie Tisane Addict w\u00e4hlen, um die besten Marken f\u00fcr Tee und Kr\u00e4utertee zu entdecken?<\/h3>\n          <div itemprop=\"acceptedAnswer\" itemscope itemtype=\"https:\/\/schema.org\/Answer\">\n            <p class=\"ta-faq-answer\" itemprop=\"text\">\n              Tisane Addict erm\u00f6glicht es Ihnen, mehrere Marken von Tee und Kr\u00e4utertee in\n              einem einzigen Universum, mit einer klaren, Premium- und beruhigenden Pr\u00e4sentation. Unsere Auswahl\n              ist darauf ausgerichtet, die Entdeckung zu erleichtern, jede Markenidentit\u00e4t aufzuwerten und Ihnen\n              eine einfachere Lekt\u00fcre zwischen marokkanischem Tee, orientalischen Kr\u00e4utertees, den Welten\n              botanische und nat\u00fcrliche Referenzen.\n            <\/p>\n          <\/div>\n        <\/article>\n\n        <article class=\"ta-faq-item\" itemprop=\"mainEntity\" itemscope itemtype=\"https:\/\/schema.org\/Question\">\n          <h3 class=\"ta-faq-question\" itemprop=\"name\">Wie w\u00e4hlt man die richtige Marke f\u00fcr Tee oder Kr\u00e4utertee?<\/h3>\n          <div itemprop=\"acceptedAnswer\" itemscope itemtype=\"https:\/\/schema.org\/Answer\">\n            <p class=\"ta-faq-answer\" itemprop=\"text\">\n              Um Ihre Tee- oder Kr\u00e4uterteemarke zu w\u00e4hlen, ist es hilfreich, von Ihren\n              Vorlieben: Geschmacksintensit\u00e4t, Art der Rezepte, traditionelle Inspiration,\n              nat\u00fcrliches Universum oder Stil des t\u00e4glichen Konsums. Bei Tisane Addict\n              Wir stellen verschiedene Marken in den Vordergrund, damit jeder leichter einen Tee finden kann.\n              diejenige, die zu ihm passt.\n            <\/p>\n          <\/div>\n        <\/article>\n\n        <article class=\"ta-faq-item\" itemprop=\"mainEntity\" itemscope itemtype=\"https:\/\/schema.org\/Question\">\n          <h3 class=\"ta-faq-question\" itemprop=\"name\">Welche Marke w\u00e4hlen Sie, um die Welt des marokkanischen Tees wiederzufinden?<\/h3>\n          <div itemprop=\"acceptedAnswer\" itemscope itemtype=\"https:\/\/schema.org\/Answer\">\n            <p class=\"ta-faq-answer\" itemprop=\"text\">\n              Wenn Sie eine Marke suchen, die mit der Welt des marokkanischen Tees in Verbindung gebracht wird, stellt Sultan\n              eine starke Referenz innerhalb der Auswahl von Tisane Addict. Seine historische Identit\u00e4t,\n              ihre Verankerung in Marokko und ihr seit 1936 beanspruchtes Erbe machen sie zu einer Marke.\n              in diesem Universum besonders gesch\u00e4tzt.\n            <\/p>\n          <\/div>\n        <\/article>\n\n        <article class=\"ta-faq-item\" itemprop=\"mainEntity\" itemscope itemtype=\"https:\/\/schema.org\/Question\">\n          <h3 class=\"ta-faq-question\" itemprop=\"name\">Welche Marke entdecken Sie f\u00fcr nat\u00fcrliche Kr\u00e4uter- und Fr\u00fcchtetees?<\/h3>\n          <div itemprop=\"acceptedAnswer\" itemscope itemtype=\"https:\/\/schema.org\/Answer\">\n            <p class=\"ta-faq-answer\" itemprop=\"text\">\n              Wenn Sie eine nat\u00fcrlichere und botanischere Welt entdecken m\u00f6chten, k\u00f6nnen Sie mehrere Marken entdecken\n              Ihre Aufmerksamkeit bei Tisane Addict auf sich ziehen. Nigelle Source entwickelt eine Positionierung\n              auf Schwarzk\u00fcmmel und Naturprodukte, Hemani setzt auf ein Universum des nat\u00fcrlichen Wohlbefindens.\n              nat\u00fcrliches Wohlbefinden, w\u00e4hrend Assil Instant-Rezepte rund um\n              Ingwer, Honig und anderen Zutaten mit ausgepr\u00e4gten Aromaprofilen.\n            <\/p>\n          <\/div>\n        <\/article>\n\n        <article class=\"ta-faq-item\" itemprop=\"mainEntity\" itemscope itemtype=\"https:\/\/schema.org\/Question\">\n          <h3 class=\"ta-faq-question\" itemprop=\"name\">Welche Marke entdecken Sie f\u00fcr orientalische und warme Kr\u00e4utertees?<\/h3>\n          <div itemprop=\"acceptedAnswer\" itemscope itemtype=\"https:\/\/schema.org\/Answer\">\n            <p class=\"ta-faq-answer\" itemprop=\"text\">\n              F\u00fcr eine Welt der Kr\u00e4utertees, die von algerischen und orientalischen Traditionen inspiriert sind, ist Kabir\n              eine besonders interessante Marke, die es zu entdecken gilt. Mit Rezepten wie z.B.\n              Minze, Thymian, Eisenkraut oder Ingwer-Honig steht sie f\u00fcr einen ganz besonderen Ansatz.\n              einfach, gesellig und warmherzig.\n            <\/p>\n          <\/div>\n        <\/article>\n\n      <\/div>\n    <\/div>\n  <\/section>\n\n  <section class=\"ta-brands-section ta-brands-cta\">\n    <div class=\"ta-brands-wrap\">\n      <div class=\"ta-brands-cta-card\">\n        <span class=\"ta-brands-eyebrow\">Weiter entdecken<\/span>\n        <h2 class=\"ta-brands-h2\">Erkunden Sie die Welt von Tisane Addict<\/h2>\n        <p class=\"ta-brands-subtitle\">\n          Entdecken Sie den Shop, durchst\u00f6bern Sie unsere Auswahl und finden Sie die Teemarken.\n          und Kr\u00e4utertees, die Ihrer Welt eine besondere Note verleihen.\n        <\/p>\n\n        <div class=\"ta-brands-actions\">\n          <a href=\"https:\/\/www.tisaneaddict.com\/de\/\" class=\"ta-brands-btn ta-brands-btn-primary\">Entdecke den Shop<\/a>\n          <a href=\"https:\/\/www.tisaneaddict.com\/de\/kontaktieren-sie-uns\/\" class=\"ta-brands-btn ta-brands-btn-secondary\">Kontaktieren Sie uns<\/a>\n        <\/div>\n      <\/div>\n    <\/div>\n  <\/section>\n\n<\/div>","protected":false},"excerpt":{"rendered":"","protected":false},"author":1,"featured_media":0,"parent":0,"menu_order":0,"comment_status":"closed","ping_status":"closed","template":"page-blank.php","meta":{"footnotes":""},"class_list":["post-45","page","type-page","status-publish","hentry"],"_links":{"self":[{"href":"https:\/\/www.tisaneaddict.com\/de\/wp-json\/wp\/v2\/pages\/45","targetHints":{"allow":["GET"]}}],"collection":[{"href":"https:\/\/www.tisaneaddict.com\/de\/wp-json\/wp\/v2\/pages"}],"about":[{"href":"https:\/\/www.tisaneaddict.com\/de\/wp-json\/wp\/v2\/types\/page"}],"author":[{"embeddable":true,"href":"https:\/\/www.tisaneaddict.com\/de\/wp-json\/wp\/v2\/users\/1"}],"replies":[{"embeddable":true,"href":"https:\/\/www.tisaneaddict.com\/de\/wp-json\/wp\/v2\/comments?post=45"}],"version-history":[{"count":3,"href":"https:\/\/www.tisaneaddict.com\/de\/wp-json\/wp\/v2\/pages\/45\/revisions"}],"predecessor-version":[{"id":98,"href":"https:\/\/www.tisaneaddict.com\/de\/wp-json\/wp\/v2\/pages\/45\/revisions\/98"}],"wp:attachment":[{"href":"https:\/\/www.tisaneaddict.com\/de\/wp-json\/wp\/v2\/media?parent=45"}],"curies":[{"name":"wp","href":"https:\/\/api.w.org\/{rel}","templated":true}]}}