{"id":3,"date":"2026-04-15T14:52:34","date_gmt":"2026-04-15T14:52:34","guid":{"rendered":"https:\/\/www.tisaneaddict.com\/?page_id=3"},"modified":"2026-04-21T17:12:52","modified_gmt":"2026-04-21T17:12:52","slug":"datenschutzrichtlinie","status":"publish","type":"page","link":"https:\/\/www.tisaneaddict.com\/de\/politique-de-confidentialite\/","title":{"rendered":"VERWENDUNG DER GESAMMELTEN PERS\u00d6NLICHEN DATEN"},"content":{"rendered":"<h1 class=\"wp-block-heading\">VERWENDUNG DER GESAMMELTEN PERS\u00d6NLICHEN DATEN<\/h1>\n\n\n\n<p>Die Website https:\/\/www.tisaneaddict.com\/ ist Eigentum von Fahim El Bouhamdi. Einzelunternehmer. Siret: 791618408.<\/p>\n\n\n\n<p>Bei Fragen k\u00f6nnen Sie sich gerne per E-Mail an uns wenden: contact@tisaneaddict.com<\/p>\n\n\n\n<p>F\u00fcr ihre T\u00e4tigkeit sammelt https:\/\/www.tisaneaddict.com\/ Daten von Ihnen, die Sie bei Ihrer Registrierung als Nutzer der Website oder als Kunde angeben mussten.<\/p>\n\n\n\n<p>Alle Bestimmungen und Gesetze zum Datenschutz werden von https:\/\/www.tisaneaddict.com\/ eingehalten.<\/p>\n\n\n\n<p>Sie k\u00f6nnen sich mit uns in Verbindung setzen, um eine Mitteilung der Informationen zu erhalten, die wir \u00fcber Ihr Profil gespeichert haben.<\/p>\n\n\n\n<h3 class=\"wp-block-heading\" id=\"h-protection-des-donnees-personnelles\">SCHUTZ VON PERS\u00d6NLICHEN DATEN<\/h3>\n\n\n\n<p><strong>Google Analytics, Google AdWords Conversion Tracking, Google Remarketing, Facebook Pixel<\/strong><\/p>\n\n\n\n<p>Diese Website verwendet Google Analytics, Google AdWords Conversion Tracking, Google Remarketing und das Facebook-Pixel. Google und Facebook verwenden Cookies (Textdateien), die auf Ihrem Computer gespeichert werden. Sie erm\u00f6glichen es, Ihre Nutzung der Website zu analysieren.<\/p>\n\n\n\n<p>Google Analytics und der Facebook-Pixel erfassen die Informationen anonym. Die Statistiken der Website enthalten keine pers\u00f6nlichen Angaben zu den Besuchern. Die verwendeten Cookies sind Double-Click-Cookies, die dazu dienen, die Daten an Dritte weiterzugeben, die sie verarbeiten, um Remarketing f\u00fcr Produkte wie AdWords im Google-Netzwerk zu erm\u00f6glichen. In den Cookies werden Informationen wie z. B. die Zeiten der Besuche gespeichert. Hinzu kommen zus\u00e4tzliche Informationen, z. B. ob es sich um den ersten Besuch des Nutzers handelt, welche Hinweise auf die Website den Besucher auf die Webseite gef\u00fchrt haben usw. Die von den Cookies gelieferten Informationen werden an die Server von Google und Facebook weitergeleitet und dort gespeichert. Google kann diese Informationen gegebenenfalls an Dritte weitergeben, wenn dies gesetzlich vorgeschrieben ist oder wenn Dritte diese Daten im Auftrag von Google verarbeiten. Google h\u00e4lt sich an die Datenschutzbestimmungen des US Safe Harbor und ist auf der Liste der Teilnehmer am Safe Harbor-Programm des US-Handelsministeriums aufgef\u00fchrt. F\u00fcr Google Adwords Conversion Tracking wird ein Cookie verwendet, um die Leistungen zu bestimmen, nachdem Sie auf eine AdWords-Anzeige geklickt haben. Bei Google Remarketing wird mittels Cookies f\u00fcr Marketingzwecke in anonymisierter Form erfasst, wie Nutzer auf den Seiten der Website surfen, und dazu verwendet, die Werbung auf Ihre Interessen abzustimmen.<\/p>\n\n\n\n<p>Pers\u00f6nliche Daten, die R\u00fcckschl\u00fcsse auf die Identit\u00e4t der Besucher der Website zulassen w\u00fcrden, werden von diesem System in keiner Weise gesammelt oder gespeichert. Das Sammeln und Speichern von Daten kann jederzeit abgebrochen werden. Den Einsatz von Cookies f\u00fcr Google Adwords Conversion Tracking und Google Remarketing k\u00f6nnen Sie unter www.google.com\/ads\/preferences erkennen und unter www.networkadvertising.org\/managing\/opt_out.asp deaktivieren.<\/p>\n\n\n\n<p>Wenn Sie alle Cookies im Browser l\u00f6schen m\u00f6chten, m\u00fcssen Sie den Vorgang wiederholen. Sie k\u00f6nnen das Setzen von Cookies in Ihrem Browser durch entsprechende Einstellungen vollst\u00e4ndig verhindern. Wenn Sie Google Analytics deaktivieren m\u00f6chten, finden Sie das entsprechende Browser-Addon unter https:\/\/tools.google.com\/dlpage\/gaoptout?hl=fr.<\/p>\n\n\n\n<p>Durch die Nutzung dieser Website erkl\u00e4ren Sie sich mit der Speicherung und Bearbeitung der \u00fcber Sie erhobenen Daten zu dem oben genannten Zweck einverstanden. Weitere Informationen zur Werbung bei Google und zum Datenschutz finden Sie unter http:\/\/www.google.ch\/intl\/fr\/policies\/technologies\/ads\/.<\/p>\n\n\n\n<p><strong>SICHERHEITSREGELN F\u00dcR DIE GESAMMELTEN DATEN<\/strong><\/p>\n\n\n\n<p>Alle Informationen, die Sie auf Ihrer Website speichern, k\u00f6nnen von anderen Internetnutzern gelesen werden. Deshalb bitten wir Sie, wachsam zu sein und sich Ihrer Verantwortung f\u00fcr Ihre sensiblen Informationen (z. B. Adressen, Telefonnummern) und vertraulichen Daten (z. B. Passw\u00f6rter, Benutzerkennungen) bewusst zu sein. Beachten Sie, dass Passwortbereiche nicht vor unberechtigtem Zugriff (Hacking) gesch\u00fctzt sind.<\/p>\n\n\n\n<p><strong>WEITERGABE DER VON TISANE ADDICT GESAMMELTEN INFORMATIONEN<\/strong><\/p>\n\n\n\n<p>Ihre Daten werden nicht an Dritte verkauft.<\/p>\n\n\n\n<p>Dar\u00fcber hinaus werden wir ohne Ihre Zustimmung keine pers\u00f6nlichen Informationen an Dritte weitergeben, au\u00dfer zur Einhaltung der Allgemeinen Gesch\u00e4ftsbedingungen, unserer Rechte oder f\u00fcr statistische Analysen.<\/p>\n\n\n\n<p><strong>AUSKUNFT \u00dcBER IHRE RECHTE<\/strong><\/p>\n\n\n\n<p>Wenn Sie ein Benutzerkonto haben oder Kommentare auf der Website hinterlassen haben, k\u00f6nnen Sie eine Datei anfordern, die alle personenbezogenen Daten enth\u00e4lt, die wir \u00fcber Sie gespeichert haben, einschlie\u00dflich der Daten, die Sie uns zur Verf\u00fcgung gestellt haben. Sie k\u00f6nnen auch verlangen, dass die personenbezogenen Daten \u00fcber Sie gel\u00f6scht werden. Dies gilt nicht f\u00fcr Daten, die zu administrativen, rechtlichen oder Sicherheitszwecken gespeichert werden.<\/p>","protected":false},"excerpt":{"rendered":"<p>UTILISATION DES DONN\u00c9ES PERSONNELLES COLLECT\u00c9ES Le site https:\/\/www.tisaneaddict.com\/ est la propri\u00e9t\u00e9 de Fahim El Bouhamdi. Entrepreneur individuel. Siret : 791618408. Pour toute question, n\u2019h\u00e9sitez pas \u00e0 nous contacter par email :\u00a0contact@tisaneaddict.com Pour son activit\u00e9, https:\/\/www.tisaneaddict.com\/ collecte des donn\u00e9es qui vous sont propres et que vous avez \u00e9t\u00e9 amen\u00e9s \u00e0 indiquer lors de votre inscription en [&#8230;]\n","protected":false},"author":1,"featured_media":0,"parent":0,"menu_order":0,"comment_status":"closed","ping_status":"open","template":"","meta":{"footnotes":""},"class_list":["post-3","page","type-page","status-publish","hentry"],"_links":{"self":[{"href":"https:\/\/www.tisaneaddict.com\/de\/wp-json\/wp\/v2\/pages\/3","targetHints":{"allow":["GET"]}}],"collection":[{"href":"https:\/\/www.tisaneaddict.com\/de\/wp-json\/wp\/v2\/pages"}],"about":[{"href":"https:\/\/www.tisaneaddict.com\/de\/wp-json\/wp\/v2\/types\/page"}],"author":[{"embeddable":true,"href":"https:\/\/www.tisaneaddict.com\/de\/wp-json\/wp\/v2\/users\/1"}],"replies":[{"embeddable":true,"href":"https:\/\/www.tisaneaddict.com\/de\/wp-json\/wp\/v2\/comments?post=3"}],"version-history":[{"count":1,"href":"https:\/\/www.tisaneaddict.com\/de\/wp-json\/wp\/v2\/pages\/3\/revisions"}],"predecessor-version":[{"id":107,"href":"https:\/\/www.tisaneaddict.com\/de\/wp-json\/wp\/v2\/pages\/3\/revisions\/107"}],"wp:attachment":[{"href":"https:\/\/www.tisaneaddict.com\/de\/wp-json\/wp\/v2\/media?parent=3"}],"curies":[{"name":"wp","href":"https:\/\/api.w.org\/{rel}","templated":true}]}}