{"id":100,"date":"2026-04-21T16:01:52","date_gmt":"2026-04-21T16:01:52","guid":{"rendered":"https:\/\/www.tisaneaddict.com\/?page_id=100"},"modified":"2026-04-21T16:01:53","modified_gmt":"2026-04-21T16:01:53","slug":"rechtliche-hinweise","status":"publish","type":"page","link":"https:\/\/www.tisaneaddict.com\/de\/mentions-legales\/","title":{"rendered":"Rechtliche Hinweise"},"content":{"rendered":"<h1 class=\"wp-block-heading\">Rechtliche Hinweise<\/h1>\n\n\n\n<h2 class=\"wp-block-heading\" id=\"h-informations-legales\">Rechtliche Informationen<\/h2>\n\n\n\n<h3 class=\"wp-block-heading\" id=\"h-1-presentation-du-site\">1. Vorstellung der Website.<\/h3>\n\n\n\n<p>Gem\u00e4\u00df Artikel 6 des Gesetzes Nr. 2004-575 vom 21. Juni 2004 \u00fcber das Vertrauen in die digitale Wirtschaft wird den Nutzern der Website https:\/\/www.tisaneaddict.com\/ die Identit\u00e4t der verschiedenen Akteure im Rahmen der Erstellung und Betreuung der Website mitgeteilt:<\/p>\n\n\n\n<p><strong>Eigent\u00fcmer<\/strong>\u00a0: Fahim El Bouhamdi. Einzelunternehmer. Siret: 791618408.<br><strong>Sch\u00f6pfer<\/strong>\u00a0: https:\/\/www.tisaneaddict.com\/<br><strong>Verantwortlich f\u00fcr die Ver\u00f6ffentlichung<\/strong>\u00a0: https:\/\/www.tisaneaddict.com\/<br>Der Verantwortliche f\u00fcr die Ver\u00f6ffentlichung ist eine nat\u00fcrliche Person oder eine juristische Person.<br><strong>Webmaster<\/strong>\u00a0: https:\/\/www.tisaneaddict.com\/ - contact@tisaneaddict.com<br><strong>Hoster<\/strong>\u00a0: o2switch.<\/p>\n\n\n\n<p>Weitere Informationen finden Sie in der Rubrik \u00ab\u00a0<a href=\"https:\/\/www.tisaneaddict.com\/de\/a-propos-wer-sind-wir\/\" data-type=\"link\" data-id=\"https:\/\/www.tisaneaddict.com\/a-propos-qui-sommes-nous\/\">Auf Propo<\/a>s\u00ab .<\/p>\n\n\n\n<h3 class=\"wp-block-heading\" id=\"h-2-conditions-generales-d-utilisation-du-site-et-des-services-proposes\">2. Allgemeine Bedingungen f\u00fcr die Nutzung der Website und der angebotenen Dienste.<\/h3>\n\n\n\n<p>Die Nutzung der Website https:\/\/www.tisaneaddict.com\/ setzt die vollst\u00e4ndige und uneingeschr\u00e4nkte Annahme der nachstehend beschriebenen allgemeinen Nutzungsbedingungen voraus. Diese Nutzungsbedingungen k\u00f6nnen jederzeit ge\u00e4ndert oder erg\u00e4nzt werden. Die Nutzer der Website https:\/\/www.tisaneaddict.com\/ werden daher gebeten, sie regelm\u00e4\u00dfig zu konsultieren.<\/p>\n\n\n\n<p>Diese Website ist normalerweise jederzeit f\u00fcr die Nutzer zug\u00e4nglich. Eine Unterbrechung aufgrund technischer Wartungsarbeiten kann jedoch von https:\/\/www.tisaneaddict.com\/ beschlossen werden, die sich bem\u00fcht, die Nutzer vorab \u00fcber die Daten und Zeiten der Intervention zu informieren.<\/p>\n\n\n\n<p>Die Website https:\/\/www.tisaneaddict.com\/ wird regelm\u00e4\u00dfig von https:\/\/www.tisaneaddict.com\/ aktualisiert. Ebenso k\u00f6nnen die rechtlichen Hinweise jederzeit ge\u00e4ndert werden: Sie sind dennoch f\u00fcr den Nutzer verbindlich, der aufgefordert wird, so oft wie m\u00f6glich auf sie zu verweisen, um sie zur Kenntnis zu nehmen.<\/p>\n\n\n\n<h3 class=\"wp-block-heading\" id=\"h-3-nbsp-enregistrement-et-validation-de-commande\">3 - REGISTRIERUNG UND BEST\u00c4TIGUNG DER BESTELLUNG<\/h3>\n\n\n\n<h4 class=\"wp-block-heading\" id=\"h-3-1-navigation-a-l-interieur-du-site\">3.1 Navigation innerhalb der Website<\/h4>\n\n\n\n<p>Der Nutzer kann sich auf der Website von https:\/\/www.tisaneaddict.com\/ \u00fcber die verschiedenen Produkte informieren, die zum Verkauf angeboten werden.<br>Der Nutzer kann sich frei auf den verschiedenen Seiten der Website bewegen, ohne sich im Rahmen einer Bestellung zu verpflichten.<\/p>\n\n\n\n<h4 class=\"wp-block-heading\" id=\"h-3-2-enregistrement-nbsp-d-une-commande\">3.2 Eine Bestellung aufnehmen<\/h4>\n\n\n\n<p>Wenn der Nutzer eine Bestellung aufgeben m\u00f6chte, w\u00e4hlt er die verschiedenen Produkte aus, an denen er Interesse hat, und bekundet dieses Interesse, indem er auf das Piktogramm \u00abWarenkorb\u00bb klickt.<br>Zu jeder Zeit kann der Nutzer :<\/p>\n\n\n\n<ul class=\"wp-block-list\">\n<li>eine Zusammenfassung der von ihm ausgew\u00e4hlten Produkte erhalten, indem er auf den Warenkorb klickt.<\/li>\n\n\n\n<li>seine Produktauswahl fortsetzen oder \u00e4ndern, indem er auf \u201cWeiter einkaufen\u201d klickt.<\/li>\n\n\n\n<li>seine Produktauswahl abschlie\u00dfen und diese Produkte bestellen, indem er auf \u201cZur Zahlung schreiten\u201d klickt.<\/li>\n<\/ul>\n\n\n\n<p>Um die von ihm ausgew\u00e4hlten Produkte zu bestellen, muss sich der Nutzer, nachdem er auf \u201cZur Zahlung gehen\u201d geklickt hat, identifizieren, indem er seine E-Mail-Adresse und das Passwort eingibt, das er zuvor bei der Einrichtung seines Kontos gew\u00e4hlt hat, oder, wenn es sich um seine erste Bestellung handelt, indem er auf \u00abEin Konto einrichten\u00bb klickt. Im letzteren Fall muss der Nutzer das ihm zur Verf\u00fcgung gestellte Formular genau ausf\u00fcllen, in dem er insbesondere die zu seiner Identifizierung notwendigen Informationen und vor allem seinen Namen, Vornamen und seine Postanschrift angibt. Dar\u00fcber hinaus muss der Nutzer seine E-Mail-Adresse und ein Passwort seiner Wahl angeben, das f\u00fcr ihn pers\u00f6nlich und vertraulich ist und das er ben\u00f6tigt, um sich sp\u00e4ter auf der Website zu identifizieren.<br>Der Nutzer wird dar\u00fcber informiert und stimmt zu, dass die Eingabe dieser beiden Kennungen als Beweis seiner Identit\u00e4t gilt und seine Zustimmung manifestiert.<br>Sobald sich der Nutzer identifiziert hat, muss er die Lieferadresse best\u00e4tigen, woraufhin ein Bestellformular auf dem Bildschirm erscheint, das Folgendes zusammenfasst: Art, Menge und Preis der vom Nutzer ausgew\u00e4hlten Produkte sowie den Gesamtbetrag der Bestellung, die Versandkosten, die Lieferfrist, die Kontaktdaten des Nutzers, die Lieferadresse der Produkte.<\/p>\n\n\n\n<h5 class=\"wp-block-heading\" id=\"h-offres-commerciales\">Kommerzielle AngeboteUm von einem kommerziellen Angebot zu profitieren, das an den Nutzer gerichtet wurde, muss der Nutzer seinen \u201dPromo-Code\u201c in das daf\u00fcr vorgesehene Feld auf der Zahlungsseite eingeben und best\u00e4tigen.<\/h5>\n\n\n\n<h4 class=\"wp-block-heading\" id=\"h-3-3-validation-definitive-de-la-commande-et-paiement\">3.3 Endg\u00fcltige Best\u00e4tigung der Bestellung und Bezahlung<\/h4>\n\n\n\n<p>Nachdem der Nutzer den Status seiner Bestellung zur Kenntnis genommen hat und alle geforderten Informationen ausgef\u00fcllt hat, erscheint eine Zusammenfassung dieser Informationen und der Bestellung, und der Nutzer muss die Zahlungsmethode ausw\u00e4hlen, mit der er seine Zahlung leisten m\u00f6chte, um seine Bestellung endg\u00fcltig zu best\u00e4tigen.<br>Die Bestellungen sind zahlbar in :<\/p>\n\n\n\n<ul class=\"wp-block-list\">\n<li>Euro per franz\u00f6sischer oder internationaler Bankkarte\u00a0<\/li>\n<\/ul>\n\n\n\n<p>Es wird darauf hingewiesen, dass bei einer sofortigen Zahlung per Kreditkarte diese durch eine S.S.L.-Verschl\u00fcsselung (Secure Socket Layer) gesichert wird, um alle mit den Zahlungsmitteln verbundenen Daten zu sch\u00fctzen, und dass die Bankdaten des Nutzers zu keinem Zeitpunkt \u00fcber das Computersystem von https:\/\/www.tisaneaddict.com\/ \u00fcbermittelt werden.<br>Sobald er seine Zahlung best\u00e4tigt, wird die Bestellung registriert. Der Nutzer wird zum Kunden. Der Bestellschein wird in den EDV-Registern von https:\/\/www.tisaneaddict.com\/ gespeichert und gilt als Beweis f\u00fcr die zwischen den Parteien entstandenen Vertragsbeziehungen.<br>Der Kunde hat ein Recht auf Widerruf und R\u00fcckerstattung innerhalb von vierzehn (14) Werktagen ab dem Tag, an dem der Kunde die Produkte erhalten hat.<\/p>\n\n\n\n<h4 class=\"wp-block-heading\" id=\"h-3-4-confirmation-de-la-commande\">3.4 Best\u00e4tigung der Bestellung<\/h4>\n\n\n\n<p>Eine Zusammenfassung der Bestellung wird angezeigt, sobald die Bestellung best\u00e4tigt wurde.<br>Diese Best\u00e4tigung wird alle Bestandteile des zwischen den Parteien geschlossenen Vertrags enthalten.<br>Diese Bestellzusammenfassung wird dem Kunden innerhalb weniger Minuten nach dem Kauf ebenfalls per E-Mail zugesandt.<br>Der Kunde hat dann Zugang zur \u201cVerfolgung seiner Bestellung\u201d, indem er auf \u201cAnmelden\u201d klickt und sich mit seiner E-Mail-Adresse und seinem Passwort identifiziert.<\/p>\n\n\n\n<h4 class=\"wp-block-heading\" id=\"h-3-5-modification-d-une-commande\">3.5 Eine Bestellung \u00e4ndern<\/h4>\n\n\n\n<p>Die Verfolgung der get\u00e4tigten Bestellungen ist \u00fcber das Men\u00fc \u00abAnmelden\u00bb zug\u00e4nglich.<br>Um eine Bestellung zu \u00e4ndern, m\u00fcssen Sie die Bestellung stornieren, sie wieder in den Warenkorb legen und sie dann wie gew\u00fcnscht korrigieren, bevor Sie sie best\u00e4tigen.<br>Das \u00c4ndern oder Stornieren einer Bestellung ist nur m\u00f6glich, wenn ihr Status \u00abGespeichert\u00bb ist.<br>Eine Bestellung, die im Status \u00abIn Vorbereitung\u00bb oder \u00abVersendet\u00bb aufgegeben wurde, kann nicht mehr ge\u00e4ndert werden.<\/p>\n\n\n\n<h3 class=\"wp-block-heading\" id=\"h-4-paiement\">4 - Zahlung<\/h3>\n\n\n\n<p>Die Tatsache, dass Sie Ihre Bestellung best\u00e4tigen, bedeutet f\u00fcr Sie die Verpflichtung, den angegebenen Preis zu bezahlen. Die Zahlung Ihrer Eink\u00e4ufe erfolgt per Kreditkarte \u00fcber ein sicheres System. Die Belastung der Kreditkarte erfolgt erst zum Zeitpunkt des Versands der Bestellung. Im Falle von Teillieferungen werden nur die versandten Produkte belastet.<\/p>\n\n\n\n<h3 class=\"wp-block-heading\" id=\"h-5-retour-remboursement-et-droit-de-retractation\">5 - R\u00dcCKGABE - ERSTATTUNG UND WIDERRUFSRECHT<\/h3>\n\n\n\n<h5 class=\"wp-block-heading\" id=\"h-conditions-de-nbsp-retractation\">WiderrufsbedingungenDer Kunde hat ein R\u00fcckgaberecht von vierzehn (14) Tagen ab Erhalt der gesamten Bestellung, um den Vertrag ohne Angabe von Gr\u00fcnden zu widerrufen.<br>Um das Widerrufsrecht auszu\u00fcben, muss der Kunde seine Entscheidung, seine Bestellung zu widerrufen, durch eine eindeutige Erkl\u00e4rung unter Angabe seines Vor- und Nachnamens, seiner E-Mail-Adresse, seiner Adresse, der Bestellnummer und des Bestelldatums mitteilen:per E-Mail: contact@tisaneaddict.com<\/h5>\n\n\n\n<h5 class=\"wp-block-heading\" id=\"h-remboursement\">R\u00fcckerstattungIm Falle eines Widerrufs durch den Kunden erstattet https:\/\/www.tisaneaddict.com\/ die vom Kunden erhaltenen Zahlungen zur\u00fcck, und zwar sp\u00e4testens vierzehn (14) Tage ab dem Tag, an dem https:\/\/www.tisaneaddict.com\/ \u00fcber die Entscheidung des Kunden, den Vertrag zu widerrufen, unterrichtet wurde.<br>Wenn der Kunde seine gesamte Bestellung widerruft, wird https:\/\/www.tisaneaddict.com\/ alle Zahlungen, die der Kunde f\u00fcr diese Bestellung erhalten hat, zur\u00fcckerstatten.<br>Falls der Kunde einen Teil der Produkte der Bestellung widerruft, wird https:\/\/www.tisaneaddict.com\/ den Betrag f\u00fcr die zur\u00fcckgesandten Produkte erstatten.<br>Die R\u00fcckerstattung erfolgt mit demselben Zahlungsmittel, das der Kunde f\u00fcr seine Bestellung verwendet hat, oder per Bank\u00fcberweisung.<br>https:\/\/www.tisaneaddict.com\/ kann diese R\u00fcckerstattung bis zum Erhalt und der \u00dcberpr\u00fcfung der Produkte aufschieben.<\/h5>\n\n\n\n<h5 class=\"wp-block-heading\" id=\"h-retour-des-produits\">R\u00fccksendung der ProdukteDer Kunde muss die Produkte sp\u00e4testens vierzehn (14) Tage, nachdem er seine Entscheidung \u00fcber den Widerruf mitgeteilt hat, zur\u00fccksenden.<br>Die zur\u00fcckgesandten Produkte m\u00fcssen unge\u00f6ffnet, vollst\u00e4ndig und unbesch\u00e4digt sein.<br>Die R\u00fccksendung der Pakete muss an folgende Adresse erfolgen: Avenue cardinal Maurin 13600 la ciotat<br><br>Der Kunde tr\u00e4gt die Kosten f\u00fcr die R\u00fccksendung der vollst\u00e4ndigen Bestellung oder der Produkte.<\/h5>\n\n\n\n<h3 class=\"wp-block-heading\" id=\"h-6-livraison\"><strong>6 - Lieferung<\/strong><\/h3>\n\n\n\n<p>Die Produkte werden innerhalb der auf der Seite zur Best\u00e4tigung der Bestellung angegebenen Frist an die im Laufe des Bestellvorgangs angegebene Lieferadresse geliefert. Im Falle einer Verz\u00f6gerung des Versands erhalten Sie eine E-Mail, die Sie \u00fcber eine m\u00f6gliche Auswirkung auf die Ihnen angegebene Lieferfrist informiert. Gem\u00e4\u00df den gesetzlichen Bestimmungen haben Sie im Falle einer versp\u00e4teten Lieferung die M\u00f6glichkeit, die Bestellung unter den in Artikel L 138-2 des Verbraucherschutzgesetzes festgelegten Bedingungen und Modalit\u00e4ten zu stornieren. Wenn Sie das Produkt in der Zwischenzeit erhalten haben, erstatten wir Ihnen den Kaufpreis und die Versandkosten gem\u00e4\u00df Artikel L 138-3 des Verbraucherschutzgesetzes. Im Falle von Lieferungen durch einen Spediteur wird das Unternehmen&nbsp;<strong>Manager<\/strong>&nbsp;kann nicht f\u00fcr Lieferverz\u00f6gerungen haftbar gemacht werden, die ausschlie\u00dflich darauf zur\u00fcckzuf\u00fchren sind, dass der Kunde nach mehreren Terminvorschl\u00e4gen nicht verf\u00fcgbar ist.<\/p>\n\n\n\n<h3 class=\"wp-block-heading\" id=\"h-7-garantie\">7 - Garantie<\/h3>\n\n\n\n<p>Alle unsere Produkte unterliegen der gesetzlichen Konformit\u00e4tsgarantie und der Garantie f\u00fcr versteckte M\u00e4ngel, die in den Artikeln 1641 ff. des Zivilgesetzbuches vorgesehen sind. Im Falle der Nichtkonformit\u00e4t eines verkauften Produkts kann es zur\u00fcckgegeben, umgetauscht oder erstattet werden. Alle Reklamationen, Umtausch- oder R\u00fcckerstattungsantr\u00e4ge m\u00fcssen innerhalb von 30 Tagen nach der Lieferung erfolgen. Die Produkte m\u00fcssen in dem Zustand, in dem Sie sie erhalten haben, mit allen Bestandteilen (Zubeh\u00f6r, Verpackung, Bedienungsanleitung...) an uns zur\u00fcckgeschickt werden. Die Versandkosten werden Ihnen auf der Grundlage des berechneten Tarifs erstattet und die R\u00fccksendekosten werden Ihnen gegen Vorlage der entsprechenden Belege erstattet. Die Bestimmungen dieses Artikels hindern Sie nicht daran, das in Artikel 6 vorgesehene Widerrufsrecht in Anspruch zu nehmen.<\/p>\n\n\n\n<h3 class=\"wp-block-heading\" id=\"h-8-description-des-services-fournis\">8. Beschreibung der erbrachten Dienstleistungen.<\/h3>\n\n\n\n<p>Die Website https:\/\/www.tisaneaddict.com\/ soll Informationen \u00fcber alle Aktivit\u00e4ten des Unternehmens liefern.<\/p>\n\n\n\n<p>https:\/\/www.tisaneaddict.com\/ bem\u00fcht sich, auf der Website https:\/\/www.tisaneaddict.com\/ so genaue Informationen wie m\u00f6glich bereitzustellen. Er kann jedoch nicht f\u00fcr Auslassungen, Ungenauigkeiten und M\u00e4ngel in der Aktualisierung haftbar gemacht werden, die er selbst oder dritte Partner, die ihm diese Informationen zur Verf\u00fcgung stellen, verursacht haben.<\/p>\n\n\n\n<p>Alle auf der Website https:\/\/www.tisaneaddict.com\/ angegebenen Informationen sind unverbindlich und k\u00f6nnen sich \u00e4ndern. Die Informationen auf der Website https:\/\/www.tisaneaddict.com\/ sind nicht ersch\u00f6pfend. Sie sind vorbehaltlich der \u00c4nderungen, die seit ihrer Online-Ver\u00f6ffentlichung vorgenommen wurden.<\/p>\n\n\n\n<h3 class=\"wp-block-heading\" id=\"h-9-limitations-contractuelles-sur-les-donnees-techniques\">9. Vertragliche Einschr\u00e4nkungen der technischen Daten.<\/h3>\n\n\n\n<p>Die Website verwendet die JavaScript-Technologie.<\/p>\n\n\n\n<p>Die Website kann nicht f\u00fcr materielle Sch\u00e4den im Zusammenhang mit der Nutzung der Website haftbar gemacht werden. Dar\u00fcber hinaus verpflichtet sich der Nutzer der Website, auf die Website mit einer aktuellen Hardware zuzugreifen, die keine Viren enth\u00e4lt und \u00fcber einen Browser der neuesten Generation verf\u00fcgt, der auf dem neuesten Stand ist.<\/p>\n\n\n\n<h3 class=\"wp-block-heading\" id=\"h-10-propriete-intellectuelle-et-contrefacons\">10. Geistiges Eigentum und F\u00e4lschungen.<\/h3>\n\n\n\n<p>ist Eigent\u00fcmerin der geistigen Eigentumsrechte oder besitzt die Nutzungsrechte an allen auf der Website zug\u00e4nglichen Elementen, insbesondere an Texten, Bildern, Grafiken, Logos, Icons, T\u00f6nen und Software.<\/p>\n\n\n\n<p>Jede Vervielf\u00e4ltigung, Darstellung, \u00c4nderung, Ver\u00f6ffentlichung und Anpassung aller oder eines Teils der Elemente der Website, unabh\u00e4ngig von den verwendeten Mitteln oder Verfahren, ist untersagt, es sei denn, es liegt eine vorherige schriftliche Genehmigung von: https:\/\/www.tisaneaddict.com\/ vor.<\/p>\n\n\n\n<p>Jede nicht genehmigte Nutzung der Website oder eines ihrer Elemente wird als F\u00e4lschung angesehen und gem\u00e4\u00df den Bestimmungen der Artikel L.335-2 ff. des franz\u00f6sischen Gesetzbuchs \u00fcber geistiges Eigentum (Code de Propri\u00e9t\u00e9 Intellectuelle) verfolgt.<\/p>\n\n\n\n<h3 class=\"wp-block-heading\" id=\"h-11-limitations-de-responsabilite\">11. Haftungsbeschr\u00e4nkungen.<\/h3>\n\n\n\n<p>https:\/\/www.tisaneaddict.com\/ kann nicht f\u00fcr direkte und indirekte Sch\u00e4den an der Hardware des Nutzers beim Zugriff auf die Website https:\/\/www.tisaneaddict.com\/ haftbar gemacht werden, die entweder durch die Verwendung einer Hardware, die nicht den in Punkt 4 angegebenen Spezifikationen entspricht, oder durch das Auftreten eines Bugs oder einer Inkompatibilit\u00e4t entstehen.<\/p>\n\n\n\n<p>https:\/\/www.tisaneaddict.com\/ haftet auch nicht f\u00fcr indirekte Sch\u00e4den (wie z. B. Marktverlust oder Verlust einer Chance), die sich aus der Nutzung der Website https:\/\/www.tisaneaddict.com\/ ergeben.<\/p>\n\n\n\n<p>Interaktive Bereiche (M\u00f6glichkeit, Fragen im Kontaktbereich zu stellen) stehen den Nutzern zur Verf\u00fcgung. https:\/\/www.tisaneaddict.com\/ beh\u00e4lt sich das Recht vor, ohne vorherige Ank\u00fcndigung jeden in diesem Bereich abgelegten Inhalt zu l\u00f6schen, der gegen die in Frankreich geltenden Gesetze, insbesondere die Bestimmungen zum Datenschutz, verst\u00f6\u00dft. Gegebenenfalls beh\u00e4lt sich https:\/\/www.tisaneaddict.com\/ auch die M\u00f6glichkeit vor, den Nutzer zivil- und\/oder strafrechtlich haftbar zu machen, insbesondere bei rassistischen, beleidigenden, diffamierenden oder pornografischen Mitteilungen, unabh\u00e4ngig von den verwendeten Medien (Text, Fotografie...).<\/p>\n\n\n\n<h3 class=\"wp-block-heading\" id=\"h-12-gestion-des-donnees-personnelles\">12. Umgang mit pers\u00f6nlichen Daten.<\/h3>\n\n\n\n<p>In Frankreich sind personenbezogene Daten insbesondere durch das Gesetz Nr. 78-87 vom 6. Januar 1978, das Gesetz Nr. 2004-801 vom 6. August 2004, Artikel L. 226-13 des Strafgesetzbuches und die Europ\u00e4ische Richtlinie vom 24. Oktober 1995 gesch\u00fctzt.<\/p>\n\n\n\n<p>Bei der Nutzung der Website https:\/\/www.tisaneaddict.com\/ k\u00f6nnen folgende Daten erfasst werden: die URL der Links, \u00fcber die der Nutzer auf die Website https:\/\/www.tisaneaddict.com\/ gelangt ist, der Zugangsanbieter des Nutzers, die Internetprotokoll-Adresse (IP-Adresse) des Nutzers.<\/p>\n\n\n\n<p>In jedem Fall sammelt https:\/\/www.tisaneaddict.com\/ pers\u00f6nliche Informationen \u00fcber den Nutzer nur f\u00fcr die Zwecke bestimmter Dienstleistungen, die auf der Website https:\/\/www.tisaneaddict.com\/ angeboten werden. Der Nutzer stellt diese Informationen in voller Kenntnis der Sachlage zur Verf\u00fcgung, insbesondere wenn er sie selbst eingibt. Dem Nutzer der Website https:\/\/www.tisaneaddict.com\/ wird dann mitgeteilt, ob er diese Informationen bereitstellen muss oder nicht.<\/p>\n\n\n\n<p>Gem\u00e4\u00df den Bestimmungen der Artikel 38 ff. des Gesetzes 78-17 vom 6. Januar 1978 \u00fcber Informatik, Dateien und Freiheiten hat jeder Nutzer das Recht, auf die ihn betreffenden pers\u00f6nlichen Daten zuzugreifen, sie zu berichtigen und dagegen Einspruch zu erheben. Dazu muss er einen schriftlichen und unterschriebenen Antrag stellen, dem eine Kopie des Personalausweises mit Unterschrift des Inhabers des Dokuments beiliegt, und die Adresse angeben, an die die Antwort gesendet werden soll.<\/p>\n\n\n\n<p>Keine pers\u00f6nlichen Informationen des Nutzers der Website https:\/\/www.tisaneaddict.com\/ werden ohne das Wissen des Nutzers ver\u00f6ffentlicht, ausgetauscht, \u00fcbertragen, abgetreten oder auf einem beliebigen Datentr\u00e4ger an Dritte verkauft. Nur wenn https:\/\/www.tisaneaddict.com\/ und seine Rechte \u00fcbernommen werden, k\u00f6nnen diese Informationen an einen eventuellen Erwerber weitergegeben werden, der seinerseits die gleiche Verpflichtung zur Aufbewahrung und \u00c4nderung der Daten gegen\u00fcber dem Nutzer der Website https:\/\/www.tisaneaddict.com\/ hat.<\/p>\n\n\n\n<p>Die Website ist nicht bei der CNIL angemeldet, da sie keine pers\u00f6nlichen Informationen sammelt. 2662965.<\/p>\n\n\n\n<p>Die Datenbanken sind durch die Bestimmungen des Gesetzes vom 1. Juli 1998 zur Umsetzung der Richtlinie 96\/9 vom 11. M\u00e4rz 1996 \u00fcber den rechtlichen Schutz von Datenbanken gesch\u00fctzt.<\/p>\n\n\n\n<h3 class=\"wp-block-heading\" id=\"h-13-liens-hypertextes-et-cookies\">13. Hyperlinks und Cookies.<\/h3>\n\n\n\n<p>Die Website https:\/\/www.tisaneaddict.com\/ enth\u00e4lt eine Reihe von Hypertext-Links zu anderen Websites, die mit der Genehmigung von https:\/\/www.tisaneaddict.com\/ eingerichtet wurden. https:\/\/www.tisaneaddict.com\/ hat jedoch nicht die M\u00f6glichkeit, den Inhalt der so besuchten Websites zu \u00fcberpr\u00fcfen, und \u00fcbernimmt dementsprechend keine Verantwortung daf\u00fcr.<\/p>\n\n\n\n<p>Das Surfen auf der Website https:\/\/www.tisaneaddict.com\/ kann dazu f\u00fchren, dass auf dem Computer des Nutzers ein Cookie(s) installiert wird. Ein Cookie ist eine kleine Datei, die keine Identifizierung des Nutzers erm\u00f6glicht, aber Informationen \u00fcber die Navigation eines Computers auf einer Website speichert. Die so erhaltenen Daten sollen die sp\u00e4tere Navigation auf der Website erleichtern und dienen auch dazu, verschiedene Messungen der Besucherzahlen zu erm\u00f6glichen.<\/p>\n\n\n\n<p>Die Verweigerung der Installation eines Cookies kann dazu f\u00fchren, dass der Zugang zu bestimmten Diensten nicht m\u00f6glich ist. Der Nutzer kann seinen Computer jedoch wie folgt konfigurieren, um die Installation von Cookies abzulehnen:<\/p>\n\n\n\n<p>Im Internet Explorer: Registerkarte Werkzeuge (Zahnrad-Piktogramm oben rechts) \/ Internetoptionen. Klicken Sie auf Datenschutz und w\u00e4hlen Sie Alle Cookies blockieren. Best\u00e4tigen Sie mit Ok.<\/p>\n\n\n\n<p>Unter Firefox: Klicken Sie oben im Browserfenster auf die Firefox-Schaltfl\u00e4che und gehen Sie dann auf die Registerkarte Optionen. Klicken Sie auf die Registerkarte Datenschutz. Stellen Sie die Aufbewahrungsregeln auf: Benutzerdefinierte Einstellungen f\u00fcr den Verlauf verwenden ein. Entfernen Sie schlie\u00dflich das H\u00e4kchen, um Cookies zu deaktivieren.<\/p>\n\n\n\n<p>Unter Safari: Klicken Sie oben rechts im Browser auf das Men\u00fc-Piktogramm (symbolisiert durch ein Zahnrad). W\u00e4hlen Sie Einstellungen aus. Klicken Sie auf Erweiterte Einstellungen anzeigen. Klicken Sie im Abschnitt \u201cDatenschutz\u201d auf Inhaltseinstellungen. Im Abschnitt \u201cCookies\u201d k\u00f6nnen Sie Cookies blockieren.<\/p>\n\n\n\n<p>Unter Chrome: Klicken Sie oben rechts im Browser auf das Men\u00fc-Piktogramm (symbolisiert durch drei horizontale Linien). W\u00e4hlen Sie Einstellungen aus. Klicken Sie auf Erweiterte Einstellungen anzeigen. Klicken Sie im Abschnitt \u201cDatenschutz\u201d auf Einstellungen. Auf der Registerkarte \u201cDatenschutz\u201d k\u00f6nnen Sie Cookies blockieren.<\/p>\n\n\n\n<h3 class=\"wp-block-heading\" id=\"h-14-droit-applicable-et-attribution-de-juridiction\">14. Anwendbares Recht und Gerichtsbarkeit.<\/h3>\n\n\n\n<p>Alle Streitigkeiten im Zusammenhang mit der Nutzung der Website https:\/\/www.tisaneaddict.com\/ unterliegen dem franz\u00f6sischen Recht. Die ausschlie\u00dfliche Zust\u00e4ndigkeit liegt bei den zust\u00e4ndigen Gerichten in Paris.<\/p>\n\n\n\n<h3 class=\"wp-block-heading\" id=\"h-15-les-principales-lois-concernees\">15. Die wichtigsten betroffenen Gesetze.<\/h3>\n\n\n\n<p>Gesetz Nr. 78-17 vom 6. Januar 1978, insbesondere ge\u00e4ndert durch das Gesetz Nr. 2004-801 vom 6. August 2004 \u00fcber Informatik, Dateien und Freiheitsrechte.<\/p>\n\n\n\n<p>Gesetz Nr. 2004-575 vom 21. Juni 2004 f\u00fcr das Vertrauen in die digitale Wirtschaft.<\/p>\n\n\n\n<h3 class=\"wp-block-heading\" id=\"h-16-lexique\">16. Lexikon.<\/h3>\n\n\n\n<p>Nutzer: Internetnutzer, der sich einloggt und die oben genannte Website nutzt.<\/p>\n\n\n\n<p>Pers\u00f6nliche Informationen: \u00abInformationen, die in jeglicher Form, direkt oder indirekt, die Identifizierung der nat\u00fcrlichen Personen erm\u00f6glichen, auf die sie sich beziehen\u00bb (Artikel 4 des Gesetzes Nr. 78-17 vom 6. Januar 1978).<\/p>","protected":false},"excerpt":{"rendered":"<p>Mentions l\u00e9gales Informations l\u00e9gales 1. Pr\u00e9sentation du site. En vertu de l\u2019article 6 de la loi n\u00b0 2004-575 du 21 juin 2004 pour la confiance dans l\u2019\u00e9conomie num\u00e9rique, il est pr\u00e9cis\u00e9 aux utilisateurs du site\u00a0https:\/\/www.tisaneaddict.com\/\u00a0l\u2019identit\u00e9 des diff\u00e9rents intervenants dans le cadre de sa r\u00e9alisation et de son suivi : Propri\u00e9taire\u00a0: Fahim El Bouhamdi. Entrepreneur individuel. [&#8230;]\n","protected":false},"author":1,"featured_media":0,"parent":0,"menu_order":0,"comment_status":"closed","ping_status":"closed","template":"","meta":{"footnotes":""},"class_list":["post-100","page","type-page","status-publish","hentry"],"_links":{"self":[{"href":"https:\/\/www.tisaneaddict.com\/de\/wp-json\/wp\/v2\/pages\/100","targetHints":{"allow":["GET"]}}],"collection":[{"href":"https:\/\/www.tisaneaddict.com\/de\/wp-json\/wp\/v2\/pages"}],"about":[{"href":"https:\/\/www.tisaneaddict.com\/de\/wp-json\/wp\/v2\/types\/page"}],"author":[{"embeddable":true,"href":"https:\/\/www.tisaneaddict.com\/de\/wp-json\/wp\/v2\/users\/1"}],"replies":[{"embeddable":true,"href":"https:\/\/www.tisaneaddict.com\/de\/wp-json\/wp\/v2\/comments?post=100"}],"version-history":[{"count":1,"href":"https:\/\/www.tisaneaddict.com\/de\/wp-json\/wp\/v2\/pages\/100\/revisions"}],"predecessor-version":[{"id":101,"href":"https:\/\/www.tisaneaddict.com\/de\/wp-json\/wp\/v2\/pages\/100\/revisions\/101"}],"wp:attachment":[{"href":"https:\/\/www.tisaneaddict.com\/de\/wp-json\/wp\/v2\/media?parent=100"}],"curies":[{"name":"wp","href":"https:\/\/api.w.org\/{rel}","templated":true}]}}